{"id":10973,"date":"2021-04-05T16:49:08","date_gmt":"2021-04-05T14:49:08","guid":{"rendered":"https:\/\/na-berlin.de\/?page_id=10973"},"modified":"2025-04-03T18:46:38","modified_gmt":"2025-04-03T16:46:38","slug":"hilfe-ag","status":"publish","type":"page","link":"https:\/\/na-dev.de\/berlin\/hilfe-ag\/","title":{"rendered":"Hilfe AG"},"content":{"rendered":"<div id='av_section_1'  class='avia-section av-301sg9-96b2a6dad8c1e69e3b23127c5a6dbf71 main_color avia-section-small avia-no-border-styling  avia-builder-el-0  el_before_av_section  avia-builder-el-first  avia-bg-style-scroll container_wrap fullsize'  ><div class='container av-section-cont-open' ><main  role=\"main\" itemprop=\"mainContentOfPage\"  class='template-page content  av-content-full alpha units'><div class='post-entry post-entry-type-page post-entry-10973'><div class='entry-content-wrapper clearfix'>\n\n<style type=\"text\/css\" data-created_by=\"avia_inline_auto\" id=\"style-css-av-kqgqbi75-edb0d8d065d45a5cd709738b2ee503c9\">\n#top .av-special-heading.av-kqgqbi75-edb0d8d065d45a5cd709738b2ee503c9{\nmargin:20px 0 0 0;\npadding-bottom:0;\nfont-size:46px;\n}\nbody .av-special-heading.av-kqgqbi75-edb0d8d065d45a5cd709738b2ee503c9 .av-special-heading-tag .heading-char{\nfont-size:25px;\n}\n#top #wrap_all .av-special-heading.av-kqgqbi75-edb0d8d065d45a5cd709738b2ee503c9 .av-special-heading-tag{\nfont-size:46px;\n}\n.av-special-heading.av-kqgqbi75-edb0d8d065d45a5cd709738b2ee503c9 .av-subheading{\nfont-size:10px;\n}\n\n@media only screen and (min-width: 480px) and (max-width: 767px){ \n#top #wrap_all .av-special-heading.av-kqgqbi75-edb0d8d065d45a5cd709738b2ee503c9 .av-special-heading-tag{\nfont-size:0.8em;\n}\n}\n\n@media only screen and (max-width: 479px){ \n#top #wrap_all .av-special-heading.av-kqgqbi75-edb0d8d065d45a5cd709738b2ee503c9 .av-special-heading-tag{\nfont-size:0.8em;\n}\n}\n<\/style>\n<div  class='av-special-heading av-kqgqbi75-edb0d8d065d45a5cd709738b2ee503c9 av-special-heading-h3 blockquote modern-quote  avia-builder-el-1  el_before_av_hr  avia-builder-el-first  farbsek_1_h3_sep av-inherit-size av-linked-heading'><h3 class='av-special-heading-tag '  itemprop=\"headline\"  >Hilfe AG<\/h3><div class=\"special-heading-border\"><div class=\"special-heading-inner-border\"><\/div><\/div><\/div>\n<div  class='hr av-2b9xyx-d15ffc47bec390e733bf30e75970e3bc hr-full  avia-builder-el-2  el_after_av_heading  avia-builder-el-last  farbsek_1_h3_sep hr-no-shadow'><span class='hr-inner '><span class=\"hr-inner-style\"><\/span><\/span><\/div>\n\n<\/div><\/div><\/main><!-- close content main element --><\/div><div class='av-extra-border-element border-extra-diagonal border-extra-diagonal-inverse '><div class='av-extra-border-outer'><div class='av-extra-border-inner'><\/div><\/div><\/div><\/div><div id='av_section_2'  class='avia-section av-k7c75wbn-f79ee1c6ed017321a5a579425d69e437 main_color avia-section-small avia-no-border-styling  avia-builder-el-3  el_after_av_section  avia-builder-el-last  avia-bg-style-scroll container_wrap fullsize'  ><div class='container av-section-cont-open' ><div class='template-page content  av-content-full alpha units'><div class='post-entry post-entry-type-page post-entry-10973'><div class='entry-content-wrapper clearfix'>\n<div class='flex_column_table av-9lz6t-7ef4ffb2013ee50d98f7d0c518be176b sc-av_one_half av-equal-height-column-flextable'>\n<style type=\"text\/css\" data-created_by=\"avia_inline_auto\" id=\"style-css-av-9lz6t-7ef4ffb2013ee50d98f7d0c518be176b\">\n#top .flex_column_table.av-equal-height-column-flextable.av-9lz6t-7ef4ffb2013ee50d98f7d0c518be176b{\nmargin-top:0%;\nmargin-bottom:0%;\n}\n.flex_column.av-9lz6t-7ef4ffb2013ee50d98f7d0c518be176b{\nborder-width:3px;\nborder-style:solid;\nborder-radius:0px 0px 0px 0px;\npadding:10px 10px 10px 10px;\n}\n<\/style>\n<div  class='flex_column av-9lz6t-7ef4ffb2013ee50d98f7d0c518be176b av_one_half  avia-builder-el-4  el_before_av_two_fifth  avia-builder-el-first  dark-column lightswitch first flex_column_table_cell av-equal-height-column av-align-top  '     ><p><section  class='av_textblock_section av-kn4pl8ka-0bc2d16ce366b00f7cc660630cbfd2c1 '   itemscope=\"itemscope\" itemtype=\"https:\/\/schema.org\/CreativeWork\" ><div class='avia_textblock'  itemprop=\"text\" ><p>Unterst\u00fctzung als Betroffene von sexueller Gewalt oder anderem \u00fcbergriffigem Verhalten, egal welcher Art, erhaltet ihr bei der Hilfe-AG.<\/p>\n<p>Ihr erreicht uns per Mail unter: <a href=\"mailto:Hilfe-AG@na-berlin.de\">Hilfe-AG@na-berlin.de<\/a><\/p>\n<p>Das n\u00e4chste Treffen der Arbeitsgemeinschaft:<br \/>\n<div class=\"em em-view-container\" id=\"em-view-416510219\" data-view=\"list\">\r\n\t<div class=\"em em-list em-events-list\" id=\"em-events-list-416510219\" data-view-id=\"416510219\">\r\n\tKeine  Veranstaltungen\t<\/div>\r\n<\/div><\/p>\n<\/div><\/section><br \/>\n<section  class='av_textblock_section av-kqgqkhiv-f61732fefc21f7d58f2df34bcdf9ccfe '   itemscope=\"itemscope\" itemtype=\"https:\/\/schema.org\/CreativeWork\" ><div class='avia_textblock'  itemprop=\"text\" ><p><a href=\"http:\/\/www.na-berlin.de\/ask\" rel=\"noopener\">Hier<\/a> geht es zum Anti-Sexismus Komitee. Dort wird sich in regelm\u00e4\u00dfigen Abst\u00e4nden mit dem Thema Sexismus in NA auseinandergesetzt.<\/p>\n<p><a href=\"http:\/\/www.na-berlin.de\/ask\" rel=\"noopener\">www.na-berlin.de\/ask<\/a><\/p>\n<p>Ihr erreicht das Anti-Sexismus Komitee per Mail unter <a href=\"mailto:ASK@na-berlin.de\">ASK@na-berlin.de<\/a> oder \u00fcber das Kontaktformular<\/p>\n\n<div class=\"wpcf7 no-js\" id=\"wpcf7-f18384-o1\" lang=\"de-DE\" dir=\"ltr\" data-wpcf7-id=\"18384\">\n<div class=\"screen-reader-response\"><p role=\"status\" aria-live=\"polite\" aria-atomic=\"true\"><\/p> <ul><\/ul><\/div>\n<form action=\"\/berlin\/wp-json\/wp\/v2\/pages\/10973#wpcf7-f18384-o1\" method=\"post\" class=\"wpcf7-form init\" aria-label=\"Kontaktformular\" novalidate=\"novalidate\" data-status=\"init\">\n<fieldset class=\"hidden-fields-container\"><input type=\"hidden\" name=\"_wpcf7\" value=\"18384\" \/><input type=\"hidden\" name=\"_wpcf7_version\" value=\"6.1.5\" \/><input type=\"hidden\" name=\"_wpcf7_locale\" value=\"de_DE\" \/><input type=\"hidden\" name=\"_wpcf7_unit_tag\" value=\"wpcf7-f18384-o1\" \/><input type=\"hidden\" name=\"_wpcf7_container_post\" value=\"0\" \/><input type=\"hidden\" name=\"_wpcf7_posted_data_hash\" value=\"\" \/>\n<\/fieldset>\n<p><label> Dein Name<br \/>\n<span class=\"wpcf7-form-control-wrap\" data-name=\"your-name\"><input size=\"40\" maxlength=\"400\" class=\"wpcf7-form-control wpcf7-text wpcf7-validates-as-required\" autocomplete=\"name\" aria-required=\"true\" aria-invalid=\"false\" value=\"\" type=\"text\" name=\"your-name\" \/><\/span> <\/label>\n<\/p>\n<p><label> Deine E-Mail-Adresse<br \/>\n<span class=\"wpcf7-form-control-wrap\" data-name=\"your-email\"><input size=\"40\" maxlength=\"400\" class=\"wpcf7-form-control wpcf7-email wpcf7-validates-as-required wpcf7-text wpcf7-validates-as-email\" autocomplete=\"email\" aria-required=\"true\" aria-invalid=\"false\" value=\"\" type=\"email\" name=\"your-email\" \/><\/span> <\/label>\n<\/p>\n<p><label> Betreff<br \/>\n<span class=\"wpcf7-form-control-wrap\" data-name=\"your-subject\"><input size=\"40\" maxlength=\"400\" class=\"wpcf7-form-control wpcf7-text wpcf7-validates-as-required\" aria-required=\"true\" aria-invalid=\"false\" value=\"\" type=\"text\" name=\"your-subject\" \/><\/span> <\/label>\n<\/p>\n<p><label> Deine Nachricht (optional)<br \/>\n<span class=\"wpcf7-form-control-wrap\" data-name=\"your-message\"><textarea cols=\"40\" rows=\"10\" maxlength=\"2000\" class=\"wpcf7-form-control wpcf7-textarea\" aria-invalid=\"false\" name=\"your-message\"><\/textarea><\/span> <\/label><br \/>\n\n            <div id=\"mosparo-box-69e8861fc1540\"><\/div>\n            <script>\n                \n            if (typeof mosparoInstances === \"undefined\") {\n                var mosparoInstances = [];\n            }\n            \n            (function () {\n                let scriptEl = null;\n                if (typeof mosparo === \"undefined\") {\n                    scriptEl = document.createElement(\"script\");\n                    scriptEl.setAttribute(\"src\", \"https:\/\/mosparo.narcotics-anonymous.de\/build\/mosparo-frontend.js\");\n                    document.body.appendChild(scriptEl);\n                }\n                \n                let initializeMosparo = function (ev) {\n                    let id = \"mosparo-box-69e8861fc1540\";\n                    if (typeof mosparoInstances[id] !== \"undefined\") {\n                        return;\n                    }\n                    \n                    let mosparoFieldEl = document.getElementById(id);\n                    if (!mosparoFieldEl) {\n                        return;\n                    }\n                    \n                    let formEl = null;\n                    let el = mosparoFieldEl;\n                    while ((el = el.parentNode) && el !== document) {\n                        if (el.matches(\"form\")) {\n                            formEl = el;\n                            break;\n                        }\n                    }\n                \n                    let options = {\"loadCssResource\":true,\"cssResourceUrl\":\"https:\\\/\\\/mosparo.narcotics-anonymous.de\\\/resources\\\/2e74ef98-8ebf-432e-b5cf-2d2814427a65\\\/62b18635f832dfa8514e8fec9661a68e8fa844cc9988c9c0f4e0c34351917403.css\"};\n                    let resetMosparoField = function () {\n                        if (!mosparoInstances[id]) {\n                            return;\n                        }\n                        \n                        mosparoInstances[id].resetState();\n                        mosparoInstances[id].requestSubmitToken();\n                    };\n                    \n                    \n                    let wpcf7FormEl = null;\n                    let parentEl = mosparoFieldEl;\n                    while ((parentEl = parentEl.parentNode) && parentEl !== document) {\n                        if (parentEl.matches(\".wpcf7-form\")) {\n                            wpcf7FormEl = parentEl;\n                            break;\n                        }\n                    }\n                    \n                    if (typeof wpcf7 !== \"undefined\" && wpcf7FormEl !== null) {\n                        options.onSwitchToInvisible = function () {\n                            wpcf7.blocked = true;\n                            wpcf7FormEl.classList.add(\"wpcf7__mosparo__invisible\");\n                        };\n                        options.onCheckForm = function (result) {\n                            if (result && mosparoInstances[id].invisible) {\n                                wpcf7.blocked = false;\n                            }\n                        };\n                        \n                        if (typeof wpcf7.cached !== \"undefined\" && wpcf7.cached) {\n                            options.requestSubmitTokenOnInit = false;\n                        }\n                        \n                        wpcf7FormEl.addEventListener(\"wpcf7invalid\", function () {\n                            if (mosparoInstances[id].invisible) {\n                                wpcf7.blocked = true;\n                            }\n                            \n                            resetMosparoField();\n                        });\n                        \n                        wpcf7FormEl.addEventListener(\"wpcf7spam\", function () {\n                            if (mosparoInstances[id].invisible) {\n                                wpcf7.blocked = true;\n                            }\n                                \n                            resetMosparoField();\n                        });\n                        \n                        \/\/ Add the required logic for other wpcf7 forms without mosparo in it.\n                        document.querySelectorAll(\".wpcf7-form\").forEach(function (form) {\n                            form.addEventListener(\"submit\", function () {\n                                if (wpcf7.blocked && form.querySelectorAll(\".mosparo__container\").length === 0) {\n                                    \/\/ If this form does not contain a mosparo field, unblock the form and submit it again.\n                                    wpcf7.blocked = false; \n                                    \n                                    if (form.querySelector(\".wpcf7-submit\")) {\n                                        form.querySelector(\".wpcf7-submit\").click();\n                                    } else {\n                                        form.submit();\n                                    }\n                                }\n                            });\n                            form.addEventListener(\"wpcf7submit\", function () {\n                                if (document.querySelectorAll(\".wpcf7__mosparo__invisible\").length > 0) {\n                                    \/\/ If we have at least one form with the invisible mosparo mode, we need to block it again.\n                                    wpcf7.blocked = true;\n                                }\n                            });\n                        });\n                    }\n                \n                    \n                    mosparoInstances[id] = new mosparo(id, \"https:\/\/mosparo.narcotics-anonymous.de\", \"2e74ef98-8ebf-432e-b5cf-2d2814427a65\", \"o6QK6R4TqbjSQ1zvnLR8Ks9iedwSDiY_rE6PhVfzYVg\", options);\n                };\n                \n                if (scriptEl !== null) {\n                    scriptEl.addEventListener(\"load\", function () {\n                        initializeMosparo();\n                    });\n                } else if (document.readyState !== \"loading\") {\n                    initializeMosparo();\n                } else {\n                    document.addEventListener(\"DOMContentLoaded\", initializeMosparo);\n                }\n                document.addEventListener(\"mosparo_integration_initialize_fields\", initializeMosparo);\n                \n                \n            })();\n            <\/script><br \/>\n<input class=\"wpcf7-form-control wpcf7-submit has-spinner\" type=\"submit\" value=\"Senden\" \/>\n<\/p><div class=\"wpcf7-response-output\" aria-hidden=\"true\"><\/div>\n<\/form>\n<\/div>\n\n<\/div><\/section><\/p><\/div><div class='av-flex-placeholder'><\/div>\n<style type=\"text\/css\" data-created_by=\"avia_inline_auto\" id=\"style-css-av-9lz6t-1-16ea0df5891678c7d4869efe2a4eaeb1\">\n#top .flex_column_table.av-equal-height-column-flextable.av-9lz6t-1-16ea0df5891678c7d4869efe2a4eaeb1{\nmargin-top:0%;\nmargin-bottom:0%;\n}\n.flex_column.av-9lz6t-1-16ea0df5891678c7d4869efe2a4eaeb1{\nborder-width:3px;\nborder-style:solid;\nborder-radius:0px 0px 0px 0px;\npadding:0px 0px 0px 0px;\n}\n<\/style>\n<div  class='flex_column av-9lz6t-1-16ea0df5891678c7d4869efe2a4eaeb1 av_two_fifth  avia-builder-el-7  el_after_av_one_half  avia-builder-el-last  flex_column_table_cell av-equal-height-column av-align-top av-zero-column-padding  '     ><style type=\"text\/css\" data-created_by=\"avia_inline_auto\" id=\"style-css-av-lz14zqkp-dadddd1af0a987c8f0e751dfa3f55343\">\n.avia-image-container.av-lz14zqkp-dadddd1af0a987c8f0e751dfa3f55343 img.avia_image{\nbox-shadow:none;\n}\n.avia-image-container.av-lz14zqkp-dadddd1af0a987c8f0e751dfa3f55343 .av-image-caption-overlay-center{\ncolor:#ffffff;\n}\n<\/style>\n<div  class='avia-image-container av-lz14zqkp-dadddd1af0a987c8f0e751dfa3f55343 av-styling- avia-align-center  avia-builder-el-8  avia-builder-el-no-sibling '   itemprop=\"image\" itemscope=\"itemscope\" itemtype=\"https:\/\/schema.org\/ImageObject\" ><div class=\"avia-image-container-inner\"><div class=\"avia-image-overlay-wrap\"><img decoding=\"async\" fetchpriority=\"high\" class='wp-image-10969 avia-img-lazy-loading-not-10969 avia_image ' src=\"https:\/\/na-dev.de\/berlin\/wp-content\/uploads\/sites\/5\/2021\/02\/HILFE_AG_FINAL-1.png\" alt='' title='HILFE_AG_FINAL-1'  height=\"1166\" width=\"827\"  itemprop=\"thumbnailUrl\" srcset=\"https:\/\/na-dev.de\/berlin\/wp-content\/uploads\/sites\/5\/2021\/02\/HILFE_AG_FINAL-1.png 827w, https:\/\/na-dev.de\/berlin\/wp-content\/uploads\/sites\/5\/2021\/02\/HILFE_AG_FINAL-1-213x300.png 213w, https:\/\/na-dev.de\/berlin\/wp-content\/uploads\/sites\/5\/2021\/02\/HILFE_AG_FINAL-1-731x1030.png 731w, https:\/\/na-dev.de\/berlin\/wp-content\/uploads\/sites\/5\/2021\/02\/HILFE_AG_FINAL-1-768x1083.png 768w, https:\/\/na-dev.de\/berlin\/wp-content\/uploads\/sites\/5\/2021\/02\/HILFE_AG_FINAL-1-500x705.png 500w\" sizes=\"(max-width: 827px) 100vw, 827px\" \/><\/div><\/div><\/div><\/div><\/div><!--close column table wrapper. Autoclose: 1 -->\n","protected":false},"excerpt":{"rendered":"","protected":false},"author":13,"featured_media":0,"parent":0,"menu_order":0,"comment_status":"closed","ping_status":"closed","template":"","meta":{"footnotes":""},"class_list":["post-10973","page","type-page","status-publish","hentry"],"_links":{"self":[{"href":"https:\/\/na-dev.de\/berlin\/wp-json\/wp\/v2\/pages\/10973","targetHints":{"allow":["GET"]}}],"collection":[{"href":"https:\/\/na-dev.de\/berlin\/wp-json\/wp\/v2\/pages"}],"about":[{"href":"https:\/\/na-dev.de\/berlin\/wp-json\/wp\/v2\/types\/page"}],"author":[{"embeddable":true,"href":"https:\/\/na-dev.de\/berlin\/wp-json\/wp\/v2\/users\/13"}],"replies":[{"embeddable":true,"href":"https:\/\/na-dev.de\/berlin\/wp-json\/wp\/v2\/comments?post=10973"}],"version-history":[{"count":0,"href":"https:\/\/na-dev.de\/berlin\/wp-json\/wp\/v2\/pages\/10973\/revisions"}],"wp:attachment":[{"href":"https:\/\/na-dev.de\/berlin\/wp-json\/wp\/v2\/media?parent=10973"}],"curies":[{"name":"wp","href":"https:\/\/api.w.org\/{rel}","templated":true}]}}