{"id":14754,"date":"2023-01-21T22:59:56","date_gmt":"2023-01-21T21:59:56","guid":{"rendered":"https:\/\/na-berlin.de\/?page_id=14754"},"modified":"2023-01-30T17:03:56","modified_gmt":"2023-01-30T16:03:56","slug":"meetingslistenzaehlung","status":"publish","type":"page","link":"https:\/\/na-dev.de\/berlin\/meetingslistenzaehlung\/","title":{"rendered":"Meetingslistenz\u00e4hlung"},"content":{"rendered":"<div id='av_section_1'  class='avia-section av-301sg9-96b2a6dad8c1e69e3b23127c5a6dbf71 main_color avia-section-small avia-no-border-styling  avia-builder-el-0  el_before_av_section  avia-builder-el-first  avia-bg-style-scroll container_wrap fullsize'  ><div class='container av-section-cont-open' ><main  role=\"main\" itemprop=\"mainContentOfPage\"  class='template-page content  av-content-full alpha units'><div class='post-entry post-entry-type-page post-entry-14754'><div class='entry-content-wrapper clearfix'>\n\n<style type=\"text\/css\" data-created_by=\"avia_inline_auto\" id=\"style-css-av-kjsymmdg-571df18a9f7d9237db3c1d43236a1e8d\">\n#top .av-special-heading.av-kjsymmdg-571df18a9f7d9237db3c1d43236a1e8d{\nmargin:20px 0 0 0;\npadding-bottom:0;\nfont-size:46px;\n}\nbody .av-special-heading.av-kjsymmdg-571df18a9f7d9237db3c1d43236a1e8d .av-special-heading-tag .heading-char{\nfont-size:25px;\n}\n#top #wrap_all .av-special-heading.av-kjsymmdg-571df18a9f7d9237db3c1d43236a1e8d .av-special-heading-tag{\nfont-size:46px;\n}\n.av-special-heading.av-kjsymmdg-571df18a9f7d9237db3c1d43236a1e8d .av-subheading{\nfont-size:10px;\n}\n\n@media only screen and (min-width: 480px) and (max-width: 767px){ \n#top #wrap_all .av-special-heading.av-kjsymmdg-571df18a9f7d9237db3c1d43236a1e8d .av-special-heading-tag{\nfont-size:0.8em;\n}\n}\n\n@media only screen and (max-width: 479px){ \n#top #wrap_all .av-special-heading.av-kjsymmdg-571df18a9f7d9237db3c1d43236a1e8d .av-special-heading-tag{\nfont-size:0.8em;\n}\n}\n<\/style>\n<div  class='av-special-heading av-kjsymmdg-571df18a9f7d9237db3c1d43236a1e8d av-special-heading-h3 blockquote modern-quote  avia-builder-el-1  el_before_av_hr  avia-builder-el-first  farbsek_1_h3_sep av-inherit-size'><h3 class='av-special-heading-tag '  itemprop=\"headline\"  >Meetingslistenz\u00e4hlung<\/h3><div class=\"special-heading-border\"><div class=\"special-heading-inner-border\"><\/div><\/div><\/div>\n<div  class='hr av-2b9xyx-d15ffc47bec390e733bf30e75970e3bc hr-full  avia-builder-el-2  el_after_av_heading  avia-builder-el-last  farbsek_1_h3_sep hr-no-shadow'><span class='hr-inner '><span class=\"hr-inner-style\"><\/span><\/span><\/div>\n\n<\/div><\/div><\/main><!-- close content main element --><\/div><div class='av-extra-border-element border-extra-diagonal border-extra-diagonal-inverse '><div class='av-extra-border-outer'><div class='av-extra-border-inner'><\/div><\/div><\/div><\/div><div id='av_section_2'  class='avia-section av-k7c75wbn-f79ee1c6ed017321a5a579425d69e437 main_color avia-section-small avia-no-border-styling  avia-builder-el-3  el_after_av_section  avia-builder-el-last  avia-bg-style-scroll container_wrap fullsize'  ><div class='container av-section-cont-open' ><div class='template-page content  av-content-full alpha units'><div class='post-entry post-entry-type-page post-entry-14754'><div class='entry-content-wrapper clearfix'>\n<div class='flex_column_table av-9lz6t-a2852ca09eef70c132529d4da7553fb7 sc-av_one_half av-equal-height-column-flextable'>\n<style type=\"text\/css\" data-created_by=\"avia_inline_auto\" id=\"style-css-av-9lz6t-a2852ca09eef70c132529d4da7553fb7\">\n#top .flex_column_table.av-equal-height-column-flextable.av-9lz6t-a2852ca09eef70c132529d4da7553fb7{\nmargin-top:0%;\nmargin-bottom:0%;\n}\n.flex_column.av-9lz6t-a2852ca09eef70c132529d4da7553fb7{\nborder-width:3px;\nborder-style:solid;\nborder-radius:0px 0px 0px 0px;\npadding:10px 10px 10px 10px;\n}\n<\/style>\n<div  class='flex_column av-9lz6t-a2852ca09eef70c132529d4da7553fb7 av_one_half  avia-builder-el-4  el_before_av_one_half  avia-builder-el-first  first flex_column_table_cell av-equal-height-column av-align-top  '     ><section  class='av_textblock_section av-k7c3ratr-7f1594bcc44fc489e310ca1b76640938 '   itemscope=\"itemscope\" itemtype=\"https:\/\/schema.org\/CreativeWork\" ><div class='avia_textblock'  itemprop=\"text\" ><p>Auszug aus den Zw\u00f6lf Konzepten f\u00fcr NA-Service:<br \/>\n<em>&#8220;11. NA-Gelder m\u00fcssen daf\u00fcr benutzt werden, um unsere Hauptaufgabe zu<\/em><br \/>\n<em>f\u00f6rdern und m\u00fcssen verantwortungsvoll verwaltet werden.&#8221;<\/em><\/p>\n<p>Um diesem Konzept gerecht zu werden, m\u00f6chten wir eine gute Einsch\u00e4tzung davon gewinnen, wie viele Meetingslisten wir in gedruckter Din-A6-Form als Heft zur Verf\u00fcgung stellen m\u00fcssen, um alle Meetings unseres Gebiets zu versorgen, ohne einen zu hohen \u00dcberschuss zu produzieren.<\/p>\n<p>Im nachstehenden Block findet Ihr Tabellen, in die Ihr, rechts neben Euer Meeting, die Anzahl der monatlich ben\u00f6tigten Meetingslisten eintragen k\u00f6nnt.<\/p>\n<\/div><\/section><\/div><div class='av-flex-placeholder'><\/div>\n<style type=\"text\/css\" data-created_by=\"avia_inline_auto\" id=\"style-css-av-9lz6t-2-8e6b5178630d386ddbf4e440b6074ad1\">\n#top .flex_column_table.av-equal-height-column-flextable.av-9lz6t-2-8e6b5178630d386ddbf4e440b6074ad1{\nmargin-top:0%;\nmargin-bottom:0%;\n}\n.flex_column.av-9lz6t-2-8e6b5178630d386ddbf4e440b6074ad1{\nborder-width:3px;\nborder-style:solid;\nborder-radius:0px 0px 0px 0px;\npadding:10px 10px 10px 10px;\n}\n<\/style>\n<div  class='flex_column av-9lz6t-2-8e6b5178630d386ddbf4e440b6074ad1 av_one_half  avia-builder-el-6  el_after_av_one_half  avia-builder-el-last  flex_column_table_cell av-equal-height-column av-align-top  '     ><section  class='av_textblock_section av-k7c3ratr-1-e34ee0fd8bb73912c0f29197c4e04570 '   itemscope=\"itemscope\" itemtype=\"https:\/\/schema.org\/CreativeWork\" ><div class='avia_textblock'  itemprop=\"text\" ><p>        <div class=\"w3eden d-inline-block\"><a href=\"#\"   type=\"button\"\n                                              id=\"wpdmmodalloginbtn\" class=\"btn btn-primary\"\n                                              data-toggle=\"modal\"\n                                              data-target=\"#wpdmloginmodal\">Um Euere W\u00fcnsche einzutragen, klickt hier, um euch einzuloggen<\/a><\/div>\n        <\/p>\n<\/div><\/section><\/div><\/div><!--close column table wrapper. Autoclose: 1 -->\n","protected":false},"excerpt":{"rendered":"","protected":false},"author":13,"featured_media":0,"parent":0,"menu_order":0,"comment_status":"closed","ping_status":"closed","template":"","meta":{"footnotes":""},"class_list":["post-14754","page","type-page","status-publish","hentry"],"_links":{"self":[{"href":"https:\/\/na-dev.de\/berlin\/wp-json\/wp\/v2\/pages\/14754","targetHints":{"allow":["GET"]}}],"collection":[{"href":"https:\/\/na-dev.de\/berlin\/wp-json\/wp\/v2\/pages"}],"about":[{"href":"https:\/\/na-dev.de\/berlin\/wp-json\/wp\/v2\/types\/page"}],"author":[{"embeddable":true,"href":"https:\/\/na-dev.de\/berlin\/wp-json\/wp\/v2\/users\/13"}],"replies":[{"embeddable":true,"href":"https:\/\/na-dev.de\/berlin\/wp-json\/wp\/v2\/comments?post=14754"}],"version-history":[{"count":0,"href":"https:\/\/na-dev.de\/berlin\/wp-json\/wp\/v2\/pages\/14754\/revisions"}],"wp:attachment":[{"href":"https:\/\/na-dev.de\/berlin\/wp-json\/wp\/v2\/media?parent=14754"}],"curies":[{"name":"wp","href":"https:\/\/api.w.org\/{rel}","templated":true}]}}