{"id":4937,"date":"2020-02-10T21:35:27","date_gmt":"2020-02-10T20:35:27","guid":{"rendered":"http:\/\/multisite.narcotics-anonymous.de\/berlin\/?page_id=4937"},"modified":"2025-01-06T00:49:05","modified_gmt":"2025-01-05T23:49:05","slug":"webteam-na-berlin-de","status":"publish","type":"page","link":"https:\/\/na-dev.de\/berlin\/webteam-na-berlin-de\/","title":{"rendered":"WebTeam NA-Berlin.de"},"content":{"rendered":"<div id='av_section_1'  class='avia-section av-301sg9-96b2a6dad8c1e69e3b23127c5a6dbf71 main_color avia-section-small avia-no-border-styling  avia-builder-el-0  el_before_av_section  avia-builder-el-first  avia-bg-style-scroll container_wrap fullsize'  ><div class='container av-section-cont-open' ><main  role=\"main\" itemprop=\"mainContentOfPage\"  class='template-page content  av-content-full alpha units'><div class='post-entry post-entry-type-page post-entry-4937'><div class='entry-content-wrapper clearfix'>\n\n<style type=\"text\/css\" data-created_by=\"avia_inline_auto\" id=\"style-css-av-kjsynwl4-a1ddea4892eade13343435ac91bca786\">\n#top .av-special-heading.av-kjsynwl4-a1ddea4892eade13343435ac91bca786{\nmargin:20px 0 0 0;\npadding-bottom:0;\nfont-size:54px;\n}\nbody .av-special-heading.av-kjsynwl4-a1ddea4892eade13343435ac91bca786 .av-special-heading-tag .heading-char{\nfont-size:25px;\n}\n#top #wrap_all .av-special-heading.av-kjsynwl4-a1ddea4892eade13343435ac91bca786 .av-special-heading-tag{\nfont-size:54px;\n}\n.av-special-heading.av-kjsynwl4-a1ddea4892eade13343435ac91bca786 .av-subheading{\nfont-size:10px;\n}\n\n@media only screen and (min-width: 480px) and (max-width: 767px){ \n#top #wrap_all .av-special-heading.av-kjsynwl4-a1ddea4892eade13343435ac91bca786 .av-special-heading-tag{\nfont-size:0.8em;\n}\n}\n\n@media only screen and (max-width: 479px){ \n#top #wrap_all .av-special-heading.av-kjsynwl4-a1ddea4892eade13343435ac91bca786 .av-special-heading-tag{\nfont-size:0.8em;\n}\n}\n<\/style>\n<div  class='av-special-heading av-kjsynwl4-a1ddea4892eade13343435ac91bca786 av-special-heading-h3 blockquote modern-quote  avia-builder-el-1  el_before_av_hr  avia-builder-el-first  lightswitch-title av-inherit-size av-linked-heading'><h3 class='av-special-heading-tag '  itemprop=\"headline\"  >WebTeam<\/h3><div class=\"special-heading-border\"><div class=\"special-heading-inner-border\"><\/div><\/div><\/div>\n<div  class='hr av-2b9xyx-d15ffc47bec390e733bf30e75970e3bc hr-full  avia-builder-el-2  el_after_av_heading  avia-builder-el-last  farbsek_1_h3_sep hr-no-shadow'><span class='hr-inner '><span class=\"hr-inner-style\"><\/span><\/span><\/div>\n\n<\/div><\/div><\/main><!-- close content main element --><\/div><div class='av-extra-border-element border-extra-diagonal border-extra-diagonal-inverse '><div class='av-extra-border-outer'><div class='av-extra-border-inner'><\/div><\/div><\/div><\/div><div id='av_section_2'  class='avia-section av-k7c75wbn-f79ee1c6ed017321a5a579425d69e437 main_color avia-section-small avia-no-border-styling  avia-builder-el-3  el_after_av_section  el_before_av_section  avia-bg-style-scroll container_wrap fullsize'  ><div class='container av-section-cont-open' ><div class='template-page content  av-content-full alpha units'><div class='post-entry post-entry-type-page post-entry-4937'><div class='entry-content-wrapper clearfix'>\n<div class='flex_column_table av-9lz6t-64b78ce1b035b7f97c86ebaefd16de9b sc-av_one_half av-equal-height-column-flextable'>\n<style type=\"text\/css\" data-created_by=\"avia_inline_auto\" id=\"style-css-av-9lz6t-64b78ce1b035b7f97c86ebaefd16de9b\">\n#top .flex_column_table.av-equal-height-column-flextable.av-9lz6t-64b78ce1b035b7f97c86ebaefd16de9b{\nmargin-top:0%;\nmargin-bottom:20px;\n}\n.flex_column.av-9lz6t-64b78ce1b035b7f97c86ebaefd16de9b{\nborder-radius:0px 0px 0px 0px;\npadding:10px 10px 10px 10px;\n}\n<\/style>\n<div  class='flex_column av-9lz6t-64b78ce1b035b7f97c86ebaefd16de9b av_one_half  avia-builder-el-4  el_before_av_one_half  avia-builder-el-first  dark-column lightswitch first flex_column_table_cell av-equal-height-column av-align-top  '     ><p>\n<style type=\"text\/css\" data-created_by=\"avia_inline_auto\" id=\"style-css-av-4wx27t-045b73edb7bf819a2b9ca7806c6870c1\">\n#top .av-special-heading.av-4wx27t-045b73edb7bf819a2b9ca7806c6870c1{\npadding-bottom:10px;\n}\nbody .av-special-heading.av-4wx27t-045b73edb7bf819a2b9ca7806c6870c1 .av-special-heading-tag .heading-char{\nfont-size:25px;\n}\n.av-special-heading.av-4wx27t-045b73edb7bf819a2b9ca7806c6870c1 .av-subheading{\nfont-size:15px;\n}\n<\/style>\n<div  id=\"headline_second_level\"  class='av-special-heading av-4wx27t-045b73edb7bf819a2b9ca7806c6870c1 av-special-heading-h3 blockquote modern-quote modern-centered  avia-builder-el-5  el_before_av_textblock  avia-builder-el-first '><h3 class='av-special-heading-tag '  itemprop=\"headline\"  >Willkommen auf unserem Arbeitsplatz<\/h3><div class=\"special-heading-border\"><div class=\"special-heading-inner-border\"><\/div><\/div><\/div><br \/>\n<section  class='av_textblock_section av-kjo4e1hl-1f6dfb424253a0db1829b42fbb38c30b '   itemscope=\"itemscope\" itemtype=\"https:\/\/schema.org\/CreativeWork\" ><div class='avia_textblock'  itemprop=\"text\" ><p>Das <strong>WebTeam<\/strong> besch\u00e4ftigt sich mit der Internet-Nutzung von <strong>NA Berlin<\/strong>, unserer Web-Pr\u00e4senz, den E-Mail-Zug\u00e4ngen und Newslettern. Das WebTeam verwaltet auch die Platform, auf der unsere Online-Meetings stattfinden.<\/p>\n<p>Bitte meldet uns alle auftretenden Schwierigkeiten, am besten per E-Mail.<\/p>\n<p>Wir treffen uns regelm\u00e4\u00dfig. Jedes interessierte NA-Mitglied ist willkommen \u2013 auch ohne spezielle Internet-Kentnisse.<\/p>\n<p>Termin: Wir treffen uns an jedem 1. Donnerstag des Monats von 17:30 bis 19:00 Uhr<br \/>\nOrt: Zurzeit treffen wir uns online<\/p>\n<h4>E-Mail-Adresse<\/h4>\n<p><a title=\"webteam@na-berlin.de\" href=\"mailto:webteam@na-berlin.de\">webteam@na-berlin.de<\/a><\/p>\n<p>N\u00e4chstes Treffen:<\/p>\n<div class=\"em em-view-container\" id=\"em-view-2140577975\" data-view=\"list\">\r\n\t<div class=\"em em-list em-events-list\" id=\"em-events-list-2140577975\" data-view-id=\"2140577975\">\r\n\tKeine  Veranstaltungen\t<\/div>\r\n<\/div>\n        <div class=\"w3eden d-inline-block\"><a href=\"#\"   type=\"button\"\n                                              id=\"wpdmmodalloginbtn\" class=\"btn btn-primary\"\n                                              data-toggle=\"modal\"\n                                              data-target=\"#wpdmloginmodal\">Um die Protokolle des Komitees zu lesen, hier klicken um einzuloggen!<\/a><\/div>\n        \n<\/div><\/section><\/p><\/div><div class='av-flex-placeholder'><\/div>\n<style type=\"text\/css\" data-created_by=\"avia_inline_auto\" id=\"style-css-av-9lz6t-5-5a240411259d580fda7ed2869a7411a1\">\n#top .flex_column_table.av-equal-height-column-flextable.av-9lz6t-5-5a240411259d580fda7ed2869a7411a1{\nmargin-top:0%;\nmargin-bottom:20px;\n}\n.flex_column.av-9lz6t-5-5a240411259d580fda7ed2869a7411a1{\nborder-radius:0px 0px 0px 0px;\npadding:10px 10px 10px 10px;\n}\n<\/style>\n<div  class='flex_column av-9lz6t-5-5a240411259d580fda7ed2869a7411a1 av_one_half  avia-builder-el-7  el_after_av_one_half  avia-builder-el-last  dark-column lightswitch flex_column_table_cell av-equal-height-column av-align-top  '     ><p>\n<style type=\"text\/css\" data-created_by=\"avia_inline_auto\" id=\"style-css-av-2jgabt-d79e2f76e702cd9ce81ac41f8c040298\">\n#top .av-special-heading.av-2jgabt-d79e2f76e702cd9ce81ac41f8c040298{\npadding-bottom:10px;\n}\nbody .av-special-heading.av-2jgabt-d79e2f76e702cd9ce81ac41f8c040298 .av-special-heading-tag .heading-char{\nfont-size:25px;\n}\n.av-special-heading.av-2jgabt-d79e2f76e702cd9ce81ac41f8c040298 .av-subheading{\nfont-size:15px;\n}\n<\/style>\n<div  id=\"headline_second_level\"  class='av-special-heading av-2jgabt-d79e2f76e702cd9ce81ac41f8c040298 av-special-heading-h3 blockquote modern-quote modern-centered  avia-builder-el-8  el_before_av_textblock  avia-builder-el-first '><h3 class='av-special-heading-tag '  itemprop=\"headline\"  >Website Design und Verwaltung<\/h3><div class=\"special-heading-border\"><div class=\"special-heading-inner-border\"><\/div><\/div><\/div><br \/>\n<section  class='av_textblock_section av-kjo4flwy-f853faba644e69f1cb39ded7b13828e7 '   itemscope=\"itemscope\" itemtype=\"https:\/\/schema.org\/CreativeWork\" ><div class='avia_textblock'  itemprop=\"text\" ><p>Die Website basiert auf dem <em>Content Management System<\/em> mit dem Namen <a href=\"https:\/\/de.wordpress.org\/\" target=\"_blank\" rel=\"noopener noreferrer\"><strong>WordPress<\/strong><\/a>, welches Mehrsprachigkeit unterst\u00fctzt und erlaubt, dass die einzelnen Service-Gruppen ihre Inhalte selbst redigieren k\u00f6nnen.<\/p>\n<p><!-- (Wir kommunizieren \u00fcber dieses Forum : ) &#091;forum category=\"webteam\"&#093; --><\/p>\n<\/div><\/section><\/p><\/div><\/div><!--close column table wrapper. Autoclose: 1 -->\n\n<\/div><\/div><\/div><!-- close content main div --><\/div><\/div><div id='av_section_3'  class='avia-section av-k7c75wbn-6-9e2cd5071bdef37e0a7116b4afb2ba3c main_color avia-section-small avia-no-border-styling  avia-builder-el-10  el_after_av_section  el_before_av_section  avia-bg-style-scroll container_wrap fullsize'  ><div class='container av-section-cont-open' ><div class='template-page content  av-content-full alpha units'><div class='post-entry post-entry-type-page post-entry-4937'><div class='entry-content-wrapper clearfix'>\n<div class='flex_column_table av-9lz6t-4-6b75bcff33d696251fd601d97c0b9692 sc-av_one_half av-equal-height-column-flextable'>\n<style type=\"text\/css\" data-created_by=\"avia_inline_auto\" id=\"style-css-av-9lz6t-4-6b75bcff33d696251fd601d97c0b9692\">\n#top .flex_column_table.av-equal-height-column-flextable.av-9lz6t-4-6b75bcff33d696251fd601d97c0b9692{\nmargin-top:0%;\nmargin-bottom:10px;\n}\n.flex_column.av-9lz6t-4-6b75bcff33d696251fd601d97c0b9692{\nborder-radius:0px 0px 0px 0px;\npadding:10px 10px 10px 10px;\n}\n<\/style>\n<div  class='flex_column av-9lz6t-4-6b75bcff33d696251fd601d97c0b9692 av_one_half  avia-builder-el-11  el_before_av_one_half  avia-builder-el-first  dark-column lightswitch first flex_column_table_cell av-equal-height-column av-align-top  '     ><p>\n<style type=\"text\/css\" data-created_by=\"avia_inline_auto\" id=\"style-css-av-4l7915-2b9f9a1e4d701a52feaea37b43c55cae\">\n#top .av-special-heading.av-4l7915-2b9f9a1e4d701a52feaea37b43c55cae{\npadding-bottom:10px;\n}\nbody .av-special-heading.av-4l7915-2b9f9a1e4d701a52feaea37b43c55cae .av-special-heading-tag .heading-char{\nfont-size:25px;\n}\n.av-special-heading.av-4l7915-2b9f9a1e4d701a52feaea37b43c55cae .av-subheading{\nfont-size:15px;\n}\n<\/style>\n<div  id=\"headline_second_level\"  class='av-special-heading av-4l7915-2b9f9a1e4d701a52feaea37b43c55cae av-special-heading-h3 blockquote modern-quote modern-centered  avia-builder-el-12  el_before_av_textblock  avia-builder-el-first '><h3 class='av-special-heading-tag '  itemprop=\"headline\"  >Email und Newsletter<\/h3><div class=\"special-heading-border\"><div class=\"special-heading-inner-border\"><\/div><\/div><\/div><br \/>\n<section  class='av_textblock_section av-kjo4flwy-3-d4f672fe3c8fa8e1ae6cd799daae98dd '   itemscope=\"itemscope\" itemtype=\"https:\/\/schema.org\/CreativeWork\" ><div class='avia_textblock'  itemprop=\"text\" ><p>Das Webteam richtet f\u00fcr das Gebiet Berlin die verschiedenen Newsletter ein und administriert sie. Dar\u00fcber hinaus ist es f\u00fcr unterschiedlichen E-mail Konten verantwortlich. In besonderen F\u00e4llen kooperiert es mit dem Regionalen Internetkomitee.<\/p>\n<p><!-- (Wir kommunizieren \u00fcber dieses Forum : ) &#091;forum category=\"webteam\"&#093; --><\/p>\n<\/div><\/section><\/p><\/div><div class='av-flex-placeholder'><\/div>\n<style type=\"text\/css\" data-created_by=\"avia_inline_auto\" id=\"style-css-av-9lz6t-2-d302afdf41e8f0cfa7b35ceb4a52c92a\">\n#top .flex_column_table.av-equal-height-column-flextable.av-9lz6t-2-d302afdf41e8f0cfa7b35ceb4a52c92a{\nmargin-top:0%;\nmargin-bottom:10px;\n}\n.flex_column.av-9lz6t-2-d302afdf41e8f0cfa7b35ceb4a52c92a{\nborder-radius:0px 0px 0px 0px;\npadding:10px 10px 10px 10px;\n}\n<\/style>\n<div  class='flex_column av-9lz6t-2-d302afdf41e8f0cfa7b35ceb4a52c92a av_one_half  avia-builder-el-14  el_after_av_one_half  avia-builder-el-last  dark-column lightswitch flex_column_table_cell av-equal-height-column av-align-top  '     ><p>\n<style type=\"text\/css\" data-created_by=\"avia_inline_auto\" id=\"style-css-av-2rtut5-9466da5d985b54e5a4799e40b63437c4\">\n#top .av-special-heading.av-2rtut5-9466da5d985b54e5a4799e40b63437c4{\npadding-bottom:10px;\n}\nbody .av-special-heading.av-2rtut5-9466da5d985b54e5a4799e40b63437c4 .av-special-heading-tag .heading-char{\nfont-size:25px;\n}\n.av-special-heading.av-2rtut5-9466da5d985b54e5a4799e40b63437c4 .av-subheading{\nfont-size:15px;\n}\n<\/style>\n<div  id=\"headline_second_level\"  class='av-special-heading av-2rtut5-9466da5d985b54e5a4799e40b63437c4 av-special-heading-h3 blockquote modern-quote modern-centered  avia-builder-el-15  el_before_av_textblock  avia-builder-el-first '><h3 class='av-special-heading-tag '  itemprop=\"headline\"  >Verwaltung Zoom-Konten<\/h3><div class=\"special-heading-border\"><div class=\"special-heading-inner-border\"><\/div><\/div><\/div><br \/>\n<section  class='av_textblock_section av-kjo4flwy-1-f38fe8b469440ab64c7b2eac59d66ef4 '   itemscope=\"itemscope\" itemtype=\"https:\/\/schema.org\/CreativeWork\" ><div class='avia_textblock'  itemprop=\"text\" ><p>Die Vewaltung, Einrichtung und Administration der verschiedenen Zoom Konten ist ebenfalls Aufgabe des Webteams. Es ist f\u00fcr Sicherheitsfragen ebenso Ansprechpartner wie auch bei der Nutzung der Zoom Accounst f\u00fcr unterschiedliche Anforderungen wie Genesungs-Meetings, Servicetreffen oder Conventions. Es verwaltet die Termine des Servicekalenders.<\/p>\n<p><!-- (Wir kommunizieren \u00fcber dieses Forum : ) &#091;forum category=\"webteam\"&#093; --><\/p>\n<\/div><\/section><\/p><\/div><\/div><!--close column table wrapper. Autoclose: 1 --><\/div><\/div><\/div><!-- close content main div --><\/div><\/div>\n<style type=\"text\/css\" data-created_by=\"avia_inline_auto\" id=\"style-css-av-k7cho9o5-e5eb3ddcc77554ede4d6a904e6edf3a7\">\n.avia-section.av-k7cho9o5-e5eb3ddcc77554ede4d6a904e6edf3a7{\nmargin-top:0px;\nmargin-bottom:0px;\n}\n<\/style>\n<div id='av_section_4'  class='avia-section av-k7cho9o5-e5eb3ddcc77554ede4d6a904e6edf3a7 main_color avia-section-small avia-no-border-styling  avia-builder-el-17  el_after_av_section  avia-builder-el-last  avia-bg-style-scroll container_wrap fullsize'  ><div class='container av-section-cont-open' ><div class='template-page content  av-content-full alpha units'><div class='post-entry post-entry-type-page post-entry-4937'><div class='entry-content-wrapper clearfix'>\n<section  class='av_textblock_section av-kjr4wlw9-1dda660257bd72a36b6749be5d5c2428 '   itemscope=\"itemscope\" itemtype=\"https:\/\/schema.org\/CreativeWork\" ><div class='avia_textblock'  itemprop=\"text\" ><style>.wpdm-na-data #wpdm-all-packages  .pagination  {display:none !important;}\n                       .wpdm-na-data thead {display:none;}\n                       <\/style>\n<\/div><\/section>\n<\/p>\n","protected":false},"excerpt":{"rendered":"","protected":false},"author":2,"featured_media":0,"parent":0,"menu_order":0,"comment_status":"closed","ping_status":"closed","template":"","meta":{"footnotes":""},"class_list":["post-4937","page","type-page","status-publish","hentry"],"_links":{"self":[{"href":"https:\/\/na-dev.de\/berlin\/wp-json\/wp\/v2\/pages\/4937","targetHints":{"allow":["GET"]}}],"collection":[{"href":"https:\/\/na-dev.de\/berlin\/wp-json\/wp\/v2\/pages"}],"about":[{"href":"https:\/\/na-dev.de\/berlin\/wp-json\/wp\/v2\/types\/page"}],"author":[{"embeddable":true,"href":"https:\/\/na-dev.de\/berlin\/wp-json\/wp\/v2\/users\/2"}],"replies":[{"embeddable":true,"href":"https:\/\/na-dev.de\/berlin\/wp-json\/wp\/v2\/comments?post=4937"}],"version-history":[{"count":0,"href":"https:\/\/na-dev.de\/berlin\/wp-json\/wp\/v2\/pages\/4937\/revisions"}],"wp:attachment":[{"href":"https:\/\/na-dev.de\/berlin\/wp-json\/wp\/v2\/media?parent=4937"}],"curies":[{"name":"wp","href":"https:\/\/api.w.org\/{rel}","templated":true}]}}