{"id":6942,"date":"2020-02-11T23:00:15","date_gmt":"2020-02-11T22:00:15","guid":{"rendered":"http:\/\/multisite.narcotics-anonymous.de\/berlin\/?page_id=6942"},"modified":"2025-01-06T02:04:42","modified_gmt":"2025-01-06T01:04:42","slug":"offene-meetings","status":"publish","type":"page","link":"https:\/\/na-dev.de\/berlin\/meetings\/offene-meetings\/","title":{"rendered":"Offene Meetings"},"content":{"rendered":"<div id='av_section_1'  class='avia-section av-301sg9-3586249d3948fadc1e30c121669e54a2 main_color avia-section-small avia-no-border-styling  avia-builder-el-0  el_before_av_section  avia-builder-el-first  avia-bg-style-scroll container_wrap fullsize'  ><div class='container av-section-cont-open' ><main  role=\"main\" itemprop=\"mainContentOfPage\"  class='template-page content  av-content-full alpha units'><div class='post-entry post-entry-type-page post-entry-6942'><div class='entry-content-wrapper clearfix'>\n\n<style type=\"text\/css\" data-created_by=\"avia_inline_auto\" id=\"style-css-av-kjubhcyp-25e8247642a8d8c289a2987407cfc943\">\n#top .av-special-heading.av-kjubhcyp-25e8247642a8d8c289a2987407cfc943{\nmargin:20px 0 0 0;\npadding-bottom:0;\nfont-size:46px;\n}\nbody .av-special-heading.av-kjubhcyp-25e8247642a8d8c289a2987407cfc943 .av-special-heading-tag .heading-char{\nfont-size:25px;\n}\n#top #wrap_all .av-special-heading.av-kjubhcyp-25e8247642a8d8c289a2987407cfc943 .av-special-heading-tag{\nfont-size:46px;\n}\n.av-special-heading.av-kjubhcyp-25e8247642a8d8c289a2987407cfc943 .av-subheading{\nfont-size:10px;\n}\n\n@media only screen and (min-width: 480px) and (max-width: 767px){ \n#top #wrap_all .av-special-heading.av-kjubhcyp-25e8247642a8d8c289a2987407cfc943 .av-special-heading-tag{\nfont-size:0.8em;\n}\n}\n\n@media only screen and (max-width: 479px){ \n#top #wrap_all .av-special-heading.av-kjubhcyp-25e8247642a8d8c289a2987407cfc943 .av-special-heading-tag{\nfont-size:0.8em;\n}\n}\n<\/style>\n<div  class='av-special-heading av-kjubhcyp-25e8247642a8d8c289a2987407cfc943 av-special-heading-h3 blockquote modern-quote  avia-builder-el-1  el_before_av_hr  avia-builder-el-first  lightswitch-title av-inherit-size'><h3 class='av-special-heading-tag '  itemprop=\"headline\"  >Meetings auch f\u00fcr Nicht-S\u00fcchtige<\/h3><div class=\"special-heading-border\"><div class=\"special-heading-inner-border\"><\/div><\/div><\/div>\n<div  class='hr av-2b9xyx-d15ffc47bec390e733bf30e75970e3bc hr-full  avia-builder-el-2  el_after_av_heading  avia-builder-el-last  farbsek_1_h3_sep hr-no-shadow'><span class='hr-inner '><span class=\"hr-inner-style\"><\/span><\/span><\/div>\n<\/div><\/div><\/main><!-- close content main element --><\/div><div class='av-extra-border-element border-extra-diagonal border-extra-diagonal-inverse '><div class='av-extra-border-outer'><div class='av-extra-border-inner'><\/div><\/div><\/div><\/div>\n<style type=\"text\/css\" data-created_by=\"avia_inline_auto\" id=\"style-css-av-2uv3rt-a12420491252b50b4c561c98273c8dcd\">\n.avia-section.av-2uv3rt-a12420491252b50b4c561c98273c8dcd{\nbackground-color:#ffffff;\nbackground-image:unset;\n}\n<\/style>\n<div id='av_section_2'  class='avia-section av-2uv3rt-a12420491252b50b4c561c98273c8dcd main_color avia-section-small avia-no-border-styling  avia-builder-el-3  el_after_av_section  el_before_av_section  avia-bg-style-scroll container_wrap fullsize'  ><div class='container av-section-cont-open' ><div class='template-page content  av-content-full alpha units'><div class='post-entry post-entry-type-page post-entry-6942'><div class='entry-content-wrapper clearfix'>\n<div class='flex_column_table av-cxdavd-b26a16177b8aead0c5035ae2029e4998 sc-av_one_full av-equal-height-column-flextable'>\n<style type=\"text\/css\" data-created_by=\"avia_inline_auto\" id=\"style-css-av-cxdavd-b26a16177b8aead0c5035ae2029e4998\">\n#top .flex_column_table.av-equal-height-column-flextable.av-cxdavd-b26a16177b8aead0c5035ae2029e4998{\nmargin-top:00px;\nmargin-bottom:0px;\n}\n.flex_column.av-cxdavd-b26a16177b8aead0c5035ae2029e4998{\nborder-width:3px;\nborder-color:#dda538;\nborder-style:solid;\nborder-radius:0px 0px 0px 0px;\npadding:10px 10px 10px 10px;\n}\n<\/style>\n<div  class='flex_column av-cxdavd-b26a16177b8aead0c5035ae2029e4998 av_one_full  avia-builder-el-4  avia-builder-el-no-sibling  dark-column lightswitch first flex_column_table_cell av-equal-height-column av-align-top av-animated-generic left-to-right  '     ><div  class='togglecontainer av-kjpy5v1p-9e545d7b64e93ffa0de433e87ada06c5 av-minimal-toggle  avia-builder-el-5  avia-builder-el-no-sibling  toggle_close_all' >\n<section class='av_toggle_section av-2n5uz2-6fc865c2857aa3f593a155e0f719f17f'  itemscope=\"itemscope\" itemtype=\"https:\/\/schema.org\/CreativeWork\" ><div role=\"tablist\" class=\"single_toggle\" data-tags=\"{Alle} \"  ><p id='toggle-toggle-id-1' data-fake-id='#toggle-id-1' class='toggler  av-title-above '  itemprop=\"headline\"  role='tab' tabindex='0' aria-controls='toggle-id-1' data-slide-speed=\"200\" data-title=\"Informationen zu den Meetings\" data-title-open=\"\" data-aria_collapsed=\"Click to expand: Informationen zu den Meetings\" data-aria_expanded=\"Click to collapse: Informationen zu den Meetings\">Informationen zu den Meetings<span class=\"toggle_icon\"><span class=\"vert_icon\"><\/span><span class=\"hor_icon\"><\/span><\/span><\/p><div id='toggle-id-1' aria-labelledby='toggle-toggle-id-1' role='region' class='toggle_wrap  av-title-above'  ><div class='toggle_content invers-color '  itemprop=\"text\" ><ul>\n<li>In Meetings f\u00fcr Nicht-S\u00fcchtige sind alle Menschen willkommen, die selbst kein Suchtproblem haben, sich aber \u00fcber NA informieren wollen. Das ist der einzige Unterschied zu den regul\u00e4ren Meetings.<\/li>\n<li>Angeh\u00f6rige und Fachleute sind herzlich eingeladen, an einem Meeting teilzunehmen.<\/li>\n<li>Meetings f\u00fcr Nichts\u00fcchtige werden auch als \u201eoffene Meetings&#8221; bezeichnet.<\/li>\n<li>Alle Meetings sind Nichtraucher-Meetings.<\/li>\n<li>Wenn nicht anders angegeben, finden die Meetings auch an Feiertagen statt.<\/li>\n<li>Viele Meetings sind nur einmal im Monat offen f\u00fcr Nicht-S\u00fcchtige, deshalb ist diese Liste nach Wochen organisiert.<\/li>\n<\/ul>\n<\/div><\/div><\/div><\/section>\n<\/div><\/div><\/div><!--close column table wrapper. Autoclose: 1 -->\n<\/p>\n<\/div><\/div><\/div><!-- close content main div --><\/div><\/div><div id='av_section_3'  class='avia-section av-nl3x-3e831b480c978e75d3beed1e638cb5cd main_color avia-section-default avia-no-border-styling  avia-builder-el-6  el_after_av_section  avia-builder-el-last  avia-bg-style-scroll container_wrap fullsize'  ><div class='container av-section-cont-open' ><div class='template-page content  av-content-full alpha units'><div class='post-entry post-entry-type-page post-entry-6942'><div class='entry-content-wrapper clearfix'>\n\n<style type=\"text\/css\" data-created_by=\"avia_inline_auto\" id=\"style-css-av-lz09c76l-450950458995c793115cc29e2de0a858\">\n.flex_column.av-lz09c76l-450950458995c793115cc29e2de0a858{\npadding:15px 15px 15px 15px;\n}\n<\/style>\n<div  class='flex_column av-lz09c76l-450950458995c793115cc29e2de0a858 av_one_full  avia-builder-el-7  avia-builder-el-no-sibling  light-column first flex_column_div  '     ><section  class='av_textblock_section av-lmexqbet-e3df8b910674ccf53c288e25908da817 '   itemscope=\"itemscope\" itemtype=\"https:\/\/schema.org\/CreativeWork\" ><div class='avia_textblock'  itemprop=\"text\" >\t\t<div class=\"wpfc-calendar-wrapper\"><form class=\"wpfc-calendar\" id=\"wpfc-calendar-75155\"><\/form><div class=\"wpfc-loading\"><\/div><\/div>\r\n\t\t<div class=\"wpfc-calendar-search\" style=\"display:none;\">\r\n\t\t\t<select  name='event-tags' id='event-tags' class='wpfc-taxonomy event-tags'>\n\t<option value='0' selected='selected'>Alle Veranstaltungen Tags<\/option>\n\t<option class=\"level-0\" value=\"62\">bcvk<\/option>\n\t<option class=\"level-0\" value=\"63\">infokom<\/option>\n\t<option class=\"level-0\" value=\"64\">webteam<\/option>\n\t<option class=\"level-0\" value=\"65\">gsk<\/option>\n\t<option class=\"level-0\" value=\"114\">osj21<\/option>\n\t<option class=\"level-0\" value=\"118\">hilfeag<\/option>\n\t<option class=\"level-0\" value=\"119\">ask<\/option>\n\t<option class=\"level-0\" value=\"134\">wmarathon<\/option>\n\t<option class=\"level-0\" value=\"139\">Convention<\/option>\n\t<option class=\"level-0\" value=\"142\">activity<\/option>\n\t<option class=\"level-0\" value=\"152\">w<\/option>\n\t<option class=\"level-0\" value=\"166\">basis<\/option>\n\t<option class=\"level-0\" value=\"170\">InBasisRaum<\/option>\n\t<option class=\"level-0\" value=\"171\">Silvester Convention<\/option>\n\t<option class=\"level-0\" value=\"172\">Newcomer<\/option>\n\t<option class=\"level-0\" value=\"177\">newcomerCafe<\/option>\n<\/select>\n\t\t<\/div>\r\n\t\t<script type=\"text\/javascript\">\r\n\t\t\tWPFC.data = {\r\n\t\t\t\taction : 'WP_FullCalendar',\r\n\t\t\t\t'type' : 'event','bmlt_meetings_only' : 1,'bmlt_special_query_option' : 'OpenMeetings','contentheight' : 'auto','month' : 3,'year' : 2026,\t\t\t };\r\n\t\t\tWPFC.month = 3;\r\n\t\t\tWPFC.year = 2026;\r\n\t\t<\/script>\r\n\t\t<script type=\"text\/javascript\">var bmltCalendarDefaultView = (jQuery(window).width() < 765) ? 'listWeek' : 'month';jQuery(document).on('wpfc_fullcalendar_args', function(event,args) {args.defaultView=bmltCalendarDefaultView;args.windowResize=function(args){special=jQuery.event.special;delete special.touchstart;delete special.touchmove;delete special.wheel;delete special.mousewheel;args.calendar.optionsManager.add({'contentHeight':'auto'});args.calendar.changeView((jQuery(window).width() < 765) ? 'listWeek' : 'month')};args.eventSources.shift();args.eventSources.push({url:'https:\/\/na-dev.de\/berlin\/feed\/bmlt2Json\/?special=OpenMeetings', color: '#294372', textColor: 'white'}),args.eventRender = function(eventObj,el) {if (eventObj.hasOwnProperty('description')) {tippy(el[0], {content: eventObj.description, theme : WPFC.tippy_theme,\n\t\t\t\t\tplacement : WPFC.tippy_placement, allowHTML: true} );}  };});<\/script>\n<\/div><\/section><\/div>\n","protected":false},"excerpt":{"rendered":"","protected":false},"author":2,"featured_media":0,"parent":2,"menu_order":0,"comment_status":"closed","ping_status":"closed","template":"","meta":{"footnotes":""},"class_list":["post-6942","page","type-page","status-publish","hentry"],"_links":{"self":[{"href":"https:\/\/na-dev.de\/berlin\/wp-json\/wp\/v2\/pages\/6942","targetHints":{"allow":["GET"]}}],"collection":[{"href":"https:\/\/na-dev.de\/berlin\/wp-json\/wp\/v2\/pages"}],"about":[{"href":"https:\/\/na-dev.de\/berlin\/wp-json\/wp\/v2\/types\/page"}],"author":[{"embeddable":true,"href":"https:\/\/na-dev.de\/berlin\/wp-json\/wp\/v2\/users\/2"}],"replies":[{"embeddable":true,"href":"https:\/\/na-dev.de\/berlin\/wp-json\/wp\/v2\/comments?post=6942"}],"version-history":[{"count":0,"href":"https:\/\/na-dev.de\/berlin\/wp-json\/wp\/v2\/pages\/6942\/revisions"}],"up":[{"embeddable":true,"href":"https:\/\/na-dev.de\/berlin\/wp-json\/wp\/v2\/pages\/2"}],"wp:attachment":[{"href":"https:\/\/na-dev.de\/berlin\/wp-json\/wp\/v2\/media?parent=6942"}],"curies":[{"name":"wp","href":"https:\/\/api.w.org\/{rel}","templated":true}]}}