{"id":6976,"date":"2020-02-12T15:29:45","date_gmt":"2020-02-12T14:29:45","guid":{"rendered":"http:\/\/multisite.narcotics-anonymous.de\/berlin\/?page_id=6976"},"modified":"2025-01-10T23:43:39","modified_gmt":"2025-01-10T22:43:39","slug":"datenschutz","status":"publish","type":"page","link":"https:\/\/na-dev.de\/berlin\/kontakt\/datenschutz\/","title":{"rendered":"Datenschutz"},"content":{"rendered":"<div id='av_section_1'  class='avia-section av-301sg9-96b2a6dad8c1e69e3b23127c5a6dbf71 main_color avia-section-small avia-no-border-styling  avia-builder-el-0  el_before_av_one_full  avia-builder-el-first  avia-bg-style-scroll container_wrap fullsize'  ><div class='container av-section-cont-open' ><main  role=\"main\" itemprop=\"mainContentOfPage\"  class='template-page content  av-content-full alpha units'><div class='post-entry post-entry-type-page post-entry-6976'><div class='entry-content-wrapper clearfix'>\n\n<style type=\"text\/css\" data-created_by=\"avia_inline_auto\" id=\"style-css-av-237mio-b2061692359bbc355e8e9feb0217b695\">\n#top .av-special-heading.av-237mio-b2061692359bbc355e8e9feb0217b695{\nmargin:20px 0 0 0;\npadding-bottom:0;\nfont-size:54px;\n}\nbody .av-special-heading.av-237mio-b2061692359bbc355e8e9feb0217b695 .av-special-heading-tag .heading-char{\nfont-size:25px;\n}\n#top #wrap_all .av-special-heading.av-237mio-b2061692359bbc355e8e9feb0217b695 .av-special-heading-tag{\nfont-size:54px;\n}\n.av-special-heading.av-237mio-b2061692359bbc355e8e9feb0217b695 .av-subheading{\nfont-size:10px;\n}\n\n@media only screen and (min-width: 480px) and (max-width: 767px){ \n#top #wrap_all .av-special-heading.av-237mio-b2061692359bbc355e8e9feb0217b695 .av-special-heading-tag{\nfont-size:0.8em;\n}\n}\n\n@media only screen and (max-width: 479px){ \n#top #wrap_all .av-special-heading.av-237mio-b2061692359bbc355e8e9feb0217b695 .av-special-heading-tag{\nfont-size:0.8em;\n}\n}\n<\/style>\n<div  class='av-special-heading av-237mio-b2061692359bbc355e8e9feb0217b695 av-special-heading-h3 blockquote modern-quote  avia-builder-el-1  avia-builder-el-no-sibling  lightswitch-title av-inherit-size'><h3 class='av-special-heading-tag '  itemprop=\"headline\"  >Datenschutz\/ Datenschutzvereinbarungen<\/h3><div class=\"special-heading-border\"><div class=\"special-heading-inner-border\"><\/div><\/div><\/div>\n<\/div><\/div><\/main><!-- close content main element --><\/div><div class='av-extra-border-element border-extra-diagonal border-extra-diagonal-inverse '><div class='av-extra-border-outer'><div class='av-extra-border-inner'><\/div><\/div><\/div><\/div><div id='after_section_1'  class='main_color av_default_container_wrap container_wrap fullsize'  ><div class='container av-section-cont-open' ><div class='template-page content  av-content-full alpha units'><div class='post-entry post-entry-type-page post-entry-6976'><div class='entry-content-wrapper clearfix'>\n<div class='flex_column_table av-cxdavd-7028e35059fbec7b4f3a1f1d92d474f1 sc-av_one_full av-equal-height-column-flextable'>\n<style type=\"text\/css\" data-created_by=\"avia_inline_auto\" id=\"style-css-av-cxdavd-7028e35059fbec7b4f3a1f1d92d474f1\">\n#top .flex_column_table.av-equal-height-column-flextable.av-cxdavd-7028e35059fbec7b4f3a1f1d92d474f1{\nmargin-top:10px;\nmargin-bottom:0px;\n}\n.flex_column.av-cxdavd-7028e35059fbec7b4f3a1f1d92d474f1{\nborder-radius:0px 0px 0px 0px;\npadding:10px 10px 10px 10px;\n}\n<\/style>\n<div  class='flex_column av-cxdavd-7028e35059fbec7b4f3a1f1d92d474f1 av_one_full  avia-builder-el-2  el_after_av_section  el_before_av_section  avia-builder-el-no-sibling  dark-column lightswitch first flex_column_table_cell av-equal-height-column av-align-top av-animated-generic left-to-right  '     ><section  class='av_textblock_section av-kfe6zr0q-b795728c7cf472401a0b8d240186cf6e '   itemscope=\"itemscope\" itemtype=\"https:\/\/schema.org\/CreativeWork\" ><div class='avia_textblock'  itemprop=\"text\" ><h4>I. Name und Anschrift des Verantwortlichen f\u00fcr die Datenverarbeitung<\/h4>\n<p>Verantwortlicher im Sinne der EU-Datenschutz-Grundverordnung (DSGVO) und anderer nationaler Datenschutzgesetze der EU-Mitgliedstaaten sowie sonstiger datenschutzrechtlicher Bestimmungen ist:<\/p>\n<p>Narcotics Anonymous Service Komitee Berlin e. V.<br \/>\nvertreten durch den amtierenden Vorstand: Herr Ralf Ziebell<br \/>\nPostfach 02 99 26<br \/>\n10132 Berlin<br \/>\nDeutschland<\/p>\n<p>(im Folgenden auch: <span style=\"font-weight: 600;\">NASKB<\/span> oder <span style=\"font-weight: 600;\">wir\/uns<\/span>)<\/p>\n<p><span style=\"font-weight: 600;\">Tel:<\/span><br \/>\n0800 44 533 62<\/p>\n<p><span style=\"font-weight: 600;\"> E-Mail:<\/span><br \/>\n<a href=\"mailto:info@na-berlin.de\">info@na-berlin.de<\/a><\/p>\n<h4>II. Allgemeines zur Datenverarbeitung<\/h4>\n<h5 style=\"margin-top: 20px;\">1. Umfang der Verarbeitung personenbezogener Daten<\/h5>\n<p><span style=\"font-weight: 600;\">Anonymit\u00e4t <\/span>ist oberstes Gebot f\u00fcr NASKB, seine Mitglieder, Teilnehmer, Nutzer und Kunden. Wir erheben und verwenden personenbezogene Daten unserer Mitglieder, Teilnehmer, Nutzer und Kunden grunds\u00e4tzlich nur, soweit dies zur Bereitstellung einer funktionsf\u00e4higen Website und unserer Leistungen und zur Abwicklung der mit Ihnen geschlossenen Vertr\u00e4ge in unseren Onlineshops im Rahmen des geltenden Rechts erforderlich und erlaubt ist. Die Erhebung und Verwendung personenbezogener Daten unserer Nutzer erfolgt grunds\u00e4tzlich nur nach Einwilligung des Nutzers oder wenn die Verarbeitung der Daten durch gesetzliche Vorschriften gestattet ist.<\/p>\n<h5>2. Rechtsgrundlage f\u00fcr die Verarbeitung personenbezogener Daten<\/h5>\n<p>Soweit wir f\u00fcr Verarbeitungsvorg\u00e4nge personenbezogener Daten eine Einwilligung von Ihnen einholen, dient Art. 6 Abs. 1 lit. a EU-Datenschutzgrundverordnung (DSGVO) als Rechtsgrundlage f\u00fcr die Verarbeitung personenbezogener Daten.<\/p>\n<p>Bei der Verarbeitung von personenbezogenen Daten, die zur Erf\u00fcllung eines Vertrages, dessen Vertragspartei Sie sind, erforderlich ist, dient Art. 6 Abs. 1 lit. b DSGVO als Rechtsgrundlage. Dies gilt auch f\u00fcr Verarbeitungsvorg\u00e4nge, die zur Durchf\u00fchrung vorvertraglicher Ma\u00dfnahmen erforderlich sind.<\/p>\n<p>Soweit eine Verarbeitung personenbezogener Daten zur Erf\u00fcllung einer rechtlichen Verpflichtung erforderlich ist, der wir unterliegen, dient Art. 6 Abs. 1 lit. c DSGVO als Rechtsgrundlage.<\/p>\n<p>F\u00fcr den Fall, dass lebenswichtige Interessen einer nat\u00fcrlichen Person eine Verarbeitung personenbezogener Daten erforderlich machen, dient Art. 6 Abs. 1 lit. d DSGVO als Rechtsgrundlage.<\/p>\n<p>Ist die Verarbeitung zur Wahrung eines berechtigten Interesses unseres Unternehmens oder eines Dritten erforderlich und \u00fcberwiegen Ihre Interessen, Grundrechte und Grundfreiheiten das erstgenannte Interesse nicht, so dient Art. 6 Abs. 1 lit. f DSGVO als Rechtsgrundlage f\u00fcr die Verarbeitung.<\/p>\n<h5>3. Datenl\u00f6schung und Speicherdauer<\/h5>\n<p>Ihre personenbezogenen Daten werden gel\u00f6scht oder gesperrt, sobald der Zweck der Speicherung entf\u00e4llt oder Sie dies beantragen und keine steuerlichen oder handelsrechtlichen Aufbewahrungspflichten entgegenstehen. Eine Speicherung erfolgt dar\u00fcber hinaus dann, wenn dies durch den europ\u00e4ischen oder nationalen Gesetzgeber in unionsrechtlichen Verordnungen, Gesetzen oder sonstigen Vorschriften, denen wir unterliegen, vorgesehen wurde. Eine Sperrung oder L\u00f6schung der Daten erfolgt auch dann, wenn eine durch die genannten Normen vorgeschriebene Speicherfrist abl\u00e4uft.<\/p>\n<h4>III. Logfiles beim Besuch unserer Websites<\/h4>\n<p>(1) Beim Aufrufen unserer Websites werden &#8211; wie auch auf anderen Websites im Internet &#8211; durch den auf Ihrem Endger\u00e4t zum Einsatz kommenden Browser automatisch Informationen an den Server unseres Webhosts gesendet. Diese Informationen werden tempor\u00e4r in einem sog. Logfile gespeichert. Folgende Informationen werden dabei ohne Ihr Zutun erfasst und bis zur automatisierten L\u00f6schung von unserem Webhost\/Provider gespeichert:<\/p>\n<ul>\n<li>die IP-Adresse des anfragenden Endger\u00e4tes<\/li>\n<li>das Datum und die Uhrzeit des Aufrufens unserer Website<\/li>\n<li>der Name, URL und die Datenmenge abgerufener Dateien, die an den Nutzer \u00fcbermittelt werden<\/li>\n<li>den Zugriffsstatus, d.h., ob eine Daten\u00fcbermittlung erfolgreich war<\/li>\n<li>die Website, von der aus der Zugriff des Nutzers erfolgt<\/li>\n<li>der verwendete Browser (Version und Spracheinstellungen) und das verwendete Betriebssystem.<\/li>\n<\/ul>\n<p>Die genannten Daten werden durch unseren Webhost zu folgenden Zwecken verarbeitet:<\/p>\n<ul>\n<li>Gew\u00e4hrleistung eines reibungslosen Verbindungsaufbaus der Website,<\/li>\n<li>Gew\u00e4hrleistung einer komfortablen Nutzung unserer Website,<\/li>\n<li>Auswertung der Systemsicherheit und -stabilit\u00e4t.<\/li>\n<\/ul>\n<p>(2) Rechtsgrundlage f\u00fcr die Datenverarbeitung ist Art. 6 Abs. 1 S. 1 lit. f DSGVO. Unser berechtigtes Interesse folgt aus den oben aufgelisteten Zwecken der Datenerhebung. Grunds\u00e4tzlich verwendet unser Webhost die erhobenen Daten nicht zu dem Zweck, R\u00fcckschl\u00fcsse auf Ihre Person zu ziehen; ausgenommen sind F\u00e4lle beabsichtigter St\u00f6rungen der Funktionsf\u00e4higkeit unserer Website oder F\u00e4lle des Missbrauches unserer Dienste.<\/p>\n<p>(3) Nach Angaben unseres Webhosts werden zum Schutz vor Angriffen und zur Sicherstellung eines ordnungsgem\u00e4\u00dfen Betriebs alle Zugriffe auf unser Internet-Angebot mit der vollst\u00e4ndigen IP-Adresse vor\u00fcbergehend und zugriffsgesch\u00fctzt auf einem Sicherheitssystem (Firewall) automatisiert auf m\u00f6gliche Risiken hin analysiert.<\/p>\n<p>(4) Unser Webhost wird nur bei rechtswidrigen Angriffen oder bei Missbrauch unserer Dienste versuchen herauszufinden, welche Person hinter einer IP-Adresse steht. Ansonsten bleibt diese Information verborgen. Die Speicherung der Logfiles erfolgt f\u00fcr maximal sieben Tage. Von dieser kurzen Speicherfrist ausgenommen sind Logfiles \u00fcber rechtswidrige Zugriffe.<\/p>\n<h5>2. Nutzung von Matomo (ehemals Piwik)<\/h5>\n<p>Zum Zwecke der Analyse der Reichweite unserer Websites nutzen wir Matomo (www.matomo.org), einen Open-Source Web-Analysedienst. Im Zusammenhang mit der Nutztung von Matomo werden pseudonymisierte Nutzungsprofile erstellt und Cookies (siehe unter Ziff. 1) verwendet. Dabei werden die folgenden Daten verarbeitet:<\/p>\n<ul>\n<li>Browser-Typ\/-Version<\/li>\n<li>verwendetes Betriebssystem<\/li>\n<li>Land, von dem aus unsere Website von Ihnen aufgerufen wird<\/li>\n<li>Datum und Uhrzeit der Serveranfrage<\/li>\n<li>Anzahl der Besuche und Verweildauer auf unseren Websites<\/li>\n<li>von Ihnen bet\u00e4tigte externe Links<\/li>\n<li>anonymisierte IP-Adresse<\/li>\n<\/ul>\n<p>Die durch die Nutzung von Matomo verwendeten Cookies haben eine Speicherdauer von einer Woche. Die Informationen \u00fcber die Benutzung unserer Websites, die durch das Cookie erzeugt werden, dienen internen Analysezwecken und verbleiben unter der Kontrolle von Narcotics Anonymous (NARSK e.V.). Weitere Informationen zum Datenschutz und den Opt-Out-M\u00f6glichkeiten im Zusammenhang mit der Nutzung von Matomo finden Sie hier: <a title=\"matomo\" href=\"https:\/\/matomo.org\/privacy-policy\/\" target=\"_blank\" rel=\"noopener\">matomo<\/a><br \/>\n<iframe style=\"border: 0; height: 200px; width: 100%;\" src=\"https:\/\/narcotics-anonymous.de\/piwik\/index.php?module=CoreAdminHome&amp;action=optOut&amp;language=de&amp;backgroundColor=&amp;fontColor=&amp;fontSize=&amp;fontFamily=sans-serif\"><\/iframe><\/p>\n<h4>IV. Nutzung der Sicherheitssoftware Wordfence<\/h4>\n<h5 style=\"margin-top: 20px;\">1. Beschreibung und Umfang der Datenverarbeitung<\/h5>\n<p>Wir haben Wordfence auf dieser Website eingebunden. Anbieter ist Defiant Inc., Defiant, Inc., 800 5th Ave Ste 4100, Seattle, WA 98104, USA (nachfolgend Wordfence). Wordfence dient dem Schutz unserer Website vor unerw\u00fcnschten Zugriffen oder b\u00f6sartigen Cyberattacken.<br \/>\nWird ein Angreifer identifiziert oder vermutet, werden seine IP-Adresse und der Name mit dem er das Loginformular attakiert auf unserem Server in eine Log-Datei gespeichert. Es werden keine Daten an Dritte, auch nicht an den Wordfence-Server \u00fcbermittelt.<br \/>\nDie Datenschutzerkl\u00e4rung des Unternehmens finden Sie hier: <a title=\"wordfence\" href=\"https:\/\/www.wordfence.com\/privacy-policy\/\" target=\"_blank\" rel=\"noopener\">Wordfence<\/a><\/p>\n<h5>2. Rechtsgrundlage und Zwecke der Datenverarbeitung<\/h5>\n<p>Die Rechtsgrundlage f\u00fcr die Verarbeitung personenbezogener Daten unter Verwendung von Cookies und des angegebenen Analyse-Tools ist Art. 6 Abs. 1 lit. f DSGVO.<\/p>\n<p>Dadurch k\u00f6nnen unsere Internetseiten nutzerfreundlicher gestaltet, analysiert und optimiert werden. F\u00fcr folgende Zwecke verwenden wir Cookies und das angegebenen Analyse-Tool:<\/p>\n<ul>\n<li>Gew\u00e4hrleistung der Sicherheit unserer Internetseiten<\/li>\n<li>Statistische Analysen und Reichweitenmessung<\/li>\n<li>Optimierung unseres Online-Angebotes<\/li>\n<\/ul>\n<p>In den vorgenannten Zwecken liegt unser berechtigtes Interesse an der Verarbeitung personenbeziehbarer Daten.<\/p>\n<p>Die durch Cookies und Analyse-Tools erhobenen Nutzerdaten werden von uns nicht zur Erstellung von individualisierbaren Nutzerprofilen verwendet. Einige Funktionen unserer Internetseite k\u00f6nnen ohne den Einsatz von Cookies nicht angeboten werden. F\u00fcr diese ist es erforderlich, dass der Browser auch nach einem Seitenwechsel wiedererkannt wird.<\/p>\n<h5>3. Dauer der Speicherung, Widerspruchs- und Beseitigungsm\u00f6glichkeit<\/h5>\n<p>Cookies werden auf dem Rechner des Nutzers gespeichert und von diesem an unsere Seite \u00fcbermittelt. Daher haben Sie als Nutzer Kontrolle \u00fcber die Verwendung von Cookies. Durch eine \u00c4nderung der Einstellungen in Ihrem Internetbrowser k\u00f6nnen Sie die \u00dcbertragung von Cookies deaktivieren oder einschr\u00e4nken. Bereits gespeicherte Cookies k\u00f6nnen jederzeit gel\u00f6scht werden. Dies kann auch automatisiert erfolgen.<\/p>\n<p>Sog. Session-Cookies werden automatisch beim Schlie\u00dfen des Browsers gel\u00f6scht. Mit dem Schlie\u00dfen des Browsers wird der Session-Cookie gel\u00f6scht. Sog. \u201epersistente\u201c Cookies werden mit dem Ablauf ihres Verfallsdatums in regelm\u00e4\u00dfigen Zeitabst\u00e4nden automatisch gel\u00f6scht.<\/p>\n<p>Werden Cookies f\u00fcr unsere Website deaktiviert, k\u00f6nnen m\u00f6glicherweise nicht mehr alle Funktionen der Website vollumf\u00e4nglich genutzt werden.<\/p>\n<h4>V. Newsletterversand<\/h4>\n<h5 style=\"margin-top: 20px;\">1. Beschreibung und Umfang der Datenverarbeitung<\/h5>\n<p>Wir bieten Ihnen die M\u00f6glichkeit an, unseren kostenfreien Newsletter zu abonnieren. Dabei wird bei der Anmeldung zum Newsletter Ihr Vorname und Ihre E-Mail-Adresse aus der Eingabemaske an uns \u00fcbermittelt. F\u00fcr die Verarbeitung Ihrer E-Mail-Adresse wird im Rahmen des Anmeldevorgang Ihre Einwilligung eingeholt und auf diese Datenschutzerkl\u00e4rung verwiesen. Es erfolgt im Zusammenhang mit der Datenverarbeitung f\u00fcr den Versand von Newslettern keine Weitergabe der Daten an Dritte.<\/p>\n<p>Wenn Sie in unserem Onlineshop Artikel kaufen, Sie hierbei Ihre E-Mail-Adresse hinterlegen und uns gegen\u00fcber best\u00e4tigen, dass Sie von uns Neuigkeiten und Angebote per E-Mail erhalten m\u00f6chten, k\u00f6nnen wir Ihre E-Mail-Adresse in der Folge hierf\u00fcr verwenden. In einem solchen Fall wird an Ihre E-Mail-Adresse ausschlie\u00dflich Direktwerbung f\u00fcr eigene \u00e4hnliche Waren oder Dienstleistungen versendet.<\/p>\n<h5>2. Rechtsgrundlage f\u00fcr die Datenverarbeitung<\/h5>\n<p>Rechtsgrundlage f\u00fcr die Verarbeitung der Daten nach der Anmeldung zum Newsletter ist Ihre Einwilligung nach Art. 6 Abs. 1 lit. a DSGVO. Rechtsgrundlage f\u00fcr den Versand des Newsletters infolge von Eink\u00e4ufen in unserem Onlineshop ist \u00a7 7 Abs. 3 UWG.<\/p>\n<h5>3. Zweck der Datenverarbeitung<\/h5>\n<p>Die Erhebung Ihrer E-Mail-Adresse dient ausschlie\u00dflich dazu, Ihnen den Newsletter zustellen zu k\u00f6nnen. Die Erhebung Ihres Vornamens dient dazu, den Newsletter pers\u00f6nlich an Sie adressieren zu k\u00f6nnen.<\/p>\n<h5>4. Dauer der Speicherung<\/h5>\n<p>Die Daten werden gel\u00f6scht, sobald sie f\u00fcr die Erreichung des Zweckes ihrer Erhebung nicht mehr erforderlich sind. Die erhobenen Daten des Nutzers werden demnach solange gespeichert, wie das Abonnement des Newsletters aktiv ist und der Empf\u00e4nger dem Erhalt nicht widersprochen hat.<\/p>\n<h5>5. Widerspruchs- und Beseitigungsm\u00f6glichkeit<\/h5>\n<p>Sie k\u00f6nnen den Newsletter jederzeit ohne Angabe von Gr\u00fcnden abbestellen. Zu diesem Zweck findet sich in jedem Newsletter ein entsprechender Link.<\/p>\n<\/div><\/section><\/div><\/div><!--close column table wrapper. Autoclose: 1 -->\n<\/div><\/div><\/div><!-- close content main div --><\/div><\/div>\n<style type=\"text\/css\" data-created_by=\"avia_inline_auto\" id=\"style-css-av-2uv3rt-a12420491252b50b4c561c98273c8dcd\">\n.avia-section.av-2uv3rt-a12420491252b50b4c561c98273c8dcd{\nbackground-color:#ffffff;\nbackground-image:unset;\n}\n<\/style>\n<div id='av_section_2'  class='avia-section av-2uv3rt-a12420491252b50b4c561c98273c8dcd main_color avia-section-small avia-no-border-styling  avia-builder-el-4  el_after_av_one_full  avia-builder-el-last  avia-bg-style-scroll container_wrap fullsize'  ><div class='container av-section-cont-open' ><div class='template-page content  av-content-full alpha units'><div class='post-entry post-entry-type-page post-entry-6976'><div class='entry-content-wrapper clearfix'>\n","protected":false},"excerpt":{"rendered":"","protected":false},"author":2,"featured_media":0,"parent":6969,"menu_order":0,"comment_status":"closed","ping_status":"closed","template":"","meta":{"footnotes":""},"class_list":["post-6976","page","type-page","status-publish","hentry"],"_links":{"self":[{"href":"https:\/\/na-dev.de\/berlin\/wp-json\/wp\/v2\/pages\/6976","targetHints":{"allow":["GET"]}}],"collection":[{"href":"https:\/\/na-dev.de\/berlin\/wp-json\/wp\/v2\/pages"}],"about":[{"href":"https:\/\/na-dev.de\/berlin\/wp-json\/wp\/v2\/types\/page"}],"author":[{"embeddable":true,"href":"https:\/\/na-dev.de\/berlin\/wp-json\/wp\/v2\/users\/2"}],"replies":[{"embeddable":true,"href":"https:\/\/na-dev.de\/berlin\/wp-json\/wp\/v2\/comments?post=6976"}],"version-history":[{"count":0,"href":"https:\/\/na-dev.de\/berlin\/wp-json\/wp\/v2\/pages\/6976\/revisions"}],"up":[{"embeddable":true,"href":"https:\/\/na-dev.de\/berlin\/wp-json\/wp\/v2\/pages\/6969"}],"wp:attachment":[{"href":"https:\/\/na-dev.de\/berlin\/wp-json\/wp\/v2\/media?parent=6976"}],"curies":[{"name":"wp","href":"https:\/\/api.w.org\/{rel}","templated":true}]}}