{"id":7243,"date":"2020-02-28T00:09:54","date_gmt":"2020-02-27T23:09:54","guid":{"rendered":"http:\/\/multisite.narcotics-anonymous.de\/berlin\/?page_id=7243"},"modified":"2025-01-14T18:46:22","modified_gmt":"2025-01-14T17:46:22","slug":"links","status":"publish","type":"page","link":"https:\/\/na-dev.de\/berlin\/kontakt\/links\/","title":{"rendered":"Links"},"content":{"rendered":"<div id='av_section_1'  class='avia-section av-301sg9-96b2a6dad8c1e69e3b23127c5a6dbf71 main_color avia-section-small avia-no-border-styling  avia-builder-el-0  el_before_av_section  avia-builder-el-first  avia-bg-style-scroll container_wrap fullsize'  ><div class='container av-section-cont-open' ><main  role=\"main\" itemprop=\"mainContentOfPage\"  class='template-page content  av-content-full alpha units'><div class='post-entry post-entry-type-page post-entry-7243'><div class='entry-content-wrapper clearfix'>\n\n<style type=\"text\/css\" data-created_by=\"avia_inline_auto\" id=\"style-css-av-kjst0v59-b1be5de7601d5b3df3fe422f52a28917\">\n#top .av-special-heading.av-kjst0v59-b1be5de7601d5b3df3fe422f52a28917{\nmargin:20px 0 0 0;\npadding-bottom:0;\nfont-size:54px;\n}\nbody .av-special-heading.av-kjst0v59-b1be5de7601d5b3df3fe422f52a28917 .av-special-heading-tag .heading-char{\nfont-size:25px;\n}\n#top #wrap_all .av-special-heading.av-kjst0v59-b1be5de7601d5b3df3fe422f52a28917 .av-special-heading-tag{\nfont-size:54px;\n}\n.av-special-heading.av-kjst0v59-b1be5de7601d5b3df3fe422f52a28917 .av-subheading{\nfont-size:10px;\n}\n\n@media only screen and (min-width: 480px) and (max-width: 767px){ \n#top #wrap_all .av-special-heading.av-kjst0v59-b1be5de7601d5b3df3fe422f52a28917 .av-special-heading-tag{\nfont-size:0.8em;\n}\n}\n\n@media only screen and (max-width: 479px){ \n#top #wrap_all .av-special-heading.av-kjst0v59-b1be5de7601d5b3df3fe422f52a28917 .av-special-heading-tag{\nfont-size:0.8em;\n}\n}\n<\/style>\n<div  class='av-special-heading av-kjst0v59-b1be5de7601d5b3df3fe422f52a28917 av-special-heading-h3 blockquote modern-quote  avia-builder-el-1  el_before_av_hr  avia-builder-el-first  lightswitch-title av-inherit-size'><h3 class='av-special-heading-tag '  itemprop=\"headline\"  >Andere NA-Webseiten<\/h3><div class=\"special-heading-border\"><div class=\"special-heading-inner-border\"><\/div><\/div><\/div>\n<div  class='hr av-2b9xyx-d15ffc47bec390e733bf30e75970e3bc hr-full  avia-builder-el-2  el_after_av_heading  avia-builder-el-last  farbsek_1_h3_sep hr-no-shadow'><span class='hr-inner '><span class=\"hr-inner-style\"><\/span><\/span><\/div>\n<\/div><\/div><\/main><!-- close content main element --><\/div><div class='av-extra-border-element border-extra-diagonal border-extra-diagonal-inverse '><div class='av-extra-border-outer'><div class='av-extra-border-inner'><\/div><\/div><\/div><\/div>\n<style type=\"text\/css\" data-created_by=\"avia_inline_auto\" id=\"style-css-av-2uv3rt-a12420491252b50b4c561c98273c8dcd\">\n.avia-section.av-2uv3rt-a12420491252b50b4c561c98273c8dcd{\nbackground-color:#ffffff;\nbackground-image:unset;\n}\n<\/style>\n<div id='av_section_2'  class='avia-section av-2uv3rt-a12420491252b50b4c561c98273c8dcd main_color avia-section-small avia-no-border-styling  avia-builder-el-3  el_after_av_section  avia-builder-el-last  avia-bg-style-scroll container_wrap fullsize'  ><div class='container av-section-cont-open' ><div class='template-page content  av-content-full alpha units'><div class='post-entry post-entry-type-page post-entry-7243'><div class='entry-content-wrapper clearfix'>\n<div class='flex_column_table av-cxdavd-7028e35059fbec7b4f3a1f1d92d474f1 sc-av_one_full av-equal-height-column-flextable'>\n<style type=\"text\/css\" data-created_by=\"avia_inline_auto\" id=\"style-css-av-cxdavd-7028e35059fbec7b4f3a1f1d92d474f1\">\n#top .flex_column_table.av-equal-height-column-flextable.av-cxdavd-7028e35059fbec7b4f3a1f1d92d474f1{\nmargin-top:10px;\nmargin-bottom:0px;\n}\n.flex_column.av-cxdavd-7028e35059fbec7b4f3a1f1d92d474f1{\nborder-radius:0px 0px 0px 0px;\npadding:10px 10px 10px 10px;\n}\n<\/style>\n<div  class='flex_column av-cxdavd-7028e35059fbec7b4f3a1f1d92d474f1 av_one_full  avia-builder-el-4  avia-builder-el-no-sibling  dark-column lightswitch first flex_column_table_cell av-equal-height-column av-align-top av-animated-generic left-to-right  '     ><section  class='av_textblock_section av-1wrpyj-86409330e6bc9ebab624a782a9893ef3 '   itemscope=\"itemscope\" itemtype=\"https:\/\/schema.org\/CreativeWork\" ><div class='avia_textblock'  itemprop=\"text\" ><p>Die folgenden Links sind ein kleine Auswahl von kommentierten NA-Ressourcen im Web. Wir haben dabei nur offizielle NA-Seiten ber\u00fccksichtigt. F\u00fcr diese Seiten sind entsprechende Komitees verantwortlich.<\/p>\n<p>Wir sind jederzeit f\u00fcr Anregungen offen und freuen uns \u00fcber entsprechende <a title=\"webteam@na-berlin.de\" href=\"mailto:webteam@na-berlin.de\">E-Mails<\/a>.<\/p>\n<h2>Deutschsprachige Region<\/h2>\n<p>Auf den folgenden Webseiten findest Du Meetings, Kontaktadressen und Hinweise auf Veranstaltungen:<\/p>\n<p><a title=\"NA-Deutschsprachige Region\" href=\"http:\/\/www.narcotics-anonymous.de\/\" target=\"_blank\" rel=\"noopener\">Deutschsprachige Region<\/a>, das sind die folgenden Gebiete:<\/p>\n<p><a title=\"NA-Gebiet Ost\" href=\"http:\/\/www.na-ost.de\/\" target=\"_blank\" rel=\"noopener\">Gebiet Ost<\/a> (Sachsen, Sachsen-Anhalt, Th\u00fcringen)<br \/>\n<a title=\"NA-Gebiet Nord\" href=\"http:\/\/www.na-nord.de\/\" target=\"_blank\" rel=\"noopener\">Gebiet Nord<\/a> (Schleswig-Holstein, <a title=\"NA-Hamburg\" href=\"http:\/\/www.na-hamburg.de\/\" target=\"_blank\" rel=\"noopener\">Hamburg<\/a>, Bremen, Niedersachsen)<br \/>\n<a title=\"NA-Gebiet West\" href=\"http:\/\/www.na-west.de\/\" target=\"_blank\" rel=\"noopener\">Gebiet West<\/a> (Nordrhein-Westfalen)<br \/>\n<a title=\"NA-Gebiet Mitte\" href=\"http:\/\/www.na-mitte.de\/\" target=\"_blank\" rel=\"noopener\">Gebiet Mitte<\/a> (Hessen, Rheinland-Pfalz)<br \/>\n<a title=\"NA-Gebiet S\u00fcdwest\" href=\"http:\/\/www.na-suedwest.de\/\" target=\"_blank\" rel=\"noopener\">Gebiet S\u00fcdwest<\/a> (Baden-W\u00fcrttemberg, <a title=\"NA-Saarland\" href=\"http:\/\/www.na-saarland.de\/\" target=\"_blank\" rel=\"noopener\">Saarland<\/a>, Rheinland-Pfalz)<br \/>\n<a title=\"NA-Gebiet S\u00fcd\" href=\"http:\/\/www.na-sued.de\/\" target=\"_blank\" rel=\"noopener\">Gebiet S\u00fcd<\/a> (Stuttgart, Bayern)<br \/>\n<a title=\"NA-Gebiet \u00d6sterreich\" href=\"http:\/\/www.na-sued.de\/\" target=\"_blank\" rel=\"noopener\">Gebiet \u00d6sterreich<\/a><\/p>\n<h2>Medien, News und Infos in deutscher Sprache<\/h2>\n<p><!-- mediathek link geht momentan 20171020 nicht:\n\nDie Botschaft von Narcotics Anonymous k\u00f6nnt ihr in der <a href=\"http:\/\/www.narcotics-anonymous.de\/forum\/mediothek.html\" rel=\"noopener\">NA-MEDIOTHEK<\/a> auf verschiedenen Medientr\u00e4gern bestellen.\n\n--><\/p>\n<p><a title=\"Download Deutsche Genesungsliteratur\" href=\"http:\/\/www.na.org\/?ID=ips-ge-index\" target=\"_blank\" rel=\"noopener\">Genesungsliteratur in Deutsch<\/a><br \/>\nDu findest die wichtigsten Texte der deutschsprachigen Genesungsliteratur auf den Seiten von Narcotics Anonymous World Service (NAWS) als PDF-Download.<\/p>\n<p><a title=\"NA Way Magazin\" href=\"http:\/\/web.na.org\/?ID=naway-toc\" target=\"_blank\" rel=\"noopener\">NA WAY MAGAZIN<\/a><br \/>\nDas NA WAY MAGAZIN erscheint in mehreren Sprachen, unter anderem in Deutsch. Es enth\u00e4lt Beitr\u00e4ge von NA Mitgliedern aus der ganzen Welt. Geschrieben wird sowohl \u00fcber Genesungs- als auch \u00fcber Servicethemen.<\/p>\n<p><a title=\"NAWS News\" href=\"http:\/\/web.na.org\/?ID=reports-nawsnews-nawsmain\" target=\"_blank\" rel=\"noopener\">NAWS NEWS<\/a><br \/>\nDie NAWS NEWS h\u00e4lt NA Mitglieder \u00fcber Ereignisse aus dem Weltdienstb\u00fcro auf dem Laufenden. Wie auch das NA WAY MAGAZIN sind neuere Ausgaben als PDF Dateien abrufbar und \u00e4ltere Beitr\u00e4ge online zu lesen.<\/p>\n<h2>Europ\u00e4ische NA Seiten (in deutsch und verschiedenen europ\u00e4ischen Sprachen)<\/h2>\n<p><a title=\"European Delegates Meeting (EDM)\" href=\"http:\/\/www.edmna.org\/de\/\" target=\"_blank\" rel=\"noopener\">Europ\u00e4ische Delegierten Meeting (EDM)<\/a><br \/>\nDas Europ\u00e4ische Delegierten Meeting (EDM) ist ein Forum, in dem die NA-Gemeinschaften der Europ\u00e4ischen Zone sich regelm\u00e4\u00dfig zusammenfinden. Jede europ\u00e4ische NA-Gemeinschaft entsendet ihre gew\u00e4hlten Delegierten zu den Konferenzen.<\/p>\n<h2>Internationale NA-Seiten (in Englisch)<\/h2>\n<p><a title=\"NA World Serivces\" href=\"http:\/\/www.na.org\/\" target=\"_blank\" rel=\"noopener\">NA Welt Service (NAWS)<\/a><br \/>\nDie NAWS-Seiten bieten ein F\u00fclle von unterschiedlichen Ressourcen in englischer Sprache. Neben Informationen f\u00fcr die interessierte \u00d6ffentlichkeit und f\u00fcr Fauchleute aus dem Suchtbereich gibt es zum Beispiel Hinweise zur \u00d6ffentlichkeitsarbeit, zu Service in Krankenh\u00e4usern und Einrichtungen, Termine, eine weltweite Meetingsdatenbank, Links zu anderen internationalen NA-Seiten. Es folgt eine Auswahl der angebotenen Dienste:<\/p>\n<p><a title=\"International Meetingssearch\" href=\"https:\/\/www.na.org\/meetingsearch\/\" target=\"_blank\" rel=\"noopener\">Internationale Meetingsdatenbank<\/a><br \/>\n<a title=\"International NA Conventions\" href=\"http:\/\/webdata.na.org\/events\/\" target=\"_blank\" rel=\"noopener\">Internationale NA Conventions<\/a><br \/>\n<a title=\"NA Public Relations\" href=\"https:\/\/www.na.org\/?ID=PR2\" target=\"_blank\" rel=\"noopener\">\u00d6ffentlichkeitsarbeit<\/a><\/p>\n<\/div><\/section><\/div><\/div><!--close column table wrapper. Autoclose: 1 --><\/p>\n","protected":false},"excerpt":{"rendered":"","protected":false},"author":2,"featured_media":0,"parent":6969,"menu_order":0,"comment_status":"closed","ping_status":"closed","template":"","meta":{"footnotes":""},"class_list":["post-7243","page","type-page","status-publish","hentry"],"_links":{"self":[{"href":"https:\/\/na-dev.de\/berlin\/wp-json\/wp\/v2\/pages\/7243","targetHints":{"allow":["GET"]}}],"collection":[{"href":"https:\/\/na-dev.de\/berlin\/wp-json\/wp\/v2\/pages"}],"about":[{"href":"https:\/\/na-dev.de\/berlin\/wp-json\/wp\/v2\/types\/page"}],"author":[{"embeddable":true,"href":"https:\/\/na-dev.de\/berlin\/wp-json\/wp\/v2\/users\/2"}],"replies":[{"embeddable":true,"href":"https:\/\/na-dev.de\/berlin\/wp-json\/wp\/v2\/comments?post=7243"}],"version-history":[{"count":0,"href":"https:\/\/na-dev.de\/berlin\/wp-json\/wp\/v2\/pages\/7243\/revisions"}],"up":[{"embeddable":true,"href":"https:\/\/na-dev.de\/berlin\/wp-json\/wp\/v2\/pages\/6969"}],"wp:attachment":[{"href":"https:\/\/na-dev.de\/berlin\/wp-json\/wp\/v2\/media?parent=7243"}],"curies":[{"name":"wp","href":"https:\/\/api.w.org\/{rel}","templated":true}]}}