{"id":7549,"date":"2020-09-13T15:07:08","date_gmt":"2020-09-13T13:07:08","guid":{"rendered":"http:\/\/multisite.narcotics-anonymous.de\/berlin\/?page_id=7549"},"modified":"2025-09-30T17:09:43","modified_gmt":"2025-09-30T15:09:43","slug":"online-meetings","status":"publish","type":"page","link":"https:\/\/na-dev.de\/berlin\/meetings\/online-meetings\/","title":{"rendered":"NA Meetings &#8211; Online-Meetings"},"content":{"rendered":"<div id='av_section_1'  class='avia-section av-301sg9-96b2a6dad8c1e69e3b23127c5a6dbf71 main_color avia-section-small avia-no-border-styling  avia-builder-el-0  el_before_av_submenu  avia-builder-el-first  avia-bg-style-scroll container_wrap fullsize'  ><div class='container av-section-cont-open' ><main  role=\"main\" itemprop=\"mainContentOfPage\"  class='template-page content  av-content-full alpha units'><div class='post-entry post-entry-type-page post-entry-7549'><div class='entry-content-wrapper clearfix'>\n\n<style type=\"text\/css\" data-created_by=\"avia_inline_auto\" id=\"style-css-av-kjub7e1n-e09bfe1fe23442abce22005520744906\">\n#top .av-special-heading.av-kjub7e1n-e09bfe1fe23442abce22005520744906{\nmargin:20px 0 0 0;\npadding-bottom:0;\nfont-size:46px;\n}\nbody .av-special-heading.av-kjub7e1n-e09bfe1fe23442abce22005520744906 .av-special-heading-tag .heading-char{\nfont-size:25px;\n}\n#top #wrap_all .av-special-heading.av-kjub7e1n-e09bfe1fe23442abce22005520744906 .av-special-heading-tag{\nfont-size:46px;\n}\n.av-special-heading.av-kjub7e1n-e09bfe1fe23442abce22005520744906 .av-subheading{\nfont-size:10px;\n}\n\n@media only screen and (min-width: 480px) and (max-width: 767px){ \n#top #wrap_all .av-special-heading.av-kjub7e1n-e09bfe1fe23442abce22005520744906 .av-special-heading-tag{\nfont-size:0.8em;\n}\n}\n\n@media only screen and (max-width: 479px){ \n#top #wrap_all .av-special-heading.av-kjub7e1n-e09bfe1fe23442abce22005520744906 .av-special-heading-tag{\nfont-size:0.8em;\n}\n}\n<\/style>\n<div  class='av-special-heading av-kjub7e1n-e09bfe1fe23442abce22005520744906 av-special-heading-h3 blockquote modern-quote  avia-builder-el-1  avia-builder-el-no-sibling  lightswitch-title av-inherit-size'><h3 class='av-special-heading-tag '  itemprop=\"headline\"  >Online-Meetings<\/h3><div class=\"special-heading-border\"><div class=\"special-heading-inner-border\"><\/div><\/div><\/div>\n\n<\/div><\/div><\/main><!-- close content main element --><\/div><div class='av-extra-border-element border-extra-diagonal border-extra-diagonal-inverse '><div class='av-extra-border-outer'><div class='av-extra-border-inner'><\/div><\/div><\/div><\/div><div class='clear'><\/div><div id='sub_menu1'  class='av-submenu-container av-kf13x5al-b4189f99d6a9263a52ca0750b0218a6b main_color  avia-builder-el-2  el_after_av_section  el_before_av_section  av-sticky-submenu submenu-not-first container_wrap fullsize' style='z-index:301' ><div class='container av-menu-mobile-disabled av-submenu-pos-center'><ul id='av-custom-submenu-1' class='av-subnav-menu' role='menu'>\n<li class='menu-item av-w0f7rx-33e449ae9bc2f10f795e99ee79da290c menu-item-top-level menu-item-top-level-1' role='menuitem'><a href='https:\/\/na-dev.de\/berlin\/meetings\/praesenz-meetings\/'  ><span class='avia-bullet'><\/span><span class='avia-menu-text'>Pr\u00e4senz-Meetings<\/span><\/a><\/li>\n<li class='menu-item av-u25f8t-74f4e8604090eeb6d7aafb91fa7654c9 menu-item-top-level menu-item-top-level-2' role='menuitem'><a href='https:\/\/na-dev.de\/berlin\/meetings\/meeting-karte\/'  ><span class='avia-bullet'><\/span><span class='avia-menu-text'>Meeting-Karte<\/span><\/a><\/li>\n<li class='menu-item av-1x6qbh-beec4e5d3681be7709472726f74470f3 menu-item-top-level menu-item-top-level-3' role='menuitem'><a href='tel:+494453362'  ><span class='avia-bullet'><\/span><span class='avia-menu-text'>Hotline: 0800 445 3362<\/span><\/a><\/li>\n<\/ul><\/div><\/div><div class='sticky_placeholder'><\/div>\n\n<style type=\"text\/css\" data-created_by=\"avia_inline_auto\" id=\"style-css-av-2uv3rt-4a814ec3a49e273fa2c8c79676a88c64\">\n.avia-section.av-2uv3rt-4a814ec3a49e273fa2c8c79676a88c64{\nmargin-top:0px;\nmargin-bottom:0;\n}\n<\/style>\n<div id='av_section_2'  class='avia-section av-2uv3rt-4a814ec3a49e273fa2c8c79676a88c64 main_color avia-section-small avia-no-border-styling  avia-builder-el-3  el_after_av_submenu  el_before_av_section  avia-bg-style-scroll container_wrap fullsize'  ><div class='container av-section-cont-open' ><div class='template-page content  av-content-full alpha units'><div class='post-entry post-entry-type-page post-entry-7549'><div class='entry-content-wrapper clearfix'>\n<div class='flex_column_table av-cxdavd-7d90cc30688934d61b3263f0ac21a656 sc-av_one_full av-equal-height-column-flextable'>\n<style type=\"text\/css\" data-created_by=\"avia_inline_auto\" id=\"style-css-av-cxdavd-7d90cc30688934d61b3263f0ac21a656\">\n#top .flex_column_table.av-equal-height-column-flextable.av-cxdavd-7d90cc30688934d61b3263f0ac21a656{\nmargin-top:21px;\nmargin-bottom:0px;\n}\n.flex_column.av-cxdavd-7d90cc30688934d61b3263f0ac21a656{\nborder-radius:0px 0px 0px 0px;\npadding:10px 10px 10px 10px;\n}\n<\/style>\n<div  class='flex_column av-cxdavd-7d90cc30688934d61b3263f0ac21a656 av_one_full  avia-builder-el-4  avia-builder-el-no-sibling  dark-column lightswitch first flex_column_table_cell av-equal-height-column av-align-top  '     ><p>\n<style type=\"text\/css\" data-created_by=\"avia_inline_auto\" id=\"style-css-av-lapwb1ep-62e4c6d872b661f0dc026f48360b8a47\">\n#top .av-special-heading.av-lapwb1ep-62e4c6d872b661f0dc026f48360b8a47{\npadding-bottom:10px;\nfont-size:24px;\n}\nbody .av-special-heading.av-lapwb1ep-62e4c6d872b661f0dc026f48360b8a47 .av-special-heading-tag .heading-char{\nfont-size:25px;\n}\n#top #wrap_all .av-special-heading.av-lapwb1ep-62e4c6d872b661f0dc026f48360b8a47 .av-special-heading-tag{\nfont-size:24px;\n}\n.av-special-heading.av-lapwb1ep-62e4c6d872b661f0dc026f48360b8a47 .av-subheading{\nfont-size:15px;\n}\n\n@media only screen and (min-width: 480px) and (max-width: 767px){ \n#top #wrap_all .av-special-heading.av-lapwb1ep-62e4c6d872b661f0dc026f48360b8a47 .av-special-heading-tag{\nfont-size:0.8em;\n}\n}\n\n@media only screen and (max-width: 479px){ \n#top #wrap_all .av-special-heading.av-lapwb1ep-62e4c6d872b661f0dc026f48360b8a47 .av-special-heading-tag{\nfont-size:0.8em;\n}\n}\n<\/style>\n<div  class='av-special-heading av-lapwb1ep-62e4c6d872b661f0dc026f48360b8a47 av-special-heading-h3 blockquote modern-quote  avia-builder-el-5  el_before_av_toggle_container  avia-builder-el-first  av-inherit-size'><h3 class='av-special-heading-tag '  itemprop=\"headline\"  >Du bist als Betroffener in jedem NA-Meeting herzlich willkommen!<\/h3><div class=\"special-heading-border\"><div class=\"special-heading-inner-border\"><\/div><\/div><\/div><br \/>\n<div  class='togglecontainer av-mg6p1e5d-408a213c1886a64eb4aecbfe68b9a892 av-minimal-toggle  avia-builder-el-6  el_after_av_heading  avia-builder-el-last  toggle_close_all'  itemscope=\"itemscope\" itemtype=\"https:\/\/schema.org\/FAQPage\" >\n<section class='av_toggle_section av-av_toggle-c6fdffb755f9ab58b4ac81bcb8f94309'  itemscope=\"itemscope\" itemprop=\"mainEntity\" itemtype=\"https:\/\/schema.org\/Question\" ><div role=\"tablist\" class=\"single_toggle\" data-tags=\"{Alle} \"  ><p id='toggle-toggle-id-1' data-fake-id='#toggle-id-1' class='toggler  av-title-above '  itemprop=\"name\"  role='tab' tabindex='0' aria-controls='toggle-id-1' data-slide-speed=\"200\" data-title=\"Informationen zu den Meetings\" data-title-open=\"\" data-aria_collapsed=\"Click to expand: Informationen zu den Meetings\" data-aria_expanded=\"Click to collapse: Informationen zu den Meetings\">Informationen zu den Meetings<span class=\"toggle_icon\"><span class=\"vert_icon\"><\/span><span class=\"hor_icon\"><\/span><\/span><\/p><div id='toggle-id-1' aria-labelledby='toggle-toggle-id-1' role='region' class='toggle_wrap  av-title-above'   itemscope=\"itemscope\" itemprop=\"acceptedAnswer\" itemtype=\"https:\/\/schema.org\/Answer\" ><div class='toggle_content invers-color '  itemprop=\"text\" ><ul>\n<li>Du bist als Betroffener in allen NA-Meetings herzlich willkommen.<\/li>\n<li>Interessierte Nicht-S\u00fcchtige sind eigeladen als \u201eoffen f\u00fcr Nicht-S\u00fcchtige&#8221; gekennzeichnete Meetings zu besuchen <a title=\"Meetings f\u00fcr Nicht-S\u00fcchtige\" href=\"\/meetings\/offene-meetings\/\">\u00bb Offene Meetings<\/a>.<\/li>\n<li>Alle NA-Meetings sind Nichtraucher-Meetings.<\/li>\n<li>Wenn nicht anders angegeben, finden Meetings auch an Feiertagen statt.<\/li>\n<li>Bitte teilt uns alle \u00c4nderungen der Meetings-Daten per E-Mai<a href=\"mailto:meetingsliste@na-berlin.de\">l<\/a> mit <a title=\"Meetings\u00e4nderungen\" href=\"mailto:meetingsliste@na-berlin.de\">\u00bb Meetings\u00e4nderungen<\/a>.<\/li>\n<li>Anleitungen f\u00fcr die Zoom-App, f\u00fcr Meetings und Hosts und Sicherheitshinweise <a title=\"Anleitungen Online-Meetings\" href=\"https:\/\/na-berlin.de\/zoom-hilfe\/\" rel=\"noopener\">\u00bb Anleitungen Online-Meetings<\/a><\/li>\n<li>An unseren Online-Meetings kannst du auch per Telefoneinwahl teilnehmen. dieTelefonnummer lautet +49 6950 500 952. Bei der Einwahl werden noch Code und Passwort abgefragt, die du in dem Feld unter &#8220;zum Video-Meeting&#8221; findest.<\/li>\n<\/ul>\n<\/div><\/div><\/div><\/section>\n<section class='av_toggle_section av-mg6p1d01-150825486e9e521fc083eea83c789634'  itemscope=\"itemscope\" itemprop=\"mainEntity\" itemtype=\"https:\/\/schema.org\/Question\" ><div role=\"tablist\" class=\"single_toggle\" data-tags=\"{Alle} \"  ><p id='toggle-toggle-id-2' data-fake-id='#toggle-id-2' class='toggler  av-title-above '  itemprop=\"name\"  role='tab' tabindex='0' aria-controls='toggle-id-2' data-slide-speed=\"200\" data-title=\"7. Tradition per \u00dcberweisung | Paypal\" data-title-open=\"\" data-aria_collapsed=\"Click to expand: 7. Tradition per \u00dcberweisung | Paypal\" data-aria_expanded=\"Click to collapse: 7. Tradition per \u00dcberweisung | Paypal\">7. Tradition per \u00dcberweisung | Paypal<span class=\"toggle_icon\"><span class=\"vert_icon\"><\/span><span class=\"hor_icon\"><\/span><\/span><\/p><div id='toggle-id-2' aria-labelledby='toggle-toggle-id-2' role='region' class='toggle_wrap  av-title-above'   itemscope=\"itemscope\" itemprop=\"acceptedAnswer\" itemtype=\"https:\/\/schema.org\/Answer\" ><div class='toggle_content invers-color '  itemprop=\"text\" ><ul>\n<li><strong>7. Tradition per \u00dcberweisung<\/strong><strong><br \/>\n<\/strong>Konto: NASKB e.V.<br \/>\nBank: Postbank Berlin<br \/>\nIBAN: DE71 1001 0010 0470 9881 09<br \/>\nBIC (Swift): PBNK DEFF<\/li>\n<li><strong>7. Tradition per Paypal<\/strong><br \/>\n<div  class='avia-button-wrap av-av_button-2a3a5c262cd2d8c4773e07bf96cb82a7-wrap avia-button-left  avia-builder-el-7  avia-builder-el-no-sibling '><a href=\"https:\/\/www.paypal.com\/donate\/?hosted_button_id=6XG54C6GCWRCU\" class=\"avia-button av-av_button-2a3a5c262cd2d8c4773e07bf96cb82a7 av-link-btn avia-icon_select-yes-right-icon avia-size-small avia-position-left avia-color-theme-color\" target=\"_blank\" rel=\"noopener noreferrer\" aria-label=\"7. Tradition \u00fcber PayPal\"><span class='avia_iconbox_title' >7. Tradition \u00fcber PayPal<\/span><span class='avia_button_icon avia_button_icon_right avia-iconfont avia-font-entypo-fontello' data-av_icon='\ue835' data-av_iconfont='entypo-fontello' ><\/span><\/a><\/div><br \/>\noder<br \/>\npaypal@na-berlin.de<br \/>\n<img loading=\"lazy\" decoding=\"async\" class=\"alignnone wp-image-13603 size-square\" src=\"https:\/\/na-berlin.de\/wp-content\/uploads\/sites\/5\/2022\/03\/na_paypal_qr-180x180.png\" alt=\"\" width=\"180\" height=\"180\" srcset=\"https:\/\/na-dev.de\/berlin\/wp-content\/uploads\/sites\/5\/2022\/03\/na_paypal_qr-180x180.png 180w, https:\/\/na-dev.de\/berlin\/wp-content\/uploads\/sites\/5\/2022\/03\/na_paypal_qr-80x80.png 80w, https:\/\/na-dev.de\/berlin\/wp-content\/uploads\/sites\/5\/2022\/03\/na_paypal_qr-36x36.png 36w\" sizes=\"auto, (max-width: 180px) 100vw, 180px\" \/><\/li>\n<\/ul>\n<div class=\"sms-text\"><\/div>\n<\/div><\/div><\/div><\/section>\n<section class='av_toggle_section av-av_toggle-996327e50bc622682bdbd89a7db795b9'  itemscope=\"itemscope\" itemprop=\"mainEntity\" itemtype=\"https:\/\/schema.org\/Question\" ><div role=\"tablist\" class=\"single_toggle\" data-tags=\"{Alle} \"  ><p id='toggle-toggle-id-3' data-fake-id='#toggle-id-3' class='toggler  av-title-above '  itemprop=\"name\"  role='tab' tabindex='0' aria-controls='toggle-id-3' data-slide-speed=\"200\" data-title=\"Schwierigkeiten in Zusammenhang mit NA?\" data-title-open=\"\" data-aria_collapsed=\"Click to expand: Schwierigkeiten in Zusammenhang mit NA?\" data-aria_expanded=\"Click to collapse: Schwierigkeiten in Zusammenhang mit NA?\">Schwierigkeiten in Zusammenhang mit NA?<span class=\"toggle_icon\"><span class=\"vert_icon\"><\/span><span class=\"hor_icon\"><\/span><\/span><\/p><div id='toggle-id-3' aria-labelledby='toggle-toggle-id-3' role='region' class='toggle_wrap  av-title-above'   itemscope=\"itemscope\" itemprop=\"acceptedAnswer\" itemtype=\"https:\/\/schema.org\/Answer\" ><div class='toggle_content invers-color '  itemprop=\"text\" ><div dir=\"auto\">\n<div dir=\"auto\">HilfeAG@na-berlin.de<\/div>\n<div dir=\"auto\">Wenn du irgendeine Schwierigkeit im Zusammenhang mit NA hast, kannst du dich vertrauensvoll an uns wenden und wir werden dich unterst\u00fctzen.<\/div>\n<div dir=\"auto\"><a href=\"https:\/\/na-berlin.de\/wp-content\/uploads\/sites\/5\/2021\/05\/HILFE_AG_FINAL.pdf\" target=\"_blank\" rel=\"noopener\">Download Flyer Hilfe AG<\/a><\/div>\n<\/div>\n<div dir=\"auto\"><\/div>\n<\/div><\/div><\/div><\/section>\n<\/div><\/p><\/div><\/div><!--close column table wrapper. Autoclose: 1 --><\/div><\/div><\/div><!-- close content main div --><\/div><\/div><div id='av_section_3'  class='avia-section av-nl3x-3e831b480c978e75d3beed1e638cb5cd main_color avia-section-default avia-no-border-styling  avia-builder-el-8  el_after_av_section  el_before_av_section  avia-bg-style-scroll container_wrap fullsize'  ><div class='container av-section-cont-open' ><div class='template-page content  av-content-full alpha units'><div class='post-entry post-entry-type-page post-entry-7549'><div class='entry-content-wrapper clearfix'>\n\n<style type=\"text\/css\" data-created_by=\"avia_inline_auto\" id=\"style-css-av-lz05l0tk-df3a4d85308a10b0a48e8a2457653d25\">\n#top .flex_column.av-lz05l0tk-df3a4d85308a10b0a48e8a2457653d25{\nmargin-top:15px;\nmargin-bottom:0px;\n}\n.responsive #top #wrap_all .flex_column.av-lz05l0tk-df3a4d85308a10b0a48e8a2457653d25{\nmargin-top:15px;\nmargin-bottom:0px;\n}\n<\/style>\n<div  class='flex_column av-lz05l0tk-df3a4d85308a10b0a48e8a2457653d25 av_one_full  avia-builder-el-9  avia-builder-el-no-sibling  dark-column lightswitch first flex_column_div  '     ><p><br \/>\n<section  class='av_textblock_section av-kod3bc7s-75a4b9920d5661a067f1e3c5e8a1d307 '   itemscope=\"itemscope\" itemtype=\"https:\/\/schema.org\/CreativeWork\" ><div class='avia_textblock'  itemprop=\"text\" ><p style=\"text-align: center\">\u00c4nderungen bzgl. Meetings bitte an <a href=\"mailto:meetingsliste@na-berlin.de\">meetingsliste@na-berlin.de<\/a><\/p>\n<\/div><\/section><\/p><\/div>\n<\/p>\n<\/div><\/div><\/div><!-- close content main div --><\/div><\/div><div id='av_section_4'  class='avia-section av-nl3x-2-e8d88a801ee4c41a6918066afa1466ce header_color avia-section-default avia-no-border-styling  avia-builder-el-12  el_after_av_section  el_before_av_section  avia-bg-style-scroll container_wrap fullsize'  ><div class='container av-section-cont-open' ><div class='template-page content  av-content-full alpha units'><div class='post-entry post-entry-type-page post-entry-7549'><div class='entry-content-wrapper clearfix'>\n\n<style type=\"text\/css\" data-created_by=\"avia_inline_auto\" id=\"style-css-av-5ndg-5cf26d3a71f9a5dfb60e22d79eaef6af\">\n.flex_column.av-5ndg-5cf26d3a71f9a5dfb60e22d79eaef6af{\nborder-radius:0px 0px 0px 0px;\npadding:0px 0px 0px 0px;\n}\n<\/style>\n<div  class='flex_column av-5ndg-5cf26d3a71f9a5dfb60e22d79eaef6af av_one_half  avia-builder-el-13  el_before_av_one_half  avia-builder-el-first  first flex_column_div av-zero-column-padding  '     ><div  class='avia-button-wrap av-jyhgbj34-217b6fc041dee39158e1cb49817f188e-wrap avia-button-right  avia-builder-el-14  avia-builder-el-no-sibling  button_meetings_pdf'><a href=\"https:\/\/na-berlin.de\/?current-meeting-list=15\" class=\"avia-button av-jyhgbj34-217b6fc041dee39158e1cb49817f188e av-link-btn avia-icon_select-yes-left-icon avia-size-large avia-position-right avia-color-theme-color\" target=\"_blank\" rel=\"noopener noreferrer\" aria-label=\"Pr\u00e4senz Meetingsliste als PDF\"><span class='avia_button_icon avia_button_icon_left avia-iconfont avia-font-entypo-fontello' data-av_icon='\ue82d' data-av_iconfont='entypo-fontello' ><\/span><span class='avia_iconbox_title' >Pr\u00e4senz Meetingsliste als PDF<\/span><\/a><\/div><\/div>\n<style type=\"text\/css\" data-created_by=\"avia_inline_auto\" id=\"style-css-av-3s8s-f77396534f5587fa9e1e3b6d3f1a653b\">\n.flex_column.av-3s8s-f77396534f5587fa9e1e3b6d3f1a653b{\nborder-radius:0px 0px 0px 0px;\npadding:0px 0px 0px 0px;\n}\n<\/style>\n<div  class='flex_column av-3s8s-f77396534f5587fa9e1e3b6d3f1a653b av_one_half  avia-builder-el-15  el_after_av_one_half  avia-builder-el-last  flex_column_div av-zero-column-padding  '     ><div  class='avia-button-wrap av-jyhgbj34-1-b98fa0f9552f3fd397bbd26888647c84-wrap avia-button-left  avia-builder-el-16  avia-builder-el-no-sibling  button_meetings_liste'><a href=\"https:\/\/na-berlin.de\/?current-meeting-list=6\" class=\"avia-button av-jyhgbj34-1-b98fa0f9552f3fd397bbd26888647c84 av-link-btn avia-icon_select-yes-left-icon avia-size-large avia-position-left avia-color-theme-color\" target=\"_blank\" rel=\"noopener noreferrer\" aria-label=\"Online Meetinglist als PDF\"><span class='avia_button_icon avia_button_icon_left avia-iconfont avia-font-entypo-fontello' data-av_icon='\ue82d' data-av_iconfont='entypo-fontello' ><\/span><span class='avia_iconbox_title' >Online Meetinglist als PDF<\/span><\/a><\/div><\/div>\n\n<\/div><\/div><\/div><!-- close content main div --><\/div><\/div><div id='av_section_5' aria-label='&lt;a name=&quot;offenes_meeting&quot;&gt;&lt;\/a&gt;' class='avia-section av-2uv3rt-4-07dc07eac9eca9a308a3ad8edf3c2da5 main_color avia-section-small avia-no-border-styling  avia-builder-el-17  el_after_av_section  avia-builder-el-last  avia-bg-style-scroll container_wrap fullsize'  ><div class='container av-section-cont-open' ><div class='template-page content  av-content-full alpha units'><div class='post-entry post-entry-type-page post-entry-7549'><div class='entry-content-wrapper clearfix'>\n<div class='flex_column_table av-cxdavd-3-9f3de7c75b7a713351715208afc08f95 sc-av_one_full av-equal-height-column-flextable'>\n<style type=\"text\/css\" data-created_by=\"avia_inline_auto\" id=\"style-css-av-cxdavd-3-9f3de7c75b7a713351715208afc08f95\">\n#top .flex_column_table.av-equal-height-column-flextable.av-cxdavd-3-9f3de7c75b7a713351715208afc08f95{\nmargin-top:0px;\nmargin-bottom:0px;\n}\n.flex_column.av-cxdavd-3-9f3de7c75b7a713351715208afc08f95{\nborder-radius:0px 0px 0px 0px;\npadding:10px 10px 10px 10px;\n}\n<\/style>\n<div  class='flex_column av-cxdavd-3-9f3de7c75b7a713351715208afc08f95 av_one_full  avia-builder-el-18  avia-builder-el-no-sibling  dark-column lightswitch first flex_column_table_cell av-equal-height-column av-align-top av-animated-generic left-to-right  '     ><p>\n<style type=\"text\/css\" data-created_by=\"avia_inline_auto\" id=\"style-css-av-2v1v7h-6a6e59c043ca48e805b432c23626dc05\">\n#top .av-special-heading.av-2v1v7h-6a6e59c043ca48e805b432c23626dc05{\nmargin:0 0 0 0;\npadding-bottom:10px;\nfont-size:24px;\n}\nbody .av-special-heading.av-2v1v7h-6a6e59c043ca48e805b432c23626dc05 .av-special-heading-tag .heading-char{\nfont-size:25px;\n}\n#top #wrap_all .av-special-heading.av-2v1v7h-6a6e59c043ca48e805b432c23626dc05 .av-special-heading-tag{\nfont-size:24px;\n}\n.av-special-heading.av-2v1v7h-6a6e59c043ca48e805b432c23626dc05 .av-subheading{\nfont-size:10px;\n}\n\n@media only screen and (min-width: 768px) and (max-width: 989px){ \n#top #wrap_all .av-special-heading.av-2v1v7h-6a6e59c043ca48e805b432c23626dc05 .av-special-heading-tag{\nfont-size:28px;\n}\n.av-special-heading.av-2v1v7h-6a6e59c043ca48e805b432c23626dc05 .av-subheading{\nfont-size:20px;\n}\n}\n\n@media only screen and (min-width: 480px) and (max-width: 767px){ \n#top #wrap_all .av-special-heading.av-2v1v7h-6a6e59c043ca48e805b432c23626dc05 .av-special-heading-tag{\nfont-size:24px;\n}\n.av-special-heading.av-2v1v7h-6a6e59c043ca48e805b432c23626dc05 .av-subheading{\nfont-size:16px;\n}\n}\n\n@media only screen and (max-width: 479px){ \n#top #wrap_all .av-special-heading.av-2v1v7h-6a6e59c043ca48e805b432c23626dc05 .av-special-heading-tag{\nfont-size:20px;\n}\n.av-special-heading.av-2v1v7h-6a6e59c043ca48e805b432c23626dc05 .av-subheading{\nfont-size:12px;\n}\n}\n<\/style>\n<div  id=\"headline_second_level\"  class='av-special-heading av-2v1v7h-6a6e59c043ca48e805b432c23626dc05 av-special-heading-h3 blockquote modern-quote modern-centered  avia-builder-el-19  el_before_av_textblock  avia-builder-el-first  av-inherit-size av-linked-heading'><h3 class='av-special-heading-tag '  itemprop=\"headline\"  ><a class=\"av-heading-link\" href=\"https:\/\/na-dev.de\/berlin\/portfolio-item\/dein-1-na-meeting\/\">Anmeldung zum Meetings-Newsletter<\/a><\/h3><div class=\"special-heading-border\"><div class=\"special-heading-inner-border\"><\/div><\/div><\/div><br \/>\n<section  class='av_textblock_section av-k1qvc59v-29619e8feaec4a50453c49b87f473ff1 '   itemscope=\"itemscope\" itemtype=\"https:\/\/schema.org\/CreativeWork\" ><div class='avia_textblock'  itemprop=\"text\" ><p>Mit dem Eintrag in den Meetings-Newsletter erh\u00e4lst du Informationen \u00fcber neue, geschlossene oder umgezogene Meetings, ge\u00e4nderte Zeiten usw.<\/p>\n<script src=\"https:\/\/narcotics-anonymous.de\/swmn\/captcha\/captcha\/captcha.php\"><\/script>\n<form method=\"post\" action=\"https:\/\/narcotics-anonymous.de\/swmn\/nl.php\">\n<input type=\"hidden\" name=\"MailingListId\" value=\"16\" \/>\n<input type=\"hidden\" name=\"FormId\" value=\"1\" \/>\n<input type=\"hidden\" name=\"FormEncoding\" value=\"iso-8859-1\" \/>\n<input type=\"hidden\" name=\"Action\" value=\"subscribe\" \/>\n<br \/>\n<table cellspacing=\"0\" cellpadding=\"0\" border=\"0\" id=\"swm_anmeldung_table\">\n<tbody>\n<tr>\n<td style=\"border:0px;\">\n<label for=\"u_EMail\">\nE-Mail-Adresse<\/label>\n&nbsp;* <\/td>\n<td style=\"border:0px;\">\n<input type=\"text\" name=\"u_EMail\" size=\"50\" maxlength=\"255\" id=\"u_EMail\" \/>\n<\/td>\n<\/tr>\n\t<tr>\n<td style=\"vertical-align:top; border:0px;\">\nGeben Sie die Zeichenkette, wie im nachfolgenden Feld angezeigt, ein (Spam-Schutz)*\n<\/td>\n<td style=\"border:0px;\">\n\n<input type=\"text\" name=\"user_captcha_string\" \/>\n<img decoding=\"async\" src=\"https:\/\/narcotics-anonymous.de\/swmn\/captcha\/captcha\/image.php\" id=\"captcha_internal\" alt=\"Captcha\" \/>\n<a href=\"javascript:refreshCaptcha();\" title=\"Captcha nicht lesbar?\" style=\"text-decoration: none;font-weight: bolder;font-size: 1.2em;\">\n&#10227;<\/a>\n\n<\/td>\n<\/tr>\n<tr>\n<td style=\"border:0px;\" colspan=\"2\" >\n<span>\n<br \/>\nMit Angabe meiner Daten und Absenden der Anmeldung erkl&auml;re ich mich einverstanden, den hier bestellten Newsletter per E-Mail zu erhalten. Meine Daten werden nicht an Dritte weitergegeben. Dieses Einverst&auml;ndnis kann ich jederzeit widerrufen. Weitere ausf&uuml;hrliche Informationen in der\n<a href=\"https:\/\/narcotics-anonymous.de\/datenschutzerklaerung\/\" target=\"_blank\" rel=\"noopener\">\nDatenschutzerkl&auml;rung<\/a>\n<br \/>\n<input type=\"checkbox\" name=\"PrivacyPolicyAccepted\" id=\"PrivacyPolicyAccepted\" value=\"1\" \/>\n<label for=\"PrivacyPolicyAccepted\">\n&nbsp;Ich akzeptiere die <a href=\"https:\/\/narcotics-anonymous.de\/datenschutzerklaerung\/\" target=\"_blank\" rel=\"noopener\">\nDatenschutzerkl&auml;rung.<\/a>\n&nbsp;*<\/label>\n<br \/>\n<\/span>\n<\/td>\n<\/tr>\n<tr>\n<td style=\"border:0px;\" colspan=\"2\" >\n<input type=\"submit\" value=\"Absenden\" \/>\n<\/td>\n<\/tr>\n<tr>\n<td colspan=\"2\">\n&nbsp;\n<\/td>\n<\/tr>\n<tr>\n<td style=\"border:0px;\" colspan=\"2\">\nAngaben mit * sind Pflichtangaben. <\/td>\n<\/tr>\n<\/tbody>\n<\/table>\n<\/form>\n\n<\/div><\/section><\/p><\/div><\/div><!--close column table wrapper. Autoclose: 1 -->\n\n","protected":false},"excerpt":{"rendered":"","protected":false},"author":2,"featured_media":0,"parent":2,"menu_order":0,"comment_status":"closed","ping_status":"closed","template":"","meta":{"footnotes":""},"class_list":["post-7549","page","type-page","status-publish","hentry"],"_links":{"self":[{"href":"https:\/\/na-dev.de\/berlin\/wp-json\/wp\/v2\/pages\/7549","targetHints":{"allow":["GET"]}}],"collection":[{"href":"https:\/\/na-dev.de\/berlin\/wp-json\/wp\/v2\/pages"}],"about":[{"href":"https:\/\/na-dev.de\/berlin\/wp-json\/wp\/v2\/types\/page"}],"author":[{"embeddable":true,"href":"https:\/\/na-dev.de\/berlin\/wp-json\/wp\/v2\/users\/2"}],"replies":[{"embeddable":true,"href":"https:\/\/na-dev.de\/berlin\/wp-json\/wp\/v2\/comments?post=7549"}],"version-history":[{"count":0,"href":"https:\/\/na-dev.de\/berlin\/wp-json\/wp\/v2\/pages\/7549\/revisions"}],"up":[{"embeddable":true,"href":"https:\/\/na-dev.de\/berlin\/wp-json\/wp\/v2\/pages\/2"}],"wp:attachment":[{"href":"https:\/\/na-dev.de\/berlin\/wp-json\/wp\/v2\/media?parent=7549"}],"curies":[{"name":"wp","href":"https:\/\/api.w.org\/{rel}","templated":true}]}}