{"id":7827,"date":"2020-09-21T15:49:15","date_gmt":"2020-09-21T13:49:15","guid":{"rendered":"http:\/\/multisite.narcotics-anonymous.de\/berlin\/?page_id=7827"},"modified":"2025-01-05T21:37:54","modified_gmt":"2025-01-05T20:37:54","slug":"praesenz-meetings-in-englisch","status":"publish","type":"page","link":"https:\/\/na-dev.de\/berlin\/praesenz-meetings-in-englisch\/","title":{"rendered":"Pr\u00e4senz Meetings in Englisch"},"content":{"rendered":"<div id='av_section_1'  class='avia-section av-301sg9-96b2a6dad8c1e69e3b23127c5a6dbf71 main_color avia-section-small avia-no-border-styling  avia-builder-el-0  el_before_av_section  avia-builder-el-first  avia-bg-style-scroll container_wrap fullsize'  ><div class='container av-section-cont-open' ><main  role=\"main\" itemprop=\"mainContentOfPage\"  class='template-page content  av-content-full alpha units'><div class='post-entry post-entry-type-page post-entry-7827'><div class='entry-content-wrapper clearfix'>\n\n<style type=\"text\/css\" data-created_by=\"avia_inline_auto\" id=\"style-css-av-kfcl9yf0-ad0bfd7b402ce4ac78cca7d9909b217d\">\n#top .av-special-heading.av-kfcl9yf0-ad0bfd7b402ce4ac78cca7d9909b217d{\nmargin:20px 0 0 0;\npadding-bottom:0;\nfont-size:54px;\n}\nbody .av-special-heading.av-kfcl9yf0-ad0bfd7b402ce4ac78cca7d9909b217d .av-special-heading-tag .heading-char{\nfont-size:25px;\n}\n#top #wrap_all .av-special-heading.av-kfcl9yf0-ad0bfd7b402ce4ac78cca7d9909b217d .av-special-heading-tag{\nfont-size:54px;\n}\n.av-special-heading.av-kfcl9yf0-ad0bfd7b402ce4ac78cca7d9909b217d .av-subheading{\nfont-size:10px;\n}\n\n@media only screen and (min-width: 480px) and (max-width: 767px){ \n#top #wrap_all .av-special-heading.av-kfcl9yf0-ad0bfd7b402ce4ac78cca7d9909b217d .av-special-heading-tag{\nfont-size:0.8em;\n}\n}\n\n@media only screen and (max-width: 479px){ \n#top #wrap_all .av-special-heading.av-kfcl9yf0-ad0bfd7b402ce4ac78cca7d9909b217d .av-special-heading-tag{\nfont-size:0.8em;\n}\n}\n<\/style>\n<div  class='av-special-heading av-kfcl9yf0-ad0bfd7b402ce4ac78cca7d9909b217d av-special-heading-h3 blockquote modern-quote  avia-builder-el-1  el_before_av_hr  avia-builder-el-first  lightswitch-title av-inherit-size'><h3 class='av-special-heading-tag '  itemprop=\"headline\"  >Englische Pr\u00e4senz Meetings<\/h3><div class=\"special-heading-border\"><div class=\"special-heading-inner-border\"><\/div><\/div><\/div>\n<div  class='hr av-2b9xyx-d15ffc47bec390e733bf30e75970e3bc hr-full  avia-builder-el-2  el_after_av_heading  avia-builder-el-last  farbsek_1_h3_sep hr-no-shadow'><span class='hr-inner '><span class=\"hr-inner-style\"><\/span><\/span><\/div>\n<\/div><\/div><\/main><!-- close content main element --><\/div><div class='av-extra-border-element border-extra-diagonal border-extra-diagonal-inverse '><div class='av-extra-border-outer'><div class='av-extra-border-inner'><\/div><\/div><\/div><\/div>\n<style type=\"text\/css\" data-created_by=\"avia_inline_auto\" id=\"style-css-av-2uv3rt-a12420491252b50b4c561c98273c8dcd\">\n.avia-section.av-2uv3rt-a12420491252b50b4c561c98273c8dcd{\nbackground-color:#ffffff;\nbackground-image:unset;\n}\n<\/style>\n<div id='av_section_2'  class='avia-section av-2uv3rt-a12420491252b50b4c561c98273c8dcd main_color avia-section-small avia-no-border-styling  avia-builder-el-3  el_after_av_section  el_before_av_section  avia-bg-style-scroll container_wrap fullsize'  ><div class='container av-section-cont-open' ><div class='template-page content  av-content-full alpha units'><div class='post-entry post-entry-type-page post-entry-7827'><div class='entry-content-wrapper clearfix'>\n<div class='flex_column_table av-cxdavd-74c207de0628e77bad580057dd773c71 sc-av_one_full av-equal-height-column-flextable'>\n<style type=\"text\/css\" data-created_by=\"avia_inline_auto\" id=\"style-css-av-cxdavd-74c207de0628e77bad580057dd773c71\">\n#top .flex_column_table.av-equal-height-column-flextable.av-cxdavd-74c207de0628e77bad580057dd773c71{\nmargin-top:0px;\nmargin-bottom:0px;\n}\n.flex_column.av-cxdavd-74c207de0628e77bad580057dd773c71{\nborder-radius:0px 0px 0px 0px;\npadding:10px 10px 10px 10px;\n}\n<\/style>\n<div  class='flex_column av-cxdavd-74c207de0628e77bad580057dd773c71 av_one_full  avia-builder-el-4  el_before_av_one_full  avia-builder-el-first  dark-column lightswitch first flex_column_table_cell av-equal-height-column av-align-top av-animated-generic left-to-right  '     ><p>\n<style type=\"text\/css\" data-created_by=\"avia_inline_auto\" id=\"style-css-av-211e4o-e3cfbb46aa1fa30785753b2d3f48be4d\">\n#top .av-special-heading.av-211e4o-e3cfbb46aa1fa30785753b2d3f48be4d{\nmargin:0 0 0 0;\npadding-bottom:10px;\ncolor:#ffffff;\nfont-size:24px;\n}\nbody .av-special-heading.av-211e4o-e3cfbb46aa1fa30785753b2d3f48be4d .av-special-heading-tag .heading-char{\nfont-size:25px;\n}\n#top #wrap_all .av-special-heading.av-211e4o-e3cfbb46aa1fa30785753b2d3f48be4d .av-special-heading-tag{\nfont-size:24px;\n}\n.av-special-heading.av-211e4o-e3cfbb46aa1fa30785753b2d3f48be4d .special-heading-inner-border{\nborder-color:#ffffff;\n}\n.av-special-heading.av-211e4o-e3cfbb46aa1fa30785753b2d3f48be4d .av-subheading{\nfont-size:15px;\n}\n\n@media only screen and (min-width: 768px) and (max-width: 989px){ \n#top #wrap_all .av-special-heading.av-211e4o-e3cfbb46aa1fa30785753b2d3f48be4d .av-special-heading-tag{\nfont-size:28px;\n}\n.av-special-heading.av-211e4o-e3cfbb46aa1fa30785753b2d3f48be4d .av-subheading{\nfont-size:20px;\n}\n}\n\n@media only screen and (min-width: 480px) and (max-width: 767px){ \n#top #wrap_all .av-special-heading.av-211e4o-e3cfbb46aa1fa30785753b2d3f48be4d .av-special-heading-tag{\nfont-size:24px;\n}\n.av-special-heading.av-211e4o-e3cfbb46aa1fa30785753b2d3f48be4d .av-subheading{\nfont-size:16px;\n}\n}\n\n@media only screen and (max-width: 479px){ \n#top #wrap_all .av-special-heading.av-211e4o-e3cfbb46aa1fa30785753b2d3f48be4d .av-special-heading-tag{\nfont-size:20px;\n}\n.av-special-heading.av-211e4o-e3cfbb46aa1fa30785753b2d3f48be4d .av-subheading{\nfont-size:12px;\n}\n}\n<\/style>\n<div  id=\"headline_second_level\"  class='av-special-heading av-211e4o-e3cfbb46aa1fa30785753b2d3f48be4d av-special-heading-h3 custom-color-heading blockquote modern-quote modern-centered  avia-builder-el-5  el_before_av_textblock  avia-builder-el-first  av-inherit-size av-linked-heading'><h3 class='av-special-heading-tag '  itemprop=\"headline\"  ><a class=\"av-heading-link\" href=\"https:\/\/na-dev.de\/berlin\/portfolio-item\/bcvk\/\" >Du kannst als Betroffener zu jedem NA-Meeting einfach hingehen. Herzlich Willkommen!<\/a><\/h3><div class=\"special-heading-border\"><div class=\"special-heading-inner-border\"><\/div><\/div><\/div><br \/>\n\n<style type=\"text\/css\" data-created_by=\"avia_inline_auto\" id=\"style-css-av-jyhgnvrb-ec7adecb18687f92627bc226aea2d907\">\n#top .av_textblock_section.av-jyhgnvrb-ec7adecb18687f92627bc226aea2d907 .avia_textblock{\nfont-size:18px;\ncolor:#ffffff;\n}\n<\/style>\n<section  class='av_textblock_section av-jyhgnvrb-ec7adecb18687f92627bc226aea2d907 '   itemscope=\"itemscope\" itemtype=\"https:\/\/schema.org\/CreativeWork\" ><div class='avia_textblock av_inherit_color'  itemprop=\"text\" ><p>Hier findest die aktuellen englischsprachigen NA Meetings in Berlin. Der gesampte Liste von alle Meetings findest du<br \/>\n<a class=\"link_before\" href=\"meetings\/\">hier<\/a>. Andere Sprachen findest du <a class=\"link_before\" href=\"ein-vielfaltige-gemeinschaft\/\/\">hier<\/a>.<\/p>\n<p>Alle Meetings sind Nichtraucher-Meetings. Wenn nicht anders angegeben, finden sie auch an Feiertagen statt.<\/p>\n<p>Bitte teilt uns alle <strong>\u00c4nderungen<\/strong> der Meetings-Daten per <a href=\"mailto:meetingsliste@na-berlin.de\">Mail<\/a> mit.<\/p>\n<\/div><\/section><\/p><\/div><\/div><!--close column table wrapper. Autoclose: 1 --><div  class='flex_column av-m5k2pd5d-f1cb9558cce1ff5b9a4e93e065745bca av_one_full  avia-builder-el-7  el_after_av_one_full  avia-builder-el-last  dark-column lightswitch first flex_column_div  column-top-margin'     ><\/div><\/div><\/div><\/div><!-- close content main div --><\/div><\/div>\n<style type=\"text\/css\" data-created_by=\"avia_inline_auto\" id=\"style-css-av-2uv3rt-2-ccef65c90555473972486626bb23068c\">\n.avia-section.av-2uv3rt-2-ccef65c90555473972486626bb23068c{\nbackground-color:#ffffff;\nbackground-image:unset;\n}\n<\/style>\n<div id='av_section_3' aria-label='&lt;a name=&quot;offenes_meeting&quot;&gt;&lt;\/a&gt;' class='avia-section av-2uv3rt-2-ccef65c90555473972486626bb23068c main_color avia-section-small avia-no-border-styling  avia-builder-el-9  el_after_av_section  avia-builder-el-last  avia-bg-style-scroll container_wrap fullsize'  ><div class='container av-section-cont-open' ><div class='template-page content  av-content-full alpha units'><div class='post-entry post-entry-type-page post-entry-7827'><div class='entry-content-wrapper clearfix'>\n<div class='flex_column_table av-cxdavd-1-83131de9aacd9ee2ff08a28983aaf877 sc-av_one_full av-equal-height-column-flextable'>\n<style type=\"text\/css\" data-created_by=\"avia_inline_auto\" id=\"style-css-av-cxdavd-1-83131de9aacd9ee2ff08a28983aaf877\">\n#top .flex_column_table.av-equal-height-column-flextable.av-cxdavd-1-83131de9aacd9ee2ff08a28983aaf877{\nmargin-top:0px;\nmargin-bottom:0px;\n}\n.flex_column.av-cxdavd-1-83131de9aacd9ee2ff08a28983aaf877{\nborder-radius:0px 0px 0px 0px;\npadding:10px 10px 10px 10px;\n}\n<\/style>\n<div  class='flex_column av-cxdavd-1-83131de9aacd9ee2ff08a28983aaf877 av_one_full  avia-builder-el-10  avia-builder-el-no-sibling  dark-column lightswitch first flex_column_table_cell av-equal-height-column av-align-top av-animated-generic left-to-right  '     ><p>\n<style type=\"text\/css\" data-created_by=\"avia_inline_auto\" id=\"style-css-av-k7btcunx-a0272b49e88f636786fb4144b965cdf8\">\n#top .av-special-heading.av-k7btcunx-a0272b49e88f636786fb4144b965cdf8{\nmargin:0 0 0 0;\npadding-bottom:10px;\nfont-size:24px;\n}\nbody .av-special-heading.av-k7btcunx-a0272b49e88f636786fb4144b965cdf8 .av-special-heading-tag .heading-char{\nfont-size:25px;\n}\n#top #wrap_all .av-special-heading.av-k7btcunx-a0272b49e88f636786fb4144b965cdf8 .av-special-heading-tag{\nfont-size:24px;\n}\n.av-special-heading.av-k7btcunx-a0272b49e88f636786fb4144b965cdf8 .av-subheading{\nfont-size:10px;\n}\n\n@media only screen and (min-width: 768px) and (max-width: 989px){ \n#top #wrap_all .av-special-heading.av-k7btcunx-a0272b49e88f636786fb4144b965cdf8 .av-special-heading-tag{\nfont-size:28px;\n}\n.av-special-heading.av-k7btcunx-a0272b49e88f636786fb4144b965cdf8 .av-subheading{\nfont-size:20px;\n}\n}\n\n@media only screen and (min-width: 480px) and (max-width: 767px){ \n#top #wrap_all .av-special-heading.av-k7btcunx-a0272b49e88f636786fb4144b965cdf8 .av-special-heading-tag{\nfont-size:24px;\n}\n.av-special-heading.av-k7btcunx-a0272b49e88f636786fb4144b965cdf8 .av-subheading{\nfont-size:16px;\n}\n}\n\n@media only screen and (max-width: 479px){ \n#top #wrap_all .av-special-heading.av-k7btcunx-a0272b49e88f636786fb4144b965cdf8 .av-special-heading-tag{\nfont-size:20px;\n}\n.av-special-heading.av-k7btcunx-a0272b49e88f636786fb4144b965cdf8 .av-subheading{\nfont-size:12px;\n}\n}\n<\/style>\n<div  id=\"headline_second_level\"  class='av-special-heading av-k7btcunx-a0272b49e88f636786fb4144b965cdf8 av-special-heading-h3 blockquote modern-quote modern-centered  avia-builder-el-11  el_before_av_textblock  avia-builder-el-first  av-inherit-size'><h3 class='av-special-heading-tag '  itemprop=\"headline\"  >Anmeldung bei Meetings-Newsletter<\/h3><div class=\"special-heading-border\"><div class=\"special-heading-inner-border\"><\/div><\/div><\/div><br \/>\n<section  class='av_textblock_section av-k1qvc59v-c3a59b94ab7d7f9611c91a1ac0ce8ead '   itemscope=\"itemscope\" itemtype=\"https:\/\/schema.org\/CreativeWork\" ><div class='avia_textblock'  itemprop=\"text\" ><p>Der Meetings-Newsletter befindet sich zur Zeit in einer Testphase. In Zukunft k\u00f6nnen \u00fcber diesen Newsletter Informationen \u00fcber neue Meetings, geschlossene Meetings, umgezogene Meetings usw. erhalten werden. Du kannst dich aber schon jetzt anmelden, um das neue System auszuprobieren:<br \/>\n[xyz-ips snippet=&#8221;Captcha-Config&#8221;]<\/p>\n<form id=\"SubscribeUnsubscribeForm\" action=\"\/sml\/defaultnewsletter.php\" method=\"post\" name=\"SubscribeUnsubscribeForm\"><input name=\"HTMLForm\" type=\"hidden\" value=\"subform\" \/><input name=\"MailingListId\" type=\"hidden\" value=\"2\" \/><input name=\"FormId\" type=\"hidden\" value=\"1\" \/><\/p>\n<fieldset><label for=\"u_EMail\">E-Mail-Adresse*<\/label>\u00a0\u00a0<input id=\"u_EMail\" maxlength=\"255\" name=\"u_EMail\" size=\"50\" type=\"text\" \/><br \/>\n<input name=\"Action\" type=\"hidden\" value=\"subscribe\" \/><\/p>\n<div>Mit Angabe meiner Daten und Absenden der Anmeldung erkl\u00e4re ich mich einverstanden, den hier bestellten Newsletter per E-Mail zu erhalten. Meine Daten werden nicht an Dritte weitergegeben. Dieses Einverst\u00e4ndnis kann ich jederzeit widerrufen. Weitere ausf\u00fchrliche Informationen in der <a style=\"font-size: inherit;\" href=\"https:\/\/na-berlin.de\/de\/datenschutz\/\" target=\"_blank\" rel=\"noopener noreferrer\">Datenschutzerkl\u00e4rung<\/a><\/div>\n<div><input id=\"PrivacyPolicyAccepted\" name=\"PrivacyPolicyAccepted\" type=\"checkbox\" value=\"1\" \/><label for=\"PrivacyPolicyAccepted\">\u00a0Ich akzeptiere die <a style=\"font-size: inherit;\" href=\"https:\/\/na-berlin.de\/de\/datenschutz\/\" target=\"_blank\" rel=\"noopener noreferrer\">Datenschutzerkl\u00e4rung.<\/a>\u00a0*<\/label><\/div>\n<div>Geben Sie das Wort, wie im nachfolgenden Feld angezeigt, ein (Spam-Schutz)*<br \/>\n<input name=\"user_captcha_string\" type=\"text\" \/>[xyz-ips snippet=&#8221;Captcha-ID&#8221;]<\/div>\n<div><input type=\"submit\" value=\"Anmelden\" \/><\/div>\n<div>Angaben mit * sind Pflichtangaben.<\/div>\n<\/fieldset>\n<\/form>\n<\/div><\/section><\/p><\/div><\/div><!--close column table wrapper. Autoclose: 1 --><\/p>\n","protected":false},"excerpt":{"rendered":"","protected":false},"author":2,"featured_media":0,"parent":0,"menu_order":0,"comment_status":"closed","ping_status":"closed","template":"","meta":{"footnotes":""},"class_list":["post-7827","page","type-page","status-publish","hentry"],"_links":{"self":[{"href":"https:\/\/na-dev.de\/berlin\/wp-json\/wp\/v2\/pages\/7827","targetHints":{"allow":["GET"]}}],"collection":[{"href":"https:\/\/na-dev.de\/berlin\/wp-json\/wp\/v2\/pages"}],"about":[{"href":"https:\/\/na-dev.de\/berlin\/wp-json\/wp\/v2\/types\/page"}],"author":[{"embeddable":true,"href":"https:\/\/na-dev.de\/berlin\/wp-json\/wp\/v2\/users\/2"}],"replies":[{"embeddable":true,"href":"https:\/\/na-dev.de\/berlin\/wp-json\/wp\/v2\/comments?post=7827"}],"version-history":[{"count":0,"href":"https:\/\/na-dev.de\/berlin\/wp-json\/wp\/v2\/pages\/7827\/revisions"}],"wp:attachment":[{"href":"https:\/\/na-dev.de\/berlin\/wp-json\/wp\/v2\/media?parent=7827"}],"curies":[{"name":"wp","href":"https:\/\/api.w.org\/{rel}","templated":true}]}}