{"id":9192,"date":"2021-02-18T09:57:20","date_gmt":"2021-02-18T08:57:20","guid":{"rendered":"https:\/\/narcotics-anonymous.de\/mitte\/?page_id=9192"},"modified":"2025-11-01T14:41:36","modified_gmt":"2025-11-01T13:41:36","slug":"krankenhaus-und-einrichtungs-komitee-k-e","status":"publish","type":"page","link":"https:\/\/na-dev.de\/mitte\/krankenhaus-und-einrichtungs-komitee-k-e\/","title":{"rendered":"Krhs-@ Einrichtungs-Komitee (K&amp;E)"},"content":{"rendered":"<div class='flex_column_table av-cxdavd-e31c0bba49c0b47bfa634079d1cd9db7 sc-av_one_half av-equal-height-column-flextable'>\n<style type=\"text\/css\" data-created_by=\"avia_inline_auto\" id=\"style-css-av-cxdavd-e31c0bba49c0b47bfa634079d1cd9db7\">\n#top .flex_column_table.av-equal-height-column-flextable.av-cxdavd-e31c0bba49c0b47bfa634079d1cd9db7{\nmargin-top:0px;\nmargin-bottom:0px;\n}\n.flex_column.av-cxdavd-e31c0bba49c0b47bfa634079d1cd9db7{\nborder-width:2px;\nborder-color:#edae44;\nborder-style:solid;\nborder-radius:15px 15px 15px 15px;\npadding:10px 10px 10px 10px;\nbackground-color:#ffffff;\n}\n<\/style>\n<div  class='flex_column av-cxdavd-e31c0bba49c0b47bfa634079d1cd9db7 av_one_half  avia-builder-el-0  el_before_av_one_third  avia-builder-el-first  first flex_column_table_cell av-equal-height-column av-align-top av-animated-generic left-to-right  '     ><p>\n<style type=\"text\/css\" data-created_by=\"avia_inline_auto\" id=\"style-css-av-26d9qg-d4cf28a3d48449c5a750cb160479b413\">\n#top .av-special-heading.av-26d9qg-d4cf28a3d48449c5a750cb160479b413{\nmargin:0 0 0 0;\npadding-bottom:0;\ncolor:#2a4372;\nfont-size:24px;\n}\nbody .av-special-heading.av-26d9qg-d4cf28a3d48449c5a750cb160479b413 .av-special-heading-tag .heading-char{\nfont-size:25px;\n}\n#top #wrap_all .av-special-heading.av-26d9qg-d4cf28a3d48449c5a750cb160479b413 .av-special-heading-tag{\nfont-size:24px;\n}\n.av-special-heading.av-26d9qg-d4cf28a3d48449c5a750cb160479b413 .special-heading-inner-border{\nborder-color:#2a4372;\n}\n.av-special-heading.av-26d9qg-d4cf28a3d48449c5a750cb160479b413 .av-subheading{\nfont-size:15px;\n}\n\n@media only screen and (min-width: 768px) and (max-width: 989px){ \n#top #wrap_all .av-special-heading.av-26d9qg-d4cf28a3d48449c5a750cb160479b413 .av-special-heading-tag{\nfont-size:28px;\n}\n.av-special-heading.av-26d9qg-d4cf28a3d48449c5a750cb160479b413 .av-subheading{\nfont-size:20px;\n}\n}\n\n@media only screen and (min-width: 480px) and (max-width: 767px){ \n#top #wrap_all .av-special-heading.av-26d9qg-d4cf28a3d48449c5a750cb160479b413 .av-special-heading-tag{\nfont-size:24px;\n}\n.av-special-heading.av-26d9qg-d4cf28a3d48449c5a750cb160479b413 .av-subheading{\nfont-size:16px;\n}\n}\n\n@media only screen and (max-width: 479px){ \n#top #wrap_all .av-special-heading.av-26d9qg-d4cf28a3d48449c5a750cb160479b413 .av-special-heading-tag{\nfont-size:20px;\n}\n.av-special-heading.av-26d9qg-d4cf28a3d48449c5a750cb160479b413 .av-subheading{\nfont-size:12px;\n}\n}\n<\/style>\n<div  id=\"headline_second_level\"  class='av-special-heading av-26d9qg-d4cf28a3d48449c5a750cb160479b413 av-special-heading-h3 custom-color-heading blockquote modern-quote  avia-builder-el-1  el_before_av_textblock  avia-builder-el-first  av-inherit-size av-linked-heading'><h3 class='av-special-heading-tag '  itemprop=\"headline\"  >Infos zur K&amp;E-Arbeit<\/h3><div class=\"special-heading-border\"><div class=\"special-heading-inner-border\"><\/div><\/div><\/div><br \/>\n\n<style type=\"text\/css\" data-created_by=\"avia_inline_auto\" id=\"style-css-av-3zmfuh-669df94960b23532a4f961a3b78b7126\">\n#top .av_textblock_section.av-3zmfuh-669df94960b23532a4f961a3b78b7126 .avia_textblock{\nfont-size:19px;\n}\n<\/style>\n<section  class='av_textblock_section av-3zmfuh-669df94960b23532a4f961a3b78b7126 '   itemscope=\"itemscope\" itemtype=\"https:\/\/schema.org\/CreativeWork\" ><div class='avia_textblock text-block-level-2'  itemprop=\"text\" ><div id=\"headline_second_level\"><\/div>\n<section class=\"av_textblock_section \">\n<div class=\"avia_textblock \">\n<p><strong>Was ist K&amp;E-Arbeit?<\/strong><br \/>\nKrankenh\u00e4user-und-Einrichtungs Meetings bringen die Botschaft der NA-Genesung zu S\u00fcchtigen, die keinen vollst\u00e4ndigen Zugang zu regul\u00e4ren NA-Meetings haben. Wir tun dies, indem wir den Zuh\u00f6rerInnen einige der Grundlagen des NA-Programms vorstellen.<br \/>\nEin umfassendes Bild \u00fcber den K&amp;E-Dienst gibt das H&amp;I-Handbuch (englisch), das bei NA World Services (NAWS) als Download erh\u00e4ltlich ist <a title=\"Download H&amp;I Handbook\" href=\"https:\/\/www.na.org\/?ID=handbooks-handbook-index\" target=\"_blank\" rel=\"noopener\">\u00bb\u00a0Download H&amp;I Handbuch<\/a>.<\/p>\n<p>Im Unterschied zu NA-Gruppen, die von Gruppendelegierten auf der Gebiets-Service-Konferenz vertreten werden, ist ein K&amp;E-Meeting ein Dienst des K&amp;E-Komitees, das von der Gebiets-Service-Konferenz beauftragt wird. Ein K&amp;E-Meeting steht immer unter der Schirmherrschaft eines K&amp;E-Komitees.<\/p>\n<hr \/>\n<p style=\"text-align: left\"><strong>Allgemeine Erfahrungen und Empfehlungen der K&amp;E-Arbeit<\/strong><\/p>\n<p>Wenn Du an der K&amp;E-Arbeit interessiert bist:<\/p>\n<ul>\n<li>Komm erst einmal ins Infokomitee, um Dich vorzustellen und \u00fcber die K&amp;E-Arbeit zu informieren.<\/li>\n<li>Geh dann erstmal in mehrere Infomeetings mit und h\u00f6re nur zu, um zu erleben, auf was es ankommt.<\/li>\n<\/ul>\n<p>Um fester Teil eines K&amp;E-Teams zu werden bzw. als Sprecher*in in einem Infomeeting eingeladen zu werden, wird empfohlen mindestens sechs Monate Cleanzeit innerhalb von NA mitzubringen. Voraussetzung ist au\u00dferdem ein Verst\u00e4ndnis der Zw\u00f6lf Schritte und Traditionen von Narcotics Anonymous und von NA-Service. Diese Empfehlungen dienen zum Schutz der einzelnen NA-Mitglieder und der Wahrung der Traditionen von Narcotics Anonymous.<\/p>\n<\/div>\n<p><a href=\"https:\/\/narcotics-anonymous.de\/mitte\/download\/k-und-e-workshop-dokument\/\" rel=\"noopener\">K&amp;E-Workshop zum Download<\/a><\/p>\n<div class=\"avia_textblock \"><\/div>\n<\/section>\n<\/div><\/section><\/p><\/div><div class='av-flex-placeholder'><\/div>\n<style type=\"text\/css\" data-created_by=\"avia_inline_auto\" id=\"style-css-av-cxdavd-2-56019b57dd414059f14dd13ba1c65195\">\n#top .flex_column_table.av-equal-height-column-flextable.av-cxdavd-2-56019b57dd414059f14dd13ba1c65195{\nmargin-top:0px;\nmargin-bottom:0px;\n}\n.flex_column.av-cxdavd-2-56019b57dd414059f14dd13ba1c65195{\nborder-width:2px;\nborder-color:#edae44;\nborder-style:solid;\nborder-radius:15px 15px 15px 15px;\npadding:10px 10px 10px 10px;\nbackground-color:#ffffff;\n}\n<\/style>\n<div  class='flex_column av-cxdavd-2-56019b57dd414059f14dd13ba1c65195 av_one_third  avia-builder-el-3  el_after_av_one_half  avia-builder-el-last  flex_column_table_cell av-equal-height-column av-align-top av-animated-generic left-to-right  '     ><p>\n<style type=\"text\/css\" data-created_by=\"avia_inline_auto\" id=\"style-css-av-31cgc8-8618bbd4e16c7513eca375411b86215c\">\n#top .av-special-heading.av-31cgc8-8618bbd4e16c7513eca375411b86215c{\nmargin:0 0 0 0;\npadding-bottom:0;\ncolor:#2a4372;\nfont-size:24px;\n}\nbody .av-special-heading.av-31cgc8-8618bbd4e16c7513eca375411b86215c .av-special-heading-tag .heading-char{\nfont-size:25px;\n}\n#top #wrap_all .av-special-heading.av-31cgc8-8618bbd4e16c7513eca375411b86215c .av-special-heading-tag{\nfont-size:24px;\n}\n.av-special-heading.av-31cgc8-8618bbd4e16c7513eca375411b86215c .special-heading-inner-border{\nborder-color:#2a4372;\n}\n.av-special-heading.av-31cgc8-8618bbd4e16c7513eca375411b86215c .av-subheading{\nfont-size:15px;\n}\n\n@media only screen and (min-width: 768px) and (max-width: 989px){ \n#top #wrap_all .av-special-heading.av-31cgc8-8618bbd4e16c7513eca375411b86215c .av-special-heading-tag{\nfont-size:28px;\n}\n.av-special-heading.av-31cgc8-8618bbd4e16c7513eca375411b86215c .av-subheading{\nfont-size:20px;\n}\n}\n\n@media only screen and (min-width: 480px) and (max-width: 767px){ \n#top #wrap_all .av-special-heading.av-31cgc8-8618bbd4e16c7513eca375411b86215c .av-special-heading-tag{\nfont-size:24px;\n}\n.av-special-heading.av-31cgc8-8618bbd4e16c7513eca375411b86215c .av-subheading{\nfont-size:16px;\n}\n}\n\n@media only screen and (max-width: 479px){ \n#top #wrap_all .av-special-heading.av-31cgc8-8618bbd4e16c7513eca375411b86215c .av-special-heading-tag{\nfont-size:20px;\n}\n.av-special-heading.av-31cgc8-8618bbd4e16c7513eca375411b86215c .av-subheading{\nfont-size:12px;\n}\n}\n<\/style>\n<div  id=\"headline_second_level\"  class='av-special-heading av-31cgc8-8618bbd4e16c7513eca375411b86215c av-special-heading-h3 custom-color-heading blockquote modern-quote  avia-builder-el-4  el_before_av_textblock  avia-builder-el-first  av-inherit-size av-linked-heading'><h3 class='av-special-heading-tag '  itemprop=\"headline\"  >Aktuelle K&amp;E-Meetings<\/h3><div class=\"special-heading-border\"><div class=\"special-heading-inner-border\"><\/div><\/div><\/div><br \/>\n\n<style type=\"text\/css\" data-created_by=\"avia_inline_auto\" id=\"style-css-av-3zmfuh-1-c0c50de45e1c75f049c1eac23d51b113\">\n#top .av_textblock_section.av-3zmfuh-1-c0c50de45e1c75f049c1eac23d51b113 .avia_textblock{\nfont-size:19px;\n}\n<\/style>\n<section  class='av_textblock_section av-3zmfuh-1-c0c50de45e1c75f049c1eac23d51b113 '   itemscope=\"itemscope\" itemtype=\"https:\/\/schema.org\/CreativeWork\" ><div class='avia_textblock text-block-level-2'  itemprop=\"text\" ><div id=\"headline_second_level\">\n<p><strong>\u00dcbersicht der aktuellen K&amp;E-Meetings<\/strong><br \/>\nAufgrund der aktuellen Einschr\u00e4nkungen durch die Cornona-Pandemie finden zurzeit nur die\u00a0fett hervorgehobenen Termine statt. Eine Liste mit den Ansprechpersonen der einzelnen Meetings erhaltet Ihr auf Anfrage unter: emailadresse@folgt.de<\/p>\n<\/div>\n<section>\n<div>\n<ul>\n<li>Einrichtung, Adresse, Monat, Tag, Uhrzeit<\/li>\n<li>Einrichtung, Adresse, Monat, Tag, Uhrzeit<\/li>\n<\/ul>\n<\/div>\n<\/section>\n<\/div><\/section><\/p><\/div><\/div><!--close column table wrapper. Autoclose: 1 --><\/p>\n","protected":false},"excerpt":{"rendered":"","protected":false},"author":9,"featured_media":0,"parent":0,"menu_order":0,"comment_status":"closed","ping_status":"closed","template":"","meta":{"footnotes":""},"class_list":["post-9192","page","type-page","status-publish","hentry"],"_links":{"self":[{"href":"https:\/\/na-dev.de\/mitte\/wp-json\/wp\/v2\/pages\/9192","targetHints":{"allow":["GET"]}}],"collection":[{"href":"https:\/\/na-dev.de\/mitte\/wp-json\/wp\/v2\/pages"}],"about":[{"href":"https:\/\/na-dev.de\/mitte\/wp-json\/wp\/v2\/types\/page"}],"author":[{"embeddable":true,"href":"https:\/\/na-dev.de\/mitte\/wp-json\/wp\/v2\/users\/9"}],"replies":[{"embeddable":true,"href":"https:\/\/na-dev.de\/mitte\/wp-json\/wp\/v2\/comments?post=9192"}],"version-history":[{"count":0,"href":"https:\/\/na-dev.de\/mitte\/wp-json\/wp\/v2\/pages\/9192\/revisions"}],"wp:attachment":[{"href":"https:\/\/na-dev.de\/mitte\/wp-json\/wp\/v2\/media?parent=9192"}],"curies":[{"name":"wp","href":"https:\/\/api.w.org\/{rel}","templated":true}]}}