{"id":6634,"date":"2022-02-18T13:04:53","date_gmt":"2022-02-18T12:04:53","guid":{"rendered":"https:\/\/narcotics-anonymous.de\/sued\/?page_id=6634"},"modified":"2023-09-16T21:09:04","modified_gmt":"2023-09-16T19:09:04","slug":"onlinemeetings","status":"publish","type":"page","link":"https:\/\/na-dev.de\/sued\/onlinemeetings\/","title":{"rendered":"Online-Meetings"},"content":{"rendered":"\n<style type=\"text\/css\" data-created_by=\"avia_inline_auto\" id=\"style-css-av-301sg9-e444cc96c5deb7a49879041c780758e6\">\n.avia-section.av-301sg9-e444cc96c5deb7a49879041c780758e6{\nmargin-top:0px;\nmargin-bottom:0px;\n}\n<\/style>\n<div id='av_section_1'  class='avia-section av-301sg9-e444cc96c5deb7a49879041c780758e6 main_color avia-section-no-padding avia-no-border-styling  avia-builder-el-0  el_before_av_section  avia-builder-el-first  avia-bg-style-scroll container_wrap fullsize'  ><div class='container av-section-cont-open' ><main  role=\"main\" itemprop=\"mainContentOfPage\"  class='template-page content  av-content-full alpha units'><div class='post-entry post-entry-type-page post-entry-6634'><div class='entry-content-wrapper clearfix'>\n<div class='flex_column_table av-1uoww-5a35e9d27e3cadc653a1559e6dcbeedd sc-av_four_fifth av-equal-height-column-flextable'>\n<style type=\"text\/css\" data-created_by=\"avia_inline_auto\" id=\"style-css-av-1uoww-5a35e9d27e3cadc653a1559e6dcbeedd\">\n.flex_column.av-1uoww-5a35e9d27e3cadc653a1559e6dcbeedd{\nborder-radius:0px 0px 0px 0px;\npadding:0px 0px 0px 0px;\n}\n<\/style>\n<div  class='flex_column av-1uoww-5a35e9d27e3cadc653a1559e6dcbeedd av_four_fifth  avia-builder-el-1  el_before_av_one_fifth  avia-builder-el-first  first flex_column_table_cell av-equal-height-column av-align-bottom av-zero-column-padding  '     ><style type=\"text\/css\" data-created_by=\"avia_inline_auto\" id=\"style-css-av-11tsk-8f3bde35edf229b1d4db09a1dd37f76e\">\n#top .av-special-heading.av-11tsk-8f3bde35edf229b1d4db09a1dd37f76e{\nmargin:20px 0 0 0;\npadding-bottom:0;\ncolor:#425a8a;\nfont-size:54px;\n}\nbody .av-special-heading.av-11tsk-8f3bde35edf229b1d4db09a1dd37f76e .av-special-heading-tag .heading-char{\nfont-size:25px;\n}\n#top #wrap_all .av-special-heading.av-11tsk-8f3bde35edf229b1d4db09a1dd37f76e .av-special-heading-tag{\nfont-size:54px;\n}\n.av-special-heading.av-11tsk-8f3bde35edf229b1d4db09a1dd37f76e .special-heading-inner-border{\nborder-color:#425a8a;\n}\n.av-special-heading.av-11tsk-8f3bde35edf229b1d4db09a1dd37f76e .av-subheading{\nfont-size:10px;\n}\n\n@media only screen and (min-width: 480px) and (max-width: 767px){ \n#top #wrap_all .av-special-heading.av-11tsk-8f3bde35edf229b1d4db09a1dd37f76e .av-special-heading-tag{\nfont-size:0.8em;\n}\n}\n\n@media only screen and (max-width: 479px){ \n#top #wrap_all .av-special-heading.av-11tsk-8f3bde35edf229b1d4db09a1dd37f76e .av-special-heading-tag{\nfont-size:0.8em;\n}\n}\n<\/style>\n<div  class='av-special-heading av-11tsk-8f3bde35edf229b1d4db09a1dd37f76e av-special-heading-h3 custom-color-heading blockquote modern-quote  avia-builder-el-2  avia-builder-el-no-sibling  farbsek_1_h3_sep av-inherit-size av-linked-heading'><h3 class='av-special-heading-tag '  itemprop=\"headline\"  >Onlinemeetings in Gebiet S\u00fcd<\/h3><div class=\"special-heading-border\"><div class=\"special-heading-inner-border\"><\/div><\/div><\/div><\/div><div class='av-flex-placeholder'><\/div>\n<style type=\"text\/css\" data-created_by=\"avia_inline_auto\" id=\"style-css-av-wm28-47dca90f58974b5f44bdc153b4283743\">\n.flex_column.av-wm28-47dca90f58974b5f44bdc153b4283743{\nborder-radius:0px 0px 0px 0px;\npadding:0px 0px 0px 0px;\n}\n<\/style>\n<div  class='flex_column av-wm28-47dca90f58974b5f44bdc153b4283743 av_one_fifth  avia-builder-el-3  el_after_av_four_fifth  avia-builder-el-last  flex_column_table_cell av-equal-height-column av-align-bottom av-zero-column-padding  '     ><div  class='avia-button-wrap av-kke7uf84-bb90e2fbf579a400ceb627170e16d6a7-wrap avia-button-center  avia-builder-el-4  avia-builder-el-no-sibling '><a href='https:\/\/na-dev.de\/sued\/meetings\/'  class='avia-button av-kke7uf84-bb90e2fbf579a400ceb627170e16d6a7 av-link-btn avia-icon_select-yes-left-icon avia-size-small avia-position-center avia-color-theme-color'   aria-label=\"Zu den Pr\u00e4senzmeetings\"><span class='avia_button_icon avia_button_icon_left avia-iconfont avia-font-entypo-fontello' data-av_icon='\ue803' data-av_iconfont='entypo-fontello' ><\/span><span class='avia_iconbox_title' >Zu den Pr\u00e4senzmeetings<\/span><\/a><\/div><\/div><\/div><!--close column table wrapper. Autoclose: 1 -->\n\n<\/div><\/div><\/main><!-- close content main element --><\/div><\/div>\n<style type=\"text\/css\" data-created_by=\"avia_inline_auto\" id=\"style-css-av-2uv3rt-a12420491252b50b4c561c98273c8dcd\">\n.avia-section.av-2uv3rt-a12420491252b50b4c561c98273c8dcd{\nbackground-color:#ffffff;\nbackground-image:unset;\n}\n<\/style>\n<div id='av_section_2'  class='avia-section av-2uv3rt-a12420491252b50b4c561c98273c8dcd main_color avia-section-small avia-no-border-styling  avia-builder-el-5  el_after_av_section  el_before_av_one_full  avia-bg-style-scroll container_wrap fullsize'  ><div class='container av-section-cont-open' ><div class='template-page content  av-content-full alpha units'><div class='post-entry post-entry-type-page post-entry-6634'><div class='entry-content-wrapper clearfix'>\n<div class='flex_column_table av-cxdavd-089b85582119398c498bbb79ea245c23 sc-av_one_full av-equal-height-column-flextable'>\n<style type=\"text\/css\" data-created_by=\"avia_inline_auto\" id=\"style-css-av-cxdavd-089b85582119398c498bbb79ea245c23\">\n#top .flex_column_table.av-equal-height-column-flextable.av-cxdavd-089b85582119398c498bbb79ea245c23{\nmargin-top:0px;\nmargin-bottom:0px;\n}\n.flex_column.av-cxdavd-089b85582119398c498bbb79ea245c23{\nborder-width:3px;\nborder-color:#e0ac46;\nborder-style:solid;\nborder-radius:0px 0px 0px 0px;\npadding:10px 10px 10px 10px;\nbackground-color:#ffffff;\n}\n<\/style>\n<div  class='flex_column av-cxdavd-089b85582119398c498bbb79ea245c23 av_one_full  avia-builder-el-6  avia-builder-el-no-sibling  first flex_column_table_cell av-equal-height-column av-align-top av-animated-generic left-to-right  '     ><p>\n<style type=\"text\/css\" data-created_by=\"avia_inline_auto\" id=\"style-css-av-2do0mx-2a3c8844087df88e1fc1e2c824f0152d\">\n#top .av-special-heading.av-2do0mx-2a3c8844087df88e1fc1e2c824f0152d{\nmargin:0 0 0 0;\npadding-bottom:10px;\nfont-size:24px;\n}\nbody .av-special-heading.av-2do0mx-2a3c8844087df88e1fc1e2c824f0152d .av-special-heading-tag .heading-char{\nfont-size:25px;\n}\n#top #wrap_all .av-special-heading.av-2do0mx-2a3c8844087df88e1fc1e2c824f0152d .av-special-heading-tag{\nfont-size:24px;\n}\n.av-special-heading.av-2do0mx-2a3c8844087df88e1fc1e2c824f0152d .av-subheading{\nfont-size:15px;\n}\n\n@media only screen and (min-width: 768px) and (max-width: 989px){ \n#top #wrap_all .av-special-heading.av-2do0mx-2a3c8844087df88e1fc1e2c824f0152d .av-special-heading-tag{\nfont-size:28px;\n}\n.av-special-heading.av-2do0mx-2a3c8844087df88e1fc1e2c824f0152d .av-subheading{\nfont-size:20px;\n}\n}\n\n@media only screen and (min-width: 480px) and (max-width: 767px){ \n#top #wrap_all .av-special-heading.av-2do0mx-2a3c8844087df88e1fc1e2c824f0152d .av-special-heading-tag{\nfont-size:24px;\n}\n.av-special-heading.av-2do0mx-2a3c8844087df88e1fc1e2c824f0152d .av-subheading{\nfont-size:16px;\n}\n}\n\n@media only screen and (max-width: 479px){ \n#top #wrap_all .av-special-heading.av-2do0mx-2a3c8844087df88e1fc1e2c824f0152d .av-special-heading-tag{\nfont-size:20px;\n}\n.av-special-heading.av-2do0mx-2a3c8844087df88e1fc1e2c824f0152d .av-subheading{\nfont-size:12px;\n}\n}\n<\/style>\n<div  id=\"headline_second_level\"  class='av-special-heading av-2do0mx-2a3c8844087df88e1fc1e2c824f0152d av-special-heading-h3 blockquote modern-quote modern-centered  avia-builder-el-7  el_before_av_textblock  avia-builder-el-first  av-inherit-size'><h3 class='av-special-heading-tag '  itemprop=\"headline\"  >Als Betroffener bist du auch zu jedem Online-Meeting eingeladen. Herzlich Willkommen!<\/h3><div class=\"special-heading-border\"><div class=\"special-heading-inner-border\"><\/div><\/div><\/div><br \/>\n\n<style type=\"text\/css\" data-created_by=\"avia_inline_auto\" id=\"style-css-av-jyhgnvrb-262ecb86e3beb32c0418a504aa7dff6a\">\n#top .av_textblock_section.av-jyhgnvrb-262ecb86e3beb32c0418a504aa7dff6a .avia_textblock{\nfont-size:18px;\n}\n<\/style>\n<section  class='av_textblock_section av-jyhgnvrb-262ecb86e3beb32c0418a504aa7dff6a '   itemscope=\"itemscope\" itemtype=\"https:\/\/schema.org\/CreativeWork\" ><div class='avia_textblock'  itemprop=\"text\" ><p>Hier findest du alle von Narcotics Anonymous angebotenen Arten sogenannter Online-Meetings. In der Spalte ganz rechts in der Liste werden diese online stattfindenden Meetings nach Anbieter differenziert.<\/p>\n<p>Grunds\u00e4tzlich gelten f\u00fcr Online-Meetings die gleichen Voraussetzungen wie f\u00fcr Face-to-Face Meetings, der Ablauf unterscheidet sich kaum.<\/p>\n<p>Die Meetings finden auf\u00a0 unterschiedlichen Plattformen statt bzw. benutzen verschiedene Hilfsmittel. Erl\u00e4uterungen dazu und schriftliche Unterlagen, die unterst\u00fctzen bei der Durchf\u00fchrung eines Meetings,\u00a0 findest du <strong><a class=\"link_before\" style=\"font-size: 22px;\" href=\"#unterlagen\">am Ende dieser Seite.<\/a><\/strong><\/p>\n<\/div><\/section><\/p><\/div><\/div><!--close column table wrapper. Autoclose: 1 -->\n<\/div><\/div><\/div><!-- close content main div --><\/div><\/div><div id='after_section_2'  class='main_color av_default_container_wrap container_wrap fullsize'  ><div class='container av-section-cont-open' ><div class='template-page content  av-content-full alpha units'><div class='post-entry post-entry-type-page post-entry-6634'><div class='entry-content-wrapper clearfix'>\n\n<style type=\"text\/css\" data-created_by=\"avia_inline_auto\" id=\"style-css-av-bkbd1-33ae8f925ec6c37044acc87f3271cbac\">\n.flex_column.av-bkbd1-33ae8f925ec6c37044acc87f3271cbac{\nborder-radius:0px 0px 0px 0px;\npadding:0px 0px 0px 0px;\n}\n<\/style>\n<div  class='flex_column av-bkbd1-33ae8f925ec6c37044acc87f3271cbac av_one_full  avia-builder-el-9  el_after_av_section  el_before_av_one_half  avia-builder-el-first  first flex_column_div av-zero-column-padding  '     ><\/div>\n<style type=\"text\/css\" data-created_by=\"avia_inline_auto\" id=\"style-css-av-g1go1-5e8d0b83292bd7d58ff442edb14f359d\">\n.flex_column.av-g1go1-5e8d0b83292bd7d58ff442edb14f359d{\nborder-radius:0px 0px 0px 0px;\npadding:0px 0px 0px 0px;\n}\n<\/style>\n<div  class='flex_column av-g1go1-5e8d0b83292bd7d58ff442edb14f359d av_one_half  avia-builder-el-11  el_after_av_one_full  el_before_av_one_half  first flex_column_div av-zero-column-padding  column-top-margin'     ><div  class='avia-button-wrap av-jyhgbj34-10acfebba44dd2c3aacfb4d1c123c42d-wrap avia-button-left  avia-builder-el-12  avia-builder-el-no-sibling '><a href=\"http:\/\/multisite.narcotics-anonymous.de\/sued?current-meeting-list=1\" class=\"avia-button av-jyhgbj34-10acfebba44dd2c3aacfb4d1c123c42d av-link-btn avia-icon_select-yes-left-icon avia-size-large avia-position-left avia-color-theme-color\" target=\"_blank\" rel=\"noopener noreferrer\" aria-label=\"Meetingsliste als PDF\"><span class='avia_button_icon avia_button_icon_left avia-iconfont avia-font-entypo-fontello' data-av_icon='\ue82d' data-av_iconfont='entypo-fontello' ><\/span><span class='avia_iconbox_title' >Meetingsliste als PDF<\/span><\/a><\/div><\/div><\/p>\n\n<style type=\"text\/css\" data-created_by=\"avia_inline_auto\" id=\"style-css-av-g1go1-2-c7125f14fec985388b58873db349d2ad\">\n.flex_column.av-g1go1-2-c7125f14fec985388b58873db349d2ad{\nborder-radius:0px 0px 0px 0px;\npadding:0px 0px 0px 0px;\n}\n<\/style>\n<div  class='flex_column av-g1go1-2-c7125f14fec985388b58873db349d2ad av_one_half  avia-builder-el-13  el_after_av_one_half  el_before_av_section  avia-builder-el-last  flex_column_div av-zero-column-padding  column-top-margin'     ><div  class='avia-button-wrap av-jyhgbj34-1-20b306dafff640f7f05aca9b27a9674e-wrap avia-button-right  avia-builder-el-14  avia-builder-el-no-sibling '><a href=\"http:\/\/multisite.narcotics-anonymous.de\/sued?current-meeting-list=2\" class=\"avia-button av-jyhgbj34-1-20b306dafff640f7f05aca9b27a9674e av-link-btn avia-icon_select-yes-left-icon avia-size-large avia-position-right avia-color-theme-color\" target=\"_blank\" rel=\"noopener noreferrer\" aria-label=\"Meetingsliste als PDF mit Onlinemeetings\"><span class='avia_button_icon avia_button_icon_left avia-iconfont avia-font-entypo-fontello' data-av_icon='\ue82d' data-av_iconfont='entypo-fontello' ><\/span><span class='avia_iconbox_title' >Meetingsliste als PDF mit Onlinemeetings<\/span><\/a><\/div><\/div>\n<\/div><\/div><\/div><!-- close content main div --><\/div><\/div>\n<style type=\"text\/css\" data-created_by=\"avia_inline_auto\" id=\"style-css-av-2uv3rt-4-d7583f62e8b9e2a1493576936a8eb283\">\n.avia-section.av-2uv3rt-4-d7583f62e8b9e2a1493576936a8eb283{\nbackground-color:#ffffff;\nbackground-image:unset;\n}\n<\/style>\n<div id='unterlagen' aria-label='&lt;a name=&quot;unterlagen&quot;&gt;&lt;\/a&gt;' class='avia-section av-2uv3rt-4-d7583f62e8b9e2a1493576936a8eb283 main_color avia-section-small avia-no-border-styling  avia-builder-el-15  el_after_av_one_half  avia-builder-el-last  avia-bg-style-scroll container_wrap fullsize'  ><div class='container av-section-cont-open' ><div class='template-page content  av-content-full alpha units'><div class='post-entry post-entry-type-page post-entry-6634'><div class='entry-content-wrapper clearfix'>\n<div class='flex_column_table av-cxdavd-3-869a0d39c2c326cca3fcbbcfebc0a7e7 sc-av_one_full av-equal-height-column-flextable'>\n<style type=\"text\/css\" data-created_by=\"avia_inline_auto\" id=\"style-css-av-cxdavd-3-869a0d39c2c326cca3fcbbcfebc0a7e7\">\n#top .flex_column_table.av-equal-height-column-flextable.av-cxdavd-3-869a0d39c2c326cca3fcbbcfebc0a7e7{\nmargin-top:0px;\nmargin-bottom:0px;\n}\n.flex_column.av-cxdavd-3-869a0d39c2c326cca3fcbbcfebc0a7e7{\nborder-width:3px;\nborder-color:#e0ac46;\nborder-style:solid;\nborder-radius:0px 0px 0px 0px;\npadding:10px 10px 10px 10px;\nbackground-color:#ffffff;\n}\n<\/style>\n<div  class='flex_column av-cxdavd-3-869a0d39c2c326cca3fcbbcfebc0a7e7 av_one_full  avia-builder-el-16  avia-builder-el-no-sibling  first flex_column_table_cell av-equal-height-column av-align-top av-animated-generic left-to-right  '     ><p>\n<style type=\"text\/css\" data-created_by=\"avia_inline_auto\" id=\"style-css-av-4r9ak9-475a1a6dbd50317ce11fbde7e368b5b5\">\n#top .av-special-heading.av-4r9ak9-475a1a6dbd50317ce11fbde7e368b5b5{\nmargin:0 0 0 0;\npadding-bottom:10px;\nfont-size:24px;\n}\nbody .av-special-heading.av-4r9ak9-475a1a6dbd50317ce11fbde7e368b5b5 .av-special-heading-tag .heading-char{\nfont-size:25px;\n}\n#top #wrap_all .av-special-heading.av-4r9ak9-475a1a6dbd50317ce11fbde7e368b5b5 .av-special-heading-tag{\nfont-size:24px;\n}\n.av-special-heading.av-4r9ak9-475a1a6dbd50317ce11fbde7e368b5b5 .av-subheading{\nfont-size:10px;\n}\n\n@media only screen and (min-width: 768px) and (max-width: 989px){ \n#top #wrap_all .av-special-heading.av-4r9ak9-475a1a6dbd50317ce11fbde7e368b5b5 .av-special-heading-tag{\nfont-size:28px;\n}\n.av-special-heading.av-4r9ak9-475a1a6dbd50317ce11fbde7e368b5b5 .av-subheading{\nfont-size:20px;\n}\n}\n\n@media only screen and (min-width: 480px) and (max-width: 767px){ \n#top #wrap_all .av-special-heading.av-4r9ak9-475a1a6dbd50317ce11fbde7e368b5b5 .av-special-heading-tag{\nfont-size:24px;\n}\n.av-special-heading.av-4r9ak9-475a1a6dbd50317ce11fbde7e368b5b5 .av-subheading{\nfont-size:16px;\n}\n}\n\n@media only screen and (max-width: 479px){ \n#top #wrap_all .av-special-heading.av-4r9ak9-475a1a6dbd50317ce11fbde7e368b5b5 .av-special-heading-tag{\nfont-size:20px;\n}\n.av-special-heading.av-4r9ak9-475a1a6dbd50317ce11fbde7e368b5b5 .av-subheading{\nfont-size:12px;\n}\n}\n<\/style>\n<div  id=\"headline_second_level\"  class='av-special-heading av-4r9ak9-475a1a6dbd50317ce11fbde7e368b5b5 av-special-heading-h3 blockquote modern-quote modern-centered  avia-builder-el-17  el_before_av_toggle_container  avia-builder-el-first  av-inherit-size av-linked-heading'><h3 class='av-special-heading-tag '  itemprop=\"headline\"  >Anleitung f\u00fcr Plattformen<\/h3><div class=\"special-heading-border\"><div class=\"special-heading-inner-border\"><\/div><\/div><\/div><br \/>\n<div  class='togglecontainer av-kb6qicsk-b65d9154b0f9804d314a8fb658ce4473  avia-builder-el-18  el_after_av_heading  avia-builder-el-last  toggle_close_all' >\n<section class='av_toggle_section av-34ble1-2905a120b9df2fb4fe53cc24cf249d20'  itemscope=\"itemscope\" itemtype=\"https:\/\/schema.org\/CreativeWork\" ><div role=\"tablist\" class=\"single_toggle\" data-tags=\"{Alle} \"  ><p id='toggle-toggle-id-1' data-fake-id='#toggle-id-1' class='toggler  av-title-above '  itemprop=\"headline\"  role='tab' tabindex='0' aria-controls='toggle-id-1' data-slide-speed=\"200\" data-title=\"Anleitung Zoom\" data-title-open=\"\" data-aria_collapsed=\"Click to expand: Anleitung Zoom\" data-aria_expanded=\"Click to collapse: Anleitung Zoom\">Anleitung Zoom<span class=\"toggle_icon\"><span class=\"vert_icon\"><\/span><span class=\"hor_icon\"><\/span><\/span><\/p><div id='toggle-id-1' aria-labelledby='toggle-toggle-id-1' role='region' class='toggle_wrap  av-title-above'  ><div class='toggle_content invers-color '  itemprop=\"text\" ><div class=\"entry-content\">\n<div class=\"entry-the-content\">\n<p class=\"has-text-align-center\" style=\"text-align: left;\"><a href=\"\/wp-content\/uploads\/2021\/03\/Zoom-Anleitung-fu\u0308r-Computer-oder-Smartphone.pdf\">Zoom Anleitung<br \/>\n<\/a>Installation der Zoom App auf Computer und Smartphone. Erkl\u00e4rung der Bedienungselemente, Einwahl \u00fcber das Festnetz<\/p>\n<p class=\"has-text-align-center\" style=\"text-align: left;\"><a href=\"https:\/\/narcotics-anonymous.de\/wp-content\/uploads\/2021\/03\/Zoom-Anleitung-fu\u0308r-Computer-oder-Smartphone.pdf\" target=\"_blank\" rel=\"noopener\">Chair Hilfe Zoom<\/a><br \/>\nAnleitung zum chairen eines online Meetings, Host einrichten, Mikrofone und Kamera zentral ein und ausschalten<\/p>\n<p class=\"has-text-align-center\" style=\"text-align: left;\"><a href=\"\/wp-content\/uploads\/2021\/03\/Beispiel_Chairvorlage_online_Meeting.pdf\">Beispiel Chairvorlage<\/a><br \/>\nBeispiel einer Chairvorlage f\u00fcr online Meetings<\/p>\n<p class=\"has-text-align-center\" style=\"text-align: left;\"><a href=\"\/wp-content\/uploads\/2021\/03\/Meetingspra\u0308ambel_nfh_202003020.pdf\" target=\"_blank\" rel=\"noreferrer noopener\">Meetings Pr\u00e4ambel und \u201eNur f\u00fcr heute\u201c<\/a><br \/>\nAlle Pr\u00e4ambeln inklusive des \u201eNur f\u00fcr heute\u201c in einer pdf Datei zum einblenden am Anfang und Ende des Meetings<\/p>\n<p class=\"has-text-align-center\" style=\"text-align: left;\"><a href=\"https:\/\/na-berlin.de\/wp-content\/uploads\/2020\/03\/chiptime.pdf\" target=\"_blank\" rel=\"noreferrer noopener\">Chiptime<\/a><br \/>\nVirtuelle Schl\u00fcsselanh\u00e4nger mit verschiedenen Cleanzeiten als pdf Datei<\/p>\n<p class=\"has-text-align-center\" style=\"text-align: left;\"><a href=\"https:\/\/narcotics-anonymous.de\/wp-content\/uploads\/2021\/03\/zoom_sicherheits_einstellungen_20200403.pdf\" target=\"_blank\" rel=\"noreferrer noopener\">Zoom Sicherheitseinstellungen<\/a><br \/>\nEmpfehlungen f\u00fcr Zoom Sicherheitseinstellungen<\/p>\n<p class=\"has-text-align-center\" style=\"text-align: left;\"><a href=\"https:\/\/narcotics-anonymous.de\/wp-content\/uploads\/2022\/02\/bombing_notfallplan.pdf\" target=\"_blank\" rel=\"noreferrer noopener\">Zoom Bombing Notfall Plan<\/a><br \/>\nSo kann deine Meeting ein Atmosphere von Genesung trotz Zoom Bombing behalten<\/p>\n<p class=\"has-text-align-center\" style=\"text-align: left;\"><a href=\"https:\/\/narcotics-anonymous.de\/wp-content\/uploads\/2022\/02\/host_workshop_praesentation_090520.pdf\" target=\"_blank\" rel=\"noreferrer noopener\">Host Workshop<\/a><br \/>\nWichtig Infos f\u00fcr Zoom Hosts<\/p>\n<\/div>\n<\/div>\n<\/div><\/div><\/div><\/section>\n<section class='av_toggle_section av-1xd63d-c3ca6c1d121dfd758965b6b7db57381f'  itemscope=\"itemscope\" itemtype=\"https:\/\/schema.org\/CreativeWork\" ><div role=\"tablist\" class=\"single_toggle\" data-tags=\"{Alle} \"  ><p id='toggle-toggle-id-2' data-fake-id='#toggle-id-2' class='toggler  av-title-above '  itemprop=\"headline\"  role='tab' tabindex='0' aria-controls='toggle-id-2' data-slide-speed=\"200\" data-title=\"Anleitung Telefonmeetings \" data-title-open=\"\" data-aria_collapsed=\"Click to expand: Anleitung Telefonmeetings \" data-aria_expanded=\"Click to collapse: Anleitung Telefonmeetings \">Anleitung Telefonmeetings <span class=\"toggle_icon\"><span class=\"vert_icon\"><\/span><span class=\"hor_icon\"><\/span><\/span><\/p><div id='toggle-id-2' aria-labelledby='toggle-toggle-id-2' role='region' class='toggle_wrap  av-title-above'  ><div class='toggle_content invers-color '  itemprop=\"text\" ><div class=\"row beginning\">\n<div class=\"col sm-12\">\n<p><a href=\"https:\/\/narcotics-anonymous.de\/wp-content\/uploads\/2020\/06\/anonymitaet_telefonmeetings.pdf\" target=\"_blank\" rel=\"noopener\"><em>Hinweis zu Rufnummer-\u00dcbermittlung und Anonymit\u00e4t<\/em><\/a><\/p>\n<p id=\"anleitung\"><strong><span class=\"span text-center\">Anleitung zur Teilnahme am Telefonmeeting<br \/>\n<a href=\"http:\/\/www.na-telefonmeeting.de\/\" target=\"_blank\" rel=\"noopener\">http:\/\/www.na-telefonmeeting.de\/<\/a><br \/>\n<\/span><\/strong><\/p>\n<p><strong>HINWEIS: Die allgemeinen Informationen gelten auch f\u00fcr alle anderen Telefonmeetings; die jeweiligen Einwahlcodes findet ihr jeweils in der Meetingsliste<\/strong><\/p>\n<p>Morgenmeetings finden <b>Mo &#8211; Fr von 7:30 h bis 8:15 h<\/b> statt, <b>an Samstagen und Feiertagen<\/b> unter der Woche sind die Meetingszeiten <b>von 08:30 h bis 09:30 h <\/b>(ma\u00dfgeblich sind Feiertage f\u00fcr Baden-W\u00fcrttemberg; das Meeting beginnt dann sp\u00e4ter u.a. um Teilnehmern vor Ort, die mit \u00d6PNV anreisen, trotzdem die M\u00f6glichkeit zu geben, p\u00fcnktlich teilzunehmen, <b>Sonntags<\/b> findet das Telefonmeeting<b> von 10 Uhr bis 11 Uhr<\/b> statt.<\/p>\n<\/div>\n<\/div>\n<div class=\"col sm-12\">\n<p id=\"anleitung\"><strong><span class=\"span text-center\">Allgemeine Info<\/span><\/strong><\/p>\n<p>Die Einwahl ist jederzeit, auch w\u00e4hrend des Meetings, m\u00f6glich. Wichtig ist, das Meeting nicht durch unbedachtes Reinreden zu st\u00f6ren, insbesondere w\u00e4hrend der 5 min stiller Meditation, sondern einfach erst einmal abwarten und zuh\u00f6ren, bis sich eine Gelegenheit ergibt, sich zu Wort zu melden. Wenn Du nach der Eingabe des Zugangscodes eine Ansage mit der Anzahl der Meetingsteilnehmer bekommst und niemand redet, ist wahrscheinlich gerade stille Meditation.<\/p>\n<\/div>\n<hr \/>\n<div class=\"row beginning\">\n<div class=\"col sm-12\">\n<p><b>Einwahlnummer 0221-98882117<\/b><\/p>\n<p class=\"text-center\"><b>Zugangscode 382506#<br \/>\n<\/b><\/p>\n<p class=\"text-center\"><span class=\"span text-center\">Online-Zugang \u00fcber <b>freeconferencecall.com<br \/>\n<\/b><\/span>Online-Meeting ID: <b>na-telefonmeeting.de<\/b><\/p>\n<\/div>\n<\/div>\n<div class=\"row\">\n<div class=\"col col-lg-12 col-md-12 col-sm-12\">\n<p id=\"funktionen\"><strong>Wichtige Funktionen w\u00e4hrend des Meetings<\/strong><\/p>\n<p>Mit &#8220;<b> * 4 <\/b>&#8221; kann man die Bedienungsanleitung f\u00fcr Teilnehmer anh\u00f6ren. Mit &#8221; <b>* 6<\/b> &#8221; kann man die eigene Leitung w\u00e4hrend des Meetings frei schalten, wenn man teilen m\u00f6chte und wieder stumm schalten, wenn man mit dem Teilen fertig ist (die Leitungen sind von der Chairperson grunds\u00e4tzlich stummgeschaltet.)<\/p>\n<p><strong>Wichtig<\/strong>: Wenn man teilt, bitte am Ende des Teilens sofort mit *6 die eigene Leitung wieder stummschalten, sonst sind Umgebungsger\u00e4usche f\u00fcr alle h\u00f6rbar &#8211; und das st\u00f6rt das Meeting bzw. die Atmosph\u00e4re des Meetings sehr! Bitte teilt nicht \u00fcber die Freisprecheinrichtung Eures Telefons, da die Tonqualit\u00e4t dann oft nicht ausreichend ist (zum Zuh\u00f6ren bei stumm geschaltetem Micro vollkommen ok, aber zum Reden bitte umschalten und direkt ins Micro sprechen&#8230;Danke)<\/p>\n<p id=\"prinzip\">Das Prinzip der 12. Tradition, alles im Meeting Gesagte vertraulich zu behandeln, gilt auch f\u00fcr das Telefonmeeting.<\/p>\n<p>Wer trotzdem Bedenken hat bez\u00fcglich der Vertraulichkeit, kann sich gerne <a href=\"http:\/\/www.na-telefonmeeting.de\/kontakt.html\" target=\"_blank\" rel=\"noopener\">an den Telefonmeetingssupport Heidelberg wenden<\/a>.<\/p>\n<p class=\"letzterSatz\"><strong><u>Bitte noch beachten:<\/u><\/strong> Die Einwahl ist kostenlos, sofern man eine Flatrate f\u00fcrs deutsche Festnetz besitzt und der eigene Telefonvertrag KEINE SONDERKLAUSEL enth\u00e4lt, die unsere Nummer als Sondernummer einstuft (besser vorher nachfragen!).<\/p>\n<\/div>\n<\/div>\n<\/div><\/div><\/div><\/section>\n<section class='av_toggle_section av-2moy61-ff8299b8226b003376d48606e28c097b'  itemscope=\"itemscope\" itemtype=\"https:\/\/schema.org\/CreativeWork\" ><div role=\"tablist\" class=\"single_toggle\" data-tags=\"{Alle} \"  ><p id='toggle-toggle-id-3' data-fake-id='#toggle-id-3' class='toggler  av-title-above '  itemprop=\"headline\"  role='tab' tabindex='0' aria-controls='toggle-id-3' data-slide-speed=\"200\" data-title=\"Materialien f\u00fcr Meetings \" data-title-open=\"\" data-aria_collapsed=\"Click to expand: Materialien f\u00fcr Meetings \" data-aria_expanded=\"Click to collapse: Materialien f\u00fcr Meetings \">Materialien f\u00fcr Meetings <span class=\"toggle_icon\"><span class=\"vert_icon\"><\/span><span class=\"hor_icon\"><\/span><\/span><\/p><div id='toggle-id-3' aria-labelledby='toggle-toggle-id-3' role='region' class='toggle_wrap  av-title-above'  ><div class='toggle_content invers-color '  itemprop=\"text\" ><p>Online-Meetings funktionieren vom Ablauf her genauso wie regul\u00e4re f2f-Meetings.<br \/>\nEinige hilfreiche Unterlagen und Vorlagen findest du <a href=\"\/portfolio-item\/meeting-gruenden\/\">hier<\/a><\/p>\n<\/div><\/div><\/div><\/section>\n<\/div><\/p><\/div><\/div><!--close column table wrapper. Autoclose: 1 -->\n\n","protected":false},"excerpt":{"rendered":"","protected":false},"author":1,"featured_media":0,"parent":0,"menu_order":0,"comment_status":"closed","ping_status":"closed","template":"","meta":{"footnotes":""},"class_list":["post-6634","page","type-page","status-publish","hentry"],"_links":{"self":[{"href":"https:\/\/na-dev.de\/sued\/wp-json\/wp\/v2\/pages\/6634","targetHints":{"allow":["GET"]}}],"collection":[{"href":"https:\/\/na-dev.de\/sued\/wp-json\/wp\/v2\/pages"}],"about":[{"href":"https:\/\/na-dev.de\/sued\/wp-json\/wp\/v2\/types\/page"}],"author":[{"embeddable":true,"href":"https:\/\/na-dev.de\/sued\/wp-json\/wp\/v2\/users\/1"}],"replies":[{"embeddable":true,"href":"https:\/\/na-dev.de\/sued\/wp-json\/wp\/v2\/comments?post=6634"}],"version-history":[{"count":0,"href":"https:\/\/na-dev.de\/sued\/wp-json\/wp\/v2\/pages\/6634\/revisions"}],"wp:attachment":[{"href":"https:\/\/na-dev.de\/sued\/wp-json\/wp\/v2\/media?parent=6634"}],"curies":[{"name":"wp","href":"https:\/\/api.w.org\/{rel}","templated":true}]}}